{"id":9414,"date":"2024-06-24T13:56:34","date_gmt":"2024-06-24T11:56:34","guid":{"rendered":"https:\/\/juvigo.fr\/magazine\/?page_id=9414"},"modified":"2025-10-07T17:24:40","modified_gmt":"2025-10-07T15:24:40","slug":"evaluation-participants","status":"publish","type":"page","link":"https:\/\/juvigo.fr\/magazine\/evaluation-participants\/","title":{"rendered":"Les avis et t\u00e9moignages des enfants"},"content":{"rendered":"\n<h2 class=\"wp-block-heading teilnehmererfahrungen\">Les avis et t\u00e9moignages des enfants<\/h2>\n\n\n\n<p class=\"teilnehmererfahrungen\">Vous vous demandez ce qui pla\u00eet le plus aux enfants lors de leur s\u00e9jour en colonie de vacances pendant l&#8217;\u00e9t\u00e9? Ici vous pouvez lire les avis et commentaires des adolescents et et des jeunes sur leurs activit\u00e9s favorites, la plus folle, ou bien sur l\u2019excursion la plus int\u00e9ressante ou amusante qu\u2019ils aient fait! Qui a \u00e9t\u00e9 le moniteur le plus dr\u00f4le? Combien de nouvelles amiti\u00e9s se sont cr\u00e9\u00e9es? L\u2019apprentissage de la cuisson des marshmallow au feu de camp, les Olympiades, la construction d\u2019un radeau dans un camp de survie ont-ils \u00e9t\u00e9 les activit\u00e9s phares du s\u00e9jour?<\/p>\n\n\n\n<iframe id=\"juvigo_ibe\" src=\"https:\/\/ibe.juvigo.fr\/embed\/reviews\" frameborder=\"0\" scrolling=\"no\" style=\"overflow:hidden;\" width=\"100%\"><\/iframe>\n","protected":false},"excerpt":{"rendered":"<p>Les avis et t\u00e9moignages des enfants Vous vous demandez ce qui pla\u00eet le plus aux enfants lors de leur s\u00e9jour en colonie de vacances pendant l&#8217;\u00e9t\u00e9? Ici vous pouvez lire les avis et commentaires des adolescents et et des jeunes sur leurs activit\u00e9s favorites, la plus folle, ou bien sur l\u2019excursion la plus int\u00e9ressante ou [&hellip;]<\/p>\n","protected":false},"author":3,"featured_media":0,"parent":0,"menu_order":0,"comment_status":"closed","ping_status":"closed","template":"redux-templates_full_width","meta":{"advgb_blocks_editor_width":"","advgb_blocks_columns_visual_guide":"","footnotes":"","_links_to":"","_links_to_target":""},"categories":[],"tags":[],"class_list":["post-9414","page","type-page","status-publish","hentry"],"yoast_head":"<!-- This site is optimized with the Yoast SEO plugin v24.8.1 - https:\/\/yoast.com\/wordpress\/plugins\/seo\/ -->\n<title>Les avis et t\u00e9moignages des enfants - Juvigo Magazine<\/title>\n<meta name=\"description\" content=\"Participez \u00e0 l&#039;\u00e9valuation des s\u00e9jours : partagez vos retours sur les activit\u00e9s et l&#039;encadrement pour am\u00e9liorer nos prochaines \u00e9ditions .\" \/>\n<meta name=\"robots\" content=\"index, follow, max-snippet:-1, max-image-preview:large, max-video-preview:-1\" \/>\n<link rel=\"canonical\" href=\"https:\/\/juvigo.fr\/magazine\/evaluation-participants\/\" \/>\n<meta property=\"og:locale\" content=\"fr_FR\" \/>\n<meta property=\"og:type\" content=\"article\" \/>\n<meta property=\"og:title\" content=\"Les avis et t\u00e9moignages des enfants - Juvigo Magazine\" \/>\n<meta property=\"og:description\" content=\"Participez \u00e0 l&#039;\u00e9valuation des s\u00e9jours : partagez vos retours sur les activit\u00e9s et l&#039;encadrement pour am\u00e9liorer nos prochaines \u00e9ditions .\" \/>\n<meta property=\"og:url\" content=\"https:\/\/juvigo.fr\/magazine\/evaluation-participants\/\" \/>\n<meta property=\"og:site_name\" content=\"Magazine\" \/>\n<meta property=\"article:publisher\" content=\"https:\/\/de-de.facebook.com\/meinjuvigo\" \/>\n<meta property=\"article:modified_time\" content=\"2025-10-07T15:24:40+00:00\" \/>\n<meta property=\"og:image\" content=\"https:\/\/juvigo.fr\/magazine\/wp-content\/uploads\/2019\/02\/banner-small-1.jpg\" \/>\n\t<meta property=\"og:image:width\" content=\"1440\" \/>\n\t<meta property=\"og:image:height\" content=\"590\" \/>\n\t<meta property=\"og:image:type\" content=\"image\/jpeg\" \/>\n<meta name=\"twitter:card\" content=\"summary_large_image\" \/>\n<meta name=\"twitter:site\" content=\"@meinjuvigo\" \/>\n<meta name=\"twitter:label1\" content=\"Est. reading time\" \/>\n\t<meta name=\"twitter:data1\" content=\"1 minute\" \/>\n<script type=\"application\/ld+json\" class=\"yoast-schema-graph\">{\"@context\":\"https:\/\/schema.org\",\"@graph\":[{\"@type\":\"WebPage\",\"@id\":\"https:\/\/juvigo.fr\/magazine\/evaluation-participants\/\",\"url\":\"https:\/\/juvigo.fr\/magazine\/evaluation-participants\/\",\"name\":\"Les avis et t\u00e9moignages des enfants - Juvigo Magazine\",\"isPartOf\":{\"@id\":\"https:\/\/juvigo.fr\/magazine\/#website\"},\"datePublished\":\"2024-06-24T11:56:34+00:00\",\"dateModified\":\"2025-10-07T15:24:40+00:00\",\"description\":\"Participez \u00e0 l'\u00e9valuation des s\u00e9jours : partagez vos retours sur les activit\u00e9s et l'encadrement pour am\u00e9liorer nos prochaines \u00e9ditions .\",\"breadcrumb\":{\"@id\":\"https:\/\/juvigo.fr\/magazine\/evaluation-participants\/#breadcrumb\"},\"inLanguage\":\"fr\",\"potentialAction\":[{\"@type\":\"ReadAction\",\"target\":[\"https:\/\/juvigo.fr\/magazine\/evaluation-participants\/\"]}]},{\"@type\":\"BreadcrumbList\",\"@id\":\"https:\/\/juvigo.fr\/magazine\/evaluation-participants\/#breadcrumb\",\"itemListElement\":[{\"@type\":\"ListItem\",\"position\":1,\"name\":\"Juvigo-Magazine\",\"item\":\"https:\/\/juvigo.fr\/magazine\/\"},{\"@type\":\"ListItem\",\"position\":2,\"name\":\"Les avis et t\u00e9moignages des enfants\"}]},{\"@type\":\"WebSite\",\"@id\":\"https:\/\/juvigo.fr\/magazine\/#website\",\"url\":\"https:\/\/juvigo.fr\/magazine\/\",\"name\":\"Magazine\",\"description\":\"Magazine Juvigo - Ton magazine sur les colonies de vacances et s\u00e9jours linguistiques.\",\"publisher\":{\"@id\":\"https:\/\/juvigo.fr\/magazine\/#organization\"},\"potentialAction\":[{\"@type\":\"SearchAction\",\"target\":{\"@type\":\"EntryPoint\",\"urlTemplate\":\"https:\/\/juvigo.fr\/magazine\/?s={search_term_string}\"},\"query-input\":{\"@type\":\"PropertyValueSpecification\",\"valueRequired\":true,\"valueName\":\"search_term_string\"}}],\"inLanguage\":\"fr\"},{\"@type\":\"Organization\",\"@id\":\"https:\/\/juvigo.fr\/magazine\/#organization\",\"name\":\"Juvigo GmbH\",\"url\":\"https:\/\/juvigo.fr\/magazine\/\",\"logo\":{\"@type\":\"ImageObject\",\"inLanguage\":\"fr\",\"@id\":\"https:\/\/juvigo.fr\/magazine\/#\/schema\/logo\/image\/\",\"url\":\"https:\/\/juvigo.fr\/magazine\/wp-content\/uploads\/2022\/02\/magazine_logo_scaled.png\",\"contentUrl\":\"https:\/\/juvigo.fr\/magazine\/wp-content\/uploads\/2022\/02\/magazine_logo_scaled.png\",\"width\":240,\"height\":100,\"caption\":\"Juvigo GmbH\"},\"image\":{\"@id\":\"https:\/\/juvigo.fr\/magazine\/#\/schema\/logo\/image\/\"},\"sameAs\":[\"https:\/\/de-de.facebook.com\/meinjuvigo\",\"https:\/\/x.com\/meinjuvigo\",\"http:\/\/instagram.com\/juvigo_de\/\"]}]}<\/script>\n<!-- \/ Yoast SEO plugin. -->","yoast_head_json":{"title":"Les avis et t\u00e9moignages des enfants - Juvigo Magazine","description":"Participez \u00e0 l'\u00e9valuation des s\u00e9jours : partagez vos retours sur les activit\u00e9s et l'encadrement pour am\u00e9liorer nos prochaines \u00e9ditions .","robots":{"index":"index","follow":"follow","max-snippet":"max-snippet:-1","max-image-preview":"max-image-preview:large","max-video-preview":"max-video-preview:-1"},"canonical":"https:\/\/juvigo.fr\/magazine\/evaluation-participants\/","og_locale":"fr_FR","og_type":"article","og_title":"Les avis et t\u00e9moignages des enfants - Juvigo Magazine","og_description":"Participez \u00e0 l'\u00e9valuation des s\u00e9jours : partagez vos retours sur les activit\u00e9s et l'encadrement pour am\u00e9liorer nos prochaines \u00e9ditions .","og_url":"https:\/\/juvigo.fr\/magazine\/evaluation-participants\/","og_site_name":"Magazine","article_publisher":"https:\/\/de-de.facebook.com\/meinjuvigo","article_modified_time":"2025-10-07T15:24:40+00:00","og_image":[{"width":1440,"height":590,"url":"https:\/\/juvigo.fr\/magazine\/wp-content\/uploads\/2019\/02\/banner-small-1.jpg","type":"image\/jpeg"}],"twitter_card":"summary_large_image","twitter_site":"@meinjuvigo","twitter_misc":{"Est. reading time":"1 minute"},"schema":{"@context":"https:\/\/schema.org","@graph":[{"@type":"WebPage","@id":"https:\/\/juvigo.fr\/magazine\/evaluation-participants\/","url":"https:\/\/juvigo.fr\/magazine\/evaluation-participants\/","name":"Les avis et t\u00e9moignages des enfants - Juvigo Magazine","isPartOf":{"@id":"https:\/\/juvigo.fr\/magazine\/#website"},"datePublished":"2024-06-24T11:56:34+00:00","dateModified":"2025-10-07T15:24:40+00:00","description":"Participez \u00e0 l'\u00e9valuation des s\u00e9jours : partagez vos retours sur les activit\u00e9s et l'encadrement pour am\u00e9liorer nos prochaines \u00e9ditions .","breadcrumb":{"@id":"https:\/\/juvigo.fr\/magazine\/evaluation-participants\/#breadcrumb"},"inLanguage":"fr","potentialAction":[{"@type":"ReadAction","target":["https:\/\/juvigo.fr\/magazine\/evaluation-participants\/"]}]},{"@type":"BreadcrumbList","@id":"https:\/\/juvigo.fr\/magazine\/evaluation-participants\/#breadcrumb","itemListElement":[{"@type":"ListItem","position":1,"name":"Juvigo-Magazine","item":"https:\/\/juvigo.fr\/magazine\/"},{"@type":"ListItem","position":2,"name":"Les avis et t\u00e9moignages des enfants"}]},{"@type":"WebSite","@id":"https:\/\/juvigo.fr\/magazine\/#website","url":"https:\/\/juvigo.fr\/magazine\/","name":"Magazine","description":"Magazine Juvigo - Ton magazine sur les colonies de vacances et s\u00e9jours linguistiques.","publisher":{"@id":"https:\/\/juvigo.fr\/magazine\/#organization"},"potentialAction":[{"@type":"SearchAction","target":{"@type":"EntryPoint","urlTemplate":"https:\/\/juvigo.fr\/magazine\/?s={search_term_string}"},"query-input":{"@type":"PropertyValueSpecification","valueRequired":true,"valueName":"search_term_string"}}],"inLanguage":"fr"},{"@type":"Organization","@id":"https:\/\/juvigo.fr\/magazine\/#organization","name":"Juvigo GmbH","url":"https:\/\/juvigo.fr\/magazine\/","logo":{"@type":"ImageObject","inLanguage":"fr","@id":"https:\/\/juvigo.fr\/magazine\/#\/schema\/logo\/image\/","url":"https:\/\/juvigo.fr\/magazine\/wp-content\/uploads\/2022\/02\/magazine_logo_scaled.png","contentUrl":"https:\/\/juvigo.fr\/magazine\/wp-content\/uploads\/2022\/02\/magazine_logo_scaled.png","width":240,"height":100,"caption":"Juvigo GmbH"},"image":{"@id":"https:\/\/juvigo.fr\/magazine\/#\/schema\/logo\/image\/"},"sameAs":["https:\/\/de-de.facebook.com\/meinjuvigo","https:\/\/x.com\/meinjuvigo","http:\/\/instagram.com\/juvigo_de\/"]}]}},"wps_subtitle":"","coauthors":[],"author_meta":{"author_link":"https:\/\/juvigo.fr\/magazine\/author\/max\/","display_name":"Max"},"relative_dates":{"created":"Posted 2 years ago","modified":"Updated 7 months ago"},"absolute_dates":{"created":"Posted on 24-06-2024","modified":"Updated on 07-10-2025"},"absolute_dates_time":{"created":"Posted on 24-06-2024 13:56","modified":"Updated on 07-10-2025 17:24"},"featured_img_caption":"","featured_img":false,"series_order":"","_links":{"self":[{"href":"https:\/\/juvigo.fr\/magazine\/wp-json\/wp\/v2\/pages\/9414","targetHints":{"allow":["GET"]}}],"collection":[{"href":"https:\/\/juvigo.fr\/magazine\/wp-json\/wp\/v2\/pages"}],"about":[{"href":"https:\/\/juvigo.fr\/magazine\/wp-json\/wp\/v2\/types\/page"}],"author":[{"embeddable":true,"href":"https:\/\/juvigo.fr\/magazine\/wp-json\/wp\/v2\/users\/3"}],"replies":[{"embeddable":true,"href":"https:\/\/juvigo.fr\/magazine\/wp-json\/wp\/v2\/comments?post=9414"}],"version-history":[{"count":5,"href":"https:\/\/juvigo.fr\/magazine\/wp-json\/wp\/v2\/pages\/9414\/revisions"}],"predecessor-version":[{"id":9465,"href":"https:\/\/juvigo.fr\/magazine\/wp-json\/wp\/v2\/pages\/9414\/revisions\/9465"}],"wp:attachment":[{"href":"https:\/\/juvigo.fr\/magazine\/wp-json\/wp\/v2\/media?parent=9414"}],"wp:term":[{"taxonomy":"category","embeddable":true,"href":"https:\/\/juvigo.fr\/magazine\/wp-json\/wp\/v2\/categories?post=9414"},{"taxonomy":"post_tag","embeddable":true,"href":"https:\/\/juvigo.fr\/magazine\/wp-json\/wp\/v2\/tags?post=9414"}],"curies":[{"name":"wp","href":"https:\/\/api.w.org\/{rel}","templated":true}]}}