{"id":9405,"date":"2024-06-24T13:53:44","date_gmt":"2024-06-24T11:53:44","guid":{"rendered":"https:\/\/juvigo.fr\/magazine\/?page_id=9405"},"modified":"2025-10-07T17:22:13","modified_gmt":"2025-10-07T15:22:13","slug":"avis","status":"publish","type":"page","link":"https:\/\/juvigo.fr\/magazine\/avis\/","title":{"rendered":"Exp\u00e9riences et commentaires des clients sur Juvigo"},"content":{"rendered":"\n<p>Permettre aux enfants et aux adolescents de vivre de magnifiques exp\u00e9riences de vacances &#8211; voil\u00e0 ce qui nous motive chaque jour chez Juvigo. Nous sommes profond\u00e9ment inspir\u00e9s par les jeunes qui voyagent \u00e0 travers le monde et sommes en contact avec eux quotidiennement.<\/p>\n\n\n\n<p>Ce que nous pouvons dire de nous-m\u00eame est certe une chose. Mais ce que nos partenaires &#8211; moniteurs, animateurs, enfants et parents &#8211; pensent de nous, repr\u00e9sente \u00e0 nos yeux bien plus encore. Sur cette page, vous trouverez leurs avis et commentaires, d\u00e9crivant leurs propres exp\u00e9riences avec Juvigo.<\/p>\n\n\n\n<div class=\"wp-block-columns is-layout-flex wp-container-core-columns-is-layout-1 wp-block-columns-is-layout-flex\">\n<div class=\"wp-block-column ubju is-layout-flow wp-block-column-is-layout-flow\">\n<figure class=\"wp-block-image size-full ubju\"><a href=\"https:\/\/juvigo.fr\/magazine\/evaluation-partenaires\/\"><img decoding=\"async\" width=\"1024\" height=\"683\" data-src=\"https:\/\/juvigo.fr\/magazine\/wp-content\/uploads\/2024\/06\/juvigo-erfahrungen-partner.jpg\" alt=\"\" class=\"wp-image-9408 lazyload\" style=\"--smush-placeholder-width: 1024px; --smush-placeholder-aspect-ratio: 1024\/683;aspect-ratio:16\/9;object-fit:cover\" data-srcset=\"https:\/\/juvigo.fr\/magazine\/wp-content\/uploads\/2024\/06\/juvigo-erfahrungen-partner.jpg 1024w, https:\/\/juvigo.fr\/magazine\/wp-content\/uploads\/2024\/06\/juvigo-erfahrungen-partner-300x200.jpg 300w, https:\/\/juvigo.fr\/magazine\/wp-content\/uploads\/2024\/06\/juvigo-erfahrungen-partner-768x512.jpg 768w, https:\/\/juvigo.fr\/magazine\/wp-content\/uploads\/2024\/06\/juvigo-erfahrungen-partner-600x400.jpg 600w, https:\/\/juvigo.fr\/magazine\/wp-content\/uploads\/2024\/06\/juvigo-erfahrungen-partner-800x534.jpg 800w, https:\/\/juvigo.fr\/magazine\/wp-content\/uploads\/2024\/06\/juvigo-erfahrungen-partner-227x152.jpg 227w, https:\/\/juvigo.fr\/magazine\/wp-content\/uploads\/2024\/06\/juvigo-erfahrungen-partner-143x96.jpg 143w, https:\/\/juvigo.fr\/magazine\/wp-content\/uploads\/2024\/06\/juvigo-erfahrungen-partner-585x390.jpg 585w, https:\/\/juvigo.fr\/magazine\/wp-content\/uploads\/2024\/06\/juvigo-erfahrungen-partner-385x257.jpg 385w\" data-sizes=\"(max-width: 1024px) 100vw, 1024px\" src=\"data:image\/gif;base64,R0lGODlhAQABAAAAACH5BAEKAAEALAAAAAABAAEAAAICTAEAOw==\" \/><\/a><\/figure>\n\n\n\n<div class=\"wp-block-buttons is-content-justification-center is-nowrap is-layout-flex wp-container-core-buttons-is-layout-1 wp-block-buttons-is-layout-flex\">\n<div class=\"wp-block-button has-custom-width wp-block-button__width-100 has-custom-font-size is-style-fill has-small-font-size\"><a class=\"wp-block-button__link has-trawell-acc-background-color has-background wp-element-button\" href=\"https:\/\/juvigo.fr\/magazine\/evaluation-partenaires\/\" style=\"border-radius:0px\">Partenaires<\/a><\/div>\n<\/div>\n<\/div>\n\n\n\n<div class=\"wp-block-column ubju is-layout-flow wp-block-column-is-layout-flow\">\n<figure class=\"wp-block-image size-full ubju\"><a href=\"https:\/\/juvigo.fr\/magazine\/evaluation-participants\/\"><img decoding=\"async\" width=\"511\" height=\"404\" data-src=\"https:\/\/juvigo.fr\/magazine\/wp-content\/uploads\/2024\/06\/juvigo-erfahrungen-teilnehmer.jpg\" alt=\"\" class=\"wp-image-9409 lazyload\" style=\"--smush-placeholder-width: 511px; --smush-placeholder-aspect-ratio: 511\/404;aspect-ratio:16\/9;object-fit:cover\" data-srcset=\"https:\/\/juvigo.fr\/magazine\/wp-content\/uploads\/2024\/06\/juvigo-erfahrungen-teilnehmer.jpg 511w, https:\/\/juvigo.fr\/magazine\/wp-content\/uploads\/2024\/06\/juvigo-erfahrungen-teilnehmer-300x237.jpg 300w\" data-sizes=\"(max-width: 511px) 100vw, 511px\" src=\"data:image\/gif;base64,R0lGODlhAQABAAAAACH5BAEKAAEALAAAAAABAAEAAAICTAEAOw==\" \/><\/a><\/figure>\n\n\n\n<div class=\"wp-block-buttons is-layout-flex wp-container-core-buttons-is-layout-2 wp-block-buttons-is-layout-flex\">\n<div class=\"wp-block-button has-custom-width wp-block-button__width-100 has-custom-font-size has-small-font-size\"><a class=\"wp-block-button__link has-trawell-acc-background-color has-background wp-element-button\" href=\"https:\/\/juvigo.fr\/magazine\/evaluation-participants\/\" style=\"border-radius:0px\">Participants<\/a><\/div>\n<\/div>\n<\/div>\n\n\n\n<div class=\"wp-block-column ubju is-layout-flow wp-block-column-is-layout-flow\">\n<figure class=\"wp-block-image size-full ubju\"><a href=\"https:\/\/www.avis-verifies.com\/avis-clients\/juvigo.fr\" target=\"_blank\" rel=\"noreferrer noopener\"><img decoding=\"async\" width=\"800\" height=\"439\" data-src=\"https:\/\/juvigo.fr\/magazine\/wp-content\/uploads\/2024\/06\/juvigo-erfahrungen-eltern.jpg\" alt=\"\" class=\"wp-image-9410 lazyload\" style=\"--smush-placeholder-width: 800px; --smush-placeholder-aspect-ratio: 800\/439;aspect-ratio:16\/9;object-fit:cover\" data-srcset=\"https:\/\/juvigo.fr\/magazine\/wp-content\/uploads\/2024\/06\/juvigo-erfahrungen-eltern.jpg 800w, https:\/\/juvigo.fr\/magazine\/wp-content\/uploads\/2024\/06\/juvigo-erfahrungen-eltern-300x165.jpg 300w, https:\/\/juvigo.fr\/magazine\/wp-content\/uploads\/2024\/06\/juvigo-erfahrungen-eltern-768x421.jpg 768w, https:\/\/juvigo.fr\/magazine\/wp-content\/uploads\/2024\/06\/juvigo-erfahrungen-eltern-600x329.jpg 600w\" data-sizes=\"(max-width: 800px) 100vw, 800px\" src=\"data:image\/gif;base64,R0lGODlhAQABAAAAACH5BAEKAAEALAAAAAABAAEAAAICTAEAOw==\" \/><\/a><\/figure>\n\n\n\n<div class=\"wp-block-buttons is-layout-flex wp-block-buttons-is-layout-flex\">\n<div class=\"wp-block-button has-custom-width wp-block-button__width-100 has-custom-font-size has-small-font-size\"><a class=\"wp-block-button__link has-trawell-acc-background-color has-background wp-element-button\" href=\"https:\/\/www.avis-verifies.com\/avis-clients\/juvigo.fr\" style=\"border-radius:0px\" target=\"_blank\" rel=\"noreferrer noopener\">Parents<\/a><\/div>\n<\/div>\n<\/div>\n<\/div>\n\n\n\n<h2 class=\"wp-block-heading\">T\u00e9moignages de parents, d\u2019enfants et d\u2019adolescents<\/h2>\n\n\n\n<p>Kira nous donne son avis sur la nourriture du s\u00e9jour des jeunes (qu\u2019elle n\u2019a pas toujours aim\u00e9 d\u2019ailleurs), des plus belles exp\u00e9riences au lac Balaton en Hongrie et du jour des adieux qui ont fini en larmes. Nous avons eu le retour d\u2019une m\u00e8re racontant qu\u2019elle a d\u00fb persuader sa fille de partir en colonie de vacances pendant longtemps, mais qu\u2019au final sa fille ne voulait plus rentrer! Vous pouvez \u00e9galement trouver d\u2019autres t\u00e9moignages et avis sur notre page Facebook. Avez-vous d\u00e9j\u00e0 vous-m\u00eame voyag\u00e9 avec Juvigo? Faites nous savoir si vous avez appr\u00e9ci\u00e9 votre voyage!<\/p>\n\n\n\n<h2 class=\"wp-block-heading\">Nos partenaires font un bilan sur notre coop\u00e9ration<\/h2>\n\n\n\n<p>Lisez ce que les autres pensent de Juvigo. C&#8217;est l\u00e0 que nos partenaires &#8211; g\u00e9n\u00e9ralement les prestataires de camps de vacances ou encore notre compagnie d&#8217;assurance voyage &#8211; vous expliquent comment fonctionnent nos partenariats.<\/p>\n\n\n\n<h2 class=\"wp-block-heading\">Les parents nous font part de leur exp\u00e9rience avec notre service client\u00e8le<\/h2>\n\n\n\n<p>Renseignez vous sur la fa\u00e7on dont les parents ont v\u00e9cu l&#8217;exp\u00e9rience client Juvigo. Le contact personnel est tr\u00e8s important pour nous.<\/p>\n\n\n\n<h2 class=\"wp-block-heading\">Commentaires des parents, adolescents et enfants<\/h2>\n\n\n\n<p>Kira nous parle des amiti\u00e9s qu\u2019elle a cr\u00e9\u00e9e, de ses plus belles exp\u00e9riences au lac Balaton en Hongrie, ou des larmes qu\u2019elle a vers\u00e9e lorsqu\u2019il \u00e9tait temps de repartir. Une m\u00e8re raconte comment elle a d\u00fb, pendant longtemps, persuader sa fille d&#8217;aller en colonie de vacances, et comment cette derni\u00e8re, \u00e0 la fin du s\u00e9jour, ne voulait m\u00eame plus rentrer \u00e0 la maison. Vous trouverez ici de nombreux t\u00e9moignages personnels. Avez-vous d\u00e9j\u00e0 vous-m\u00eame particip\u00e9 \u00e0 un voyage organis\u00e9 par Juvigo ? Faites-nous part de vos avis !<\/p>\n\n\n\n<div class=\"skeepers_carousel_container\" data-slides-count=\"3\"><\/div><script async charset=\"utf-8\" src=\"\/\/widgets.rr.skeepers.io\/carousel\/9b9688b9-0a5e-f0e4-4549-9e5d3b0c88d6\/b4e9b7fe-8b36-49c6-8ddd-266138ac8c8b.js\"><\/script>\n","protected":false},"excerpt":{"rendered":"<p>Permettre aux enfants et aux adolescents de vivre de magnifiques exp\u00e9riences de vacances &#8211; voil\u00e0 ce qui nous motive chaque jour chez Juvigo. Nous sommes profond\u00e9ment inspir\u00e9s par les jeunes qui voyagent \u00e0 travers le monde et sommes en contact avec eux quotidiennement. Ce que nous pouvons dire de nous-m\u00eame est certe une chose. Mais [&hellip;]<\/p>\n","protected":false},"author":3,"featured_media":9346,"parent":0,"menu_order":0,"comment_status":"closed","ping_status":"closed","template":"","meta":{"advgb_blocks_editor_width":"","advgb_blocks_columns_visual_guide":"","footnotes":"","_links_to":"","_links_to_target":""},"categories":[],"tags":[],"class_list":["post-9405","page","type-page","status-publish","has-post-thumbnail","hentry"],"yoast_head":"<!-- This site is optimized with the Yoast SEO plugin v24.8.1 - https:\/\/yoast.com\/wordpress\/plugins\/seo\/ -->\n<title>Exp\u00e9riences et commentaires des clients sur Juvigo - Juvigo Magazine<\/title>\n<meta name=\"description\" content=\"Lisez les avis des participants aux colonies de vacances Juvigo : retours sur les activit\u00e9s, l&#039;encadrement et les moments inoubliables.\" \/>\n<meta name=\"robots\" content=\"index, follow, max-snippet:-1, max-image-preview:large, max-video-preview:-1\" \/>\n<link rel=\"canonical\" href=\"https:\/\/juvigo.fr\/magazine\/avis\/\" \/>\n<meta property=\"og:locale\" content=\"fr_FR\" \/>\n<meta property=\"og:type\" content=\"article\" \/>\n<meta property=\"og:title\" content=\"Exp\u00e9riences et commentaires des clients sur Juvigo - Juvigo Magazine\" \/>\n<meta property=\"og:description\" content=\"Lisez les avis des participants aux colonies de vacances Juvigo : retours sur les activit\u00e9s, l&#039;encadrement et les moments inoubliables.\" \/>\n<meta property=\"og:url\" content=\"https:\/\/juvigo.fr\/magazine\/avis\/\" \/>\n<meta property=\"og:site_name\" content=\"Magazine\" \/>\n<meta property=\"article:publisher\" content=\"https:\/\/de-de.facebook.com\/meinjuvigo\" \/>\n<meta property=\"article:modified_time\" content=\"2025-10-07T15:22:13+00:00\" \/>\n<meta property=\"og:image\" content=\"https:\/\/juvigo.fr\/magazine\/wp-content\/uploads\/2024\/06\/camping-4303357_1920.jpg\" \/>\n\t<meta property=\"og:image:width\" content=\"1920\" \/>\n\t<meta property=\"og:image:height\" content=\"1080\" \/>\n\t<meta property=\"og:image:type\" content=\"image\/jpeg\" \/>\n<meta name=\"twitter:card\" content=\"summary_large_image\" \/>\n<meta name=\"twitter:site\" content=\"@meinjuvigo\" \/>\n<meta name=\"twitter:label1\" content=\"Est. reading time\" \/>\n\t<meta name=\"twitter:data1\" content=\"3 minutes\" \/>\n<script type=\"application\/ld+json\" class=\"yoast-schema-graph\">{\"@context\":\"https:\/\/schema.org\",\"@graph\":[{\"@type\":\"WebPage\",\"@id\":\"https:\/\/juvigo.fr\/magazine\/avis\/\",\"url\":\"https:\/\/juvigo.fr\/magazine\/avis\/\",\"name\":\"Exp\u00e9riences et commentaires des clients sur Juvigo - Juvigo Magazine\",\"isPartOf\":{\"@id\":\"https:\/\/juvigo.fr\/magazine\/#website\"},\"primaryImageOfPage\":{\"@id\":\"https:\/\/juvigo.fr\/magazine\/avis\/#primaryimage\"},\"image\":{\"@id\":\"https:\/\/juvigo.fr\/magazine\/avis\/#primaryimage\"},\"thumbnailUrl\":\"https:\/\/juvigo.fr\/magazine\/wp-content\/uploads\/2024\/06\/camping-4303357_1920.jpg\",\"datePublished\":\"2024-06-24T11:53:44+00:00\",\"dateModified\":\"2025-10-07T15:22:13+00:00\",\"description\":\"Lisez les avis des participants aux colonies de vacances Juvigo : retours sur les activit\u00e9s, l'encadrement et les moments inoubliables.\",\"breadcrumb\":{\"@id\":\"https:\/\/juvigo.fr\/magazine\/avis\/#breadcrumb\"},\"inLanguage\":\"fr\",\"potentialAction\":[{\"@type\":\"ReadAction\",\"target\":[\"https:\/\/juvigo.fr\/magazine\/avis\/\"]}]},{\"@type\":\"ImageObject\",\"inLanguage\":\"fr\",\"@id\":\"https:\/\/juvigo.fr\/magazine\/avis\/#primaryimage\",\"url\":\"https:\/\/juvigo.fr\/magazine\/wp-content\/uploads\/2024\/06\/camping-4303357_1920.jpg\",\"contentUrl\":\"https:\/\/juvigo.fr\/magazine\/wp-content\/uploads\/2024\/06\/camping-4303357_1920.jpg\",\"width\":1920,\"height\":1080},{\"@type\":\"BreadcrumbList\",\"@id\":\"https:\/\/juvigo.fr\/magazine\/avis\/#breadcrumb\",\"itemListElement\":[{\"@type\":\"ListItem\",\"position\":1,\"name\":\"Juvigo-Magazine\",\"item\":\"https:\/\/juvigo.fr\/magazine\/\"},{\"@type\":\"ListItem\",\"position\":2,\"name\":\"Exp\u00e9riences et commentaires des clients sur Juvigo\"}]},{\"@type\":\"WebSite\",\"@id\":\"https:\/\/juvigo.fr\/magazine\/#website\",\"url\":\"https:\/\/juvigo.fr\/magazine\/\",\"name\":\"Magazine\",\"description\":\"Magazine Juvigo - Ton magazine sur les colonies de vacances et s\u00e9jours linguistiques.\",\"publisher\":{\"@id\":\"https:\/\/juvigo.fr\/magazine\/#organization\"},\"potentialAction\":[{\"@type\":\"SearchAction\",\"target\":{\"@type\":\"EntryPoint\",\"urlTemplate\":\"https:\/\/juvigo.fr\/magazine\/?s={search_term_string}\"},\"query-input\":{\"@type\":\"PropertyValueSpecification\",\"valueRequired\":true,\"valueName\":\"search_term_string\"}}],\"inLanguage\":\"fr\"},{\"@type\":\"Organization\",\"@id\":\"https:\/\/juvigo.fr\/magazine\/#organization\",\"name\":\"Juvigo GmbH\",\"url\":\"https:\/\/juvigo.fr\/magazine\/\",\"logo\":{\"@type\":\"ImageObject\",\"inLanguage\":\"fr\",\"@id\":\"https:\/\/juvigo.fr\/magazine\/#\/schema\/logo\/image\/\",\"url\":\"https:\/\/juvigo.fr\/magazine\/wp-content\/uploads\/2022\/02\/magazine_logo_scaled.png\",\"contentUrl\":\"https:\/\/juvigo.fr\/magazine\/wp-content\/uploads\/2022\/02\/magazine_logo_scaled.png\",\"width\":240,\"height\":100,\"caption\":\"Juvigo GmbH\"},\"image\":{\"@id\":\"https:\/\/juvigo.fr\/magazine\/#\/schema\/logo\/image\/\"},\"sameAs\":[\"https:\/\/de-de.facebook.com\/meinjuvigo\",\"https:\/\/x.com\/meinjuvigo\",\"http:\/\/instagram.com\/juvigo_de\/\"]}]}<\/script>\n<!-- \/ Yoast SEO plugin. -->","yoast_head_json":{"title":"Exp\u00e9riences et commentaires des clients sur Juvigo - Juvigo Magazine","description":"Lisez les avis des participants aux colonies de vacances Juvigo : retours sur les activit\u00e9s, l'encadrement et les moments inoubliables.","robots":{"index":"index","follow":"follow","max-snippet":"max-snippet:-1","max-image-preview":"max-image-preview:large","max-video-preview":"max-video-preview:-1"},"canonical":"https:\/\/juvigo.fr\/magazine\/avis\/","og_locale":"fr_FR","og_type":"article","og_title":"Exp\u00e9riences et commentaires des clients sur Juvigo - Juvigo Magazine","og_description":"Lisez les avis des participants aux colonies de vacances Juvigo : retours sur les activit\u00e9s, l'encadrement et les moments inoubliables.","og_url":"https:\/\/juvigo.fr\/magazine\/avis\/","og_site_name":"Magazine","article_publisher":"https:\/\/de-de.facebook.com\/meinjuvigo","article_modified_time":"2025-10-07T15:22:13+00:00","og_image":[{"width":1920,"height":1080,"url":"https:\/\/juvigo.fr\/magazine\/wp-content\/uploads\/2024\/06\/camping-4303357_1920.jpg","type":"image\/jpeg"}],"twitter_card":"summary_large_image","twitter_site":"@meinjuvigo","twitter_misc":{"Est. reading time":"3 minutes"},"schema":{"@context":"https:\/\/schema.org","@graph":[{"@type":"WebPage","@id":"https:\/\/juvigo.fr\/magazine\/avis\/","url":"https:\/\/juvigo.fr\/magazine\/avis\/","name":"Exp\u00e9riences et commentaires des clients sur Juvigo - Juvigo Magazine","isPartOf":{"@id":"https:\/\/juvigo.fr\/magazine\/#website"},"primaryImageOfPage":{"@id":"https:\/\/juvigo.fr\/magazine\/avis\/#primaryimage"},"image":{"@id":"https:\/\/juvigo.fr\/magazine\/avis\/#primaryimage"},"thumbnailUrl":"https:\/\/juvigo.fr\/magazine\/wp-content\/uploads\/2024\/06\/camping-4303357_1920.jpg","datePublished":"2024-06-24T11:53:44+00:00","dateModified":"2025-10-07T15:22:13+00:00","description":"Lisez les avis des participants aux colonies de vacances Juvigo : retours sur les activit\u00e9s, l'encadrement et les moments inoubliables.","breadcrumb":{"@id":"https:\/\/juvigo.fr\/magazine\/avis\/#breadcrumb"},"inLanguage":"fr","potentialAction":[{"@type":"ReadAction","target":["https:\/\/juvigo.fr\/magazine\/avis\/"]}]},{"@type":"ImageObject","inLanguage":"fr","@id":"https:\/\/juvigo.fr\/magazine\/avis\/#primaryimage","url":"https:\/\/juvigo.fr\/magazine\/wp-content\/uploads\/2024\/06\/camping-4303357_1920.jpg","contentUrl":"https:\/\/juvigo.fr\/magazine\/wp-content\/uploads\/2024\/06\/camping-4303357_1920.jpg","width":1920,"height":1080},{"@type":"BreadcrumbList","@id":"https:\/\/juvigo.fr\/magazine\/avis\/#breadcrumb","itemListElement":[{"@type":"ListItem","position":1,"name":"Juvigo-Magazine","item":"https:\/\/juvigo.fr\/magazine\/"},{"@type":"ListItem","position":2,"name":"Exp\u00e9riences et commentaires des clients sur Juvigo"}]},{"@type":"WebSite","@id":"https:\/\/juvigo.fr\/magazine\/#website","url":"https:\/\/juvigo.fr\/magazine\/","name":"Magazine","description":"Magazine Juvigo - Ton magazine sur les colonies de vacances et s\u00e9jours linguistiques.","publisher":{"@id":"https:\/\/juvigo.fr\/magazine\/#organization"},"potentialAction":[{"@type":"SearchAction","target":{"@type":"EntryPoint","urlTemplate":"https:\/\/juvigo.fr\/magazine\/?s={search_term_string}"},"query-input":{"@type":"PropertyValueSpecification","valueRequired":true,"valueName":"search_term_string"}}],"inLanguage":"fr"},{"@type":"Organization","@id":"https:\/\/juvigo.fr\/magazine\/#organization","name":"Juvigo GmbH","url":"https:\/\/juvigo.fr\/magazine\/","logo":{"@type":"ImageObject","inLanguage":"fr","@id":"https:\/\/juvigo.fr\/magazine\/#\/schema\/logo\/image\/","url":"https:\/\/juvigo.fr\/magazine\/wp-content\/uploads\/2022\/02\/magazine_logo_scaled.png","contentUrl":"https:\/\/juvigo.fr\/magazine\/wp-content\/uploads\/2022\/02\/magazine_logo_scaled.png","width":240,"height":100,"caption":"Juvigo GmbH"},"image":{"@id":"https:\/\/juvigo.fr\/magazine\/#\/schema\/logo\/image\/"},"sameAs":["https:\/\/de-de.facebook.com\/meinjuvigo","https:\/\/x.com\/meinjuvigo","http:\/\/instagram.com\/juvigo_de\/"]}]}},"wps_subtitle":"","coauthors":[],"author_meta":{"author_link":"https:\/\/juvigo.fr\/magazine\/author\/max\/","display_name":"Max"},"relative_dates":{"created":"Posted 2 years ago","modified":"Updated 6 months ago"},"absolute_dates":{"created":"Posted on 24-06-2024","modified":"Updated on 07-10-2025"},"absolute_dates_time":{"created":"Posted on 24-06-2024 13:53","modified":"Updated on 07-10-2025 17:22"},"featured_img_caption":"","featured_img":"https:\/\/juvigo.fr\/magazine\/wp-content\/uploads\/2024\/06\/camping-4303357_1920.jpg","series_order":"","_links":{"self":[{"href":"https:\/\/juvigo.fr\/magazine\/wp-json\/wp\/v2\/pages\/9405","targetHints":{"allow":["GET"]}}],"collection":[{"href":"https:\/\/juvigo.fr\/magazine\/wp-json\/wp\/v2\/pages"}],"about":[{"href":"https:\/\/juvigo.fr\/magazine\/wp-json\/wp\/v2\/types\/page"}],"author":[{"embeddable":true,"href":"https:\/\/juvigo.fr\/magazine\/wp-json\/wp\/v2\/users\/3"}],"replies":[{"embeddable":true,"href":"https:\/\/juvigo.fr\/magazine\/wp-json\/wp\/v2\/comments?post=9405"}],"version-history":[{"count":8,"href":"https:\/\/juvigo.fr\/magazine\/wp-json\/wp\/v2\/pages\/9405\/revisions"}],"predecessor-version":[{"id":10339,"href":"https:\/\/juvigo.fr\/magazine\/wp-json\/wp\/v2\/pages\/9405\/revisions\/10339"}],"wp:featuredmedia":[{"embeddable":true,"href":"https:\/\/juvigo.fr\/magazine\/wp-json\/wp\/v2\/media\/9346"}],"wp:attachment":[{"href":"https:\/\/juvigo.fr\/magazine\/wp-json\/wp\/v2\/media?parent=9405"}],"wp:term":[{"taxonomy":"category","embeddable":true,"href":"https:\/\/juvigo.fr\/magazine\/wp-json\/wp\/v2\/categories?post=9405"},{"taxonomy":"post_tag","embeddable":true,"href":"https:\/\/juvigo.fr\/magazine\/wp-json\/wp\/v2\/tags?post=9405"}],"curies":[{"name":"wp","href":"https:\/\/api.w.org\/{rel}","templated":true}]}}