{"id":9375,"date":"2024-06-24T12:27:17","date_gmt":"2024-06-24T10:27:17","guid":{"rendered":"https:\/\/juvigo.fr\/magazine\/?page_id=9375"},"modified":"2025-10-07T17:17:09","modified_gmt":"2025-10-07T15:17:09","slug":"partenaires-juvigo","status":"publish","type":"page","link":"https:\/\/juvigo.fr\/magazine\/partenaires-juvigo\/","title":{"rendered":"Nos partenaires"},"content":{"rendered":"\n<p class=\"teilnehmererfahrungen\">Qui sont les meilleurs prestataires de services pour les voyages des jeunes ? Quel op\u00e9rateur de voyages linguistiques promet des progr\u00e8s dans l\u2019apprentissage de la langue, mais en s\u2019amusant ? Et o\u00f9 puis-je trouver et r\u00e9server des camps de vacances les moins ch\u00e8res du march\u00e9 ? Des milliers d\u2019enfants, d\u2019adolescent et de parents se posent cette question chaque ann\u00e9e.<\/p>\n\n\n\n<p class=\"partners\">Que ce soit \u00e0 P\u00e2ques, en \u00e9t\u00e9, en automne \u00e0 la Toussaint ou bien hiver, chez Juvigo, il y a des offres pour toutes les p\u00e9riodes de l\u2019ann\u00e9e ! Avec Juvigo, vous pouvez comparer les offres de colonies de vacances de tous nos partenaires. Nous proposons des camps de vacances en France, mais \u00e9galement de nombreux s\u00e9jours pour jeunes \u00e0 l\u2019\u00e9tranger ! Il y en a chaque ann\u00e9e des nouveaux ! Juvigo travaille actuellement avec plus de 100 partenaires de voyages pour enfants et adolescents. Nous d\u00e9veloppons notre r\u00e9seau de partenaires dans toute la France et nos colonies de vacances \u00e0 l\u2019\u00e9tranger comprennent g\u00e9n\u00e9ralement un vol accompagn\u00e9 ou un voyage en bus. Juvigo attache une importance toute particuli\u00e8re \u00e0 collaborer avec des organisateurs locaux et d\u00e9j\u00e0 impl\u00e9ment\u00e9s et bien ancr\u00e9s au niveau r\u00e9gional. C\u2019est de cette mani\u00e8re que nous ne pouvons que nous r\u00e9jouir de notre d\u00e9veloppement perp\u00e9tuel.<\/p>\n\n\n\n<h2 class=\"wp-block-heading partners\">Coup d\u2019\u0153il sur nos prestataires de voyages linguistiques<\/h2>\n\n\n\n<p class=\"partners\">Nos organisateurs de voyages linguistiques nous prouvent qu\u2019un cours de langue pour les jeunes ne doit pas \u00eatre synonyme d\u2019un simple apprentissage ennuyeux. Un voyage \u00e0 Londres fait tout autant partie d\u2019un programme de d\u00e9veloppement linguistique pour les jeunes que des cours de langue dans une \u00e9cole anglaise renomm\u00e9e. Il en va de m\u00eame pour les camps d\u2019Anglais que nous avons en Allemagne : pratiquer des activit\u00e9s de loisirs telles que le surf, l\u2019\u00e9quitation, le football, l\u2019escalade en utilisant l\u2019anglais pour communiquer en plus d\u2019avoir des cours th\u00e9oriques est tr\u00e8s efficace ! Ici aussi, nous travaillons avec de nombreux partenaires. De mani\u00e8re g\u00e9n\u00e9rale, il est moins cher d\u2019envoyer son enfant dans une colonie de vacances linguistiques de son pays d\u2019origine que de l\u2019envoyer effectuer un voyage linguistique, mais certains de nos partenaires ont la chance d\u2019avoir des animateurs et encadrant sp\u00e9cialis\u00e9 dans la langue requise pour le camp, ou bien sont natif du pays en question. De plus certains camps d\u00e9cident de s\u2019adapter et proposent au menu des sp\u00e9cialit\u00e9s anglaise, australienne ou am\u00e9ricaines pour renforcer l\u2019immersion.<\/p>\n\n\n\n<iframe id=\"juvigo_ibe\" src=\"https:\/\/ibe.juvigo.fr\/embed\/partners\" frameborder=\"0\" scrolling=\"no\" style=\"overflow:hidden;\" width=\"100%\"><\/iframe>\n","protected":false},"excerpt":{"rendered":"<p>Qui sont les meilleurs prestataires de services pour les voyages des jeunes ? Quel op\u00e9rateur de voyages linguistiques promet des progr\u00e8s dans l\u2019apprentissage de la langue, mais en s\u2019amusant ? Et o\u00f9 puis-je trouver et r\u00e9server des camps de vacances les moins ch\u00e8res du march\u00e9 ? Des milliers d\u2019enfants, d\u2019adolescent et de parents se posent [&hellip;]<\/p>\n","protected":false},"author":3,"featured_media":9346,"parent":0,"menu_order":0,"comment_status":"closed","ping_status":"closed","template":"redux-templates_full_width","meta":{"advgb_blocks_editor_width":"","advgb_blocks_columns_visual_guide":"","footnotes":"","_links_to":"","_links_to_target":""},"categories":[],"tags":[],"class_list":["post-9375","page","type-page","status-publish","has-post-thumbnail","hentry"],"yoast_head":"<!-- This site is optimized with the Yoast SEO plugin v24.8.1 - https:\/\/yoast.com\/wordpress\/plugins\/seo\/ -->\n<title>Nos partenaires - Juvigo Magazine<\/title>\n<meta name=\"description\" content=\"Explorez notre r\u00e9seau de plus de 100 partenaires locaux et internationaux, offrant des colonies de vacances et s\u00e9jours linguistiques.\" \/>\n<meta name=\"robots\" content=\"index, follow, max-snippet:-1, max-image-preview:large, max-video-preview:-1\" \/>\n<link rel=\"canonical\" href=\"https:\/\/juvigo.fr\/magazine\/partenaires-juvigo\/\" \/>\n<meta property=\"og:locale\" content=\"fr_FR\" \/>\n<meta property=\"og:type\" content=\"article\" \/>\n<meta property=\"og:title\" content=\"Nos partenaires - Juvigo Magazine\" \/>\n<meta property=\"og:description\" content=\"Explorez notre r\u00e9seau de plus de 100 partenaires locaux et internationaux, offrant des colonies de vacances et s\u00e9jours linguistiques.\" \/>\n<meta property=\"og:url\" content=\"https:\/\/juvigo.fr\/magazine\/partenaires-juvigo\/\" \/>\n<meta property=\"og:site_name\" content=\"Magazine\" \/>\n<meta property=\"article:publisher\" content=\"https:\/\/de-de.facebook.com\/meinjuvigo\" \/>\n<meta property=\"article:modified_time\" content=\"2025-10-07T15:17:09+00:00\" \/>\n<meta property=\"og:image\" content=\"https:\/\/juvigo.fr\/magazine\/wp-content\/uploads\/2024\/06\/camping-4303357_1920.jpg\" \/>\n\t<meta property=\"og:image:width\" content=\"1920\" \/>\n\t<meta property=\"og:image:height\" content=\"1080\" \/>\n\t<meta property=\"og:image:type\" content=\"image\/jpeg\" \/>\n<meta name=\"twitter:card\" content=\"summary_large_image\" \/>\n<meta name=\"twitter:site\" content=\"@meinjuvigo\" \/>\n<meta name=\"twitter:label1\" content=\"Est. reading time\" \/>\n\t<meta name=\"twitter:data1\" content=\"2 minutes\" \/>\n<script type=\"application\/ld+json\" class=\"yoast-schema-graph\">{\"@context\":\"https:\/\/schema.org\",\"@graph\":[{\"@type\":\"WebPage\",\"@id\":\"https:\/\/juvigo.fr\/magazine\/partenaires-juvigo\/\",\"url\":\"https:\/\/juvigo.fr\/magazine\/partenaires-juvigo\/\",\"name\":\"Nos partenaires - Juvigo Magazine\",\"isPartOf\":{\"@id\":\"https:\/\/juvigo.fr\/magazine\/#website\"},\"primaryImageOfPage\":{\"@id\":\"https:\/\/juvigo.fr\/magazine\/partenaires-juvigo\/#primaryimage\"},\"image\":{\"@id\":\"https:\/\/juvigo.fr\/magazine\/partenaires-juvigo\/#primaryimage\"},\"thumbnailUrl\":\"https:\/\/juvigo.fr\/magazine\/wp-content\/uploads\/2024\/06\/camping-4303357_1920.jpg\",\"datePublished\":\"2024-06-24T10:27:17+00:00\",\"dateModified\":\"2025-10-07T15:17:09+00:00\",\"description\":\"Explorez notre r\u00e9seau de plus de 100 partenaires locaux et internationaux, offrant des colonies de vacances et s\u00e9jours linguistiques.\",\"breadcrumb\":{\"@id\":\"https:\/\/juvigo.fr\/magazine\/partenaires-juvigo\/#breadcrumb\"},\"inLanguage\":\"fr\",\"potentialAction\":[{\"@type\":\"ReadAction\",\"target\":[\"https:\/\/juvigo.fr\/magazine\/partenaires-juvigo\/\"]}]},{\"@type\":\"ImageObject\",\"inLanguage\":\"fr\",\"@id\":\"https:\/\/juvigo.fr\/magazine\/partenaires-juvigo\/#primaryimage\",\"url\":\"https:\/\/juvigo.fr\/magazine\/wp-content\/uploads\/2024\/06\/camping-4303357_1920.jpg\",\"contentUrl\":\"https:\/\/juvigo.fr\/magazine\/wp-content\/uploads\/2024\/06\/camping-4303357_1920.jpg\",\"width\":1920,\"height\":1080},{\"@type\":\"BreadcrumbList\",\"@id\":\"https:\/\/juvigo.fr\/magazine\/partenaires-juvigo\/#breadcrumb\",\"itemListElement\":[{\"@type\":\"ListItem\",\"position\":1,\"name\":\"Juvigo-Magazine\",\"item\":\"https:\/\/juvigo.fr\/magazine\/\"},{\"@type\":\"ListItem\",\"position\":2,\"name\":\"Nos partenaires\"}]},{\"@type\":\"WebSite\",\"@id\":\"https:\/\/juvigo.fr\/magazine\/#website\",\"url\":\"https:\/\/juvigo.fr\/magazine\/\",\"name\":\"Magazine\",\"description\":\"Magazine Juvigo - Ton magazine sur les colonies de vacances et s\u00e9jours linguistiques.\",\"publisher\":{\"@id\":\"https:\/\/juvigo.fr\/magazine\/#organization\"},\"potentialAction\":[{\"@type\":\"SearchAction\",\"target\":{\"@type\":\"EntryPoint\",\"urlTemplate\":\"https:\/\/juvigo.fr\/magazine\/?s={search_term_string}\"},\"query-input\":{\"@type\":\"PropertyValueSpecification\",\"valueRequired\":true,\"valueName\":\"search_term_string\"}}],\"inLanguage\":\"fr\"},{\"@type\":\"Organization\",\"@id\":\"https:\/\/juvigo.fr\/magazine\/#organization\",\"name\":\"Juvigo GmbH\",\"url\":\"https:\/\/juvigo.fr\/magazine\/\",\"logo\":{\"@type\":\"ImageObject\",\"inLanguage\":\"fr\",\"@id\":\"https:\/\/juvigo.fr\/magazine\/#\/schema\/logo\/image\/\",\"url\":\"https:\/\/juvigo.fr\/magazine\/wp-content\/uploads\/2022\/02\/magazine_logo_scaled.png\",\"contentUrl\":\"https:\/\/juvigo.fr\/magazine\/wp-content\/uploads\/2022\/02\/magazine_logo_scaled.png\",\"width\":240,\"height\":100,\"caption\":\"Juvigo GmbH\"},\"image\":{\"@id\":\"https:\/\/juvigo.fr\/magazine\/#\/schema\/logo\/image\/\"},\"sameAs\":[\"https:\/\/de-de.facebook.com\/meinjuvigo\",\"https:\/\/x.com\/meinjuvigo\",\"http:\/\/instagram.com\/juvigo_de\/\"]}]}<\/script>\n<!-- \/ Yoast SEO plugin. -->","yoast_head_json":{"title":"Nos partenaires - Juvigo Magazine","description":"Explorez notre r\u00e9seau de plus de 100 partenaires locaux et internationaux, offrant des colonies de vacances et s\u00e9jours linguistiques.","robots":{"index":"index","follow":"follow","max-snippet":"max-snippet:-1","max-image-preview":"max-image-preview:large","max-video-preview":"max-video-preview:-1"},"canonical":"https:\/\/juvigo.fr\/magazine\/partenaires-juvigo\/","og_locale":"fr_FR","og_type":"article","og_title":"Nos partenaires - Juvigo Magazine","og_description":"Explorez notre r\u00e9seau de plus de 100 partenaires locaux et internationaux, offrant des colonies de vacances et s\u00e9jours linguistiques.","og_url":"https:\/\/juvigo.fr\/magazine\/partenaires-juvigo\/","og_site_name":"Magazine","article_publisher":"https:\/\/de-de.facebook.com\/meinjuvigo","article_modified_time":"2025-10-07T15:17:09+00:00","og_image":[{"width":1920,"height":1080,"url":"https:\/\/juvigo.fr\/magazine\/wp-content\/uploads\/2024\/06\/camping-4303357_1920.jpg","type":"image\/jpeg"}],"twitter_card":"summary_large_image","twitter_site":"@meinjuvigo","twitter_misc":{"Est. reading time":"2 minutes"},"schema":{"@context":"https:\/\/schema.org","@graph":[{"@type":"WebPage","@id":"https:\/\/juvigo.fr\/magazine\/partenaires-juvigo\/","url":"https:\/\/juvigo.fr\/magazine\/partenaires-juvigo\/","name":"Nos partenaires - Juvigo Magazine","isPartOf":{"@id":"https:\/\/juvigo.fr\/magazine\/#website"},"primaryImageOfPage":{"@id":"https:\/\/juvigo.fr\/magazine\/partenaires-juvigo\/#primaryimage"},"image":{"@id":"https:\/\/juvigo.fr\/magazine\/partenaires-juvigo\/#primaryimage"},"thumbnailUrl":"https:\/\/juvigo.fr\/magazine\/wp-content\/uploads\/2024\/06\/camping-4303357_1920.jpg","datePublished":"2024-06-24T10:27:17+00:00","dateModified":"2025-10-07T15:17:09+00:00","description":"Explorez notre r\u00e9seau de plus de 100 partenaires locaux et internationaux, offrant des colonies de vacances et s\u00e9jours linguistiques.","breadcrumb":{"@id":"https:\/\/juvigo.fr\/magazine\/partenaires-juvigo\/#breadcrumb"},"inLanguage":"fr","potentialAction":[{"@type":"ReadAction","target":["https:\/\/juvigo.fr\/magazine\/partenaires-juvigo\/"]}]},{"@type":"ImageObject","inLanguage":"fr","@id":"https:\/\/juvigo.fr\/magazine\/partenaires-juvigo\/#primaryimage","url":"https:\/\/juvigo.fr\/magazine\/wp-content\/uploads\/2024\/06\/camping-4303357_1920.jpg","contentUrl":"https:\/\/juvigo.fr\/magazine\/wp-content\/uploads\/2024\/06\/camping-4303357_1920.jpg","width":1920,"height":1080},{"@type":"BreadcrumbList","@id":"https:\/\/juvigo.fr\/magazine\/partenaires-juvigo\/#breadcrumb","itemListElement":[{"@type":"ListItem","position":1,"name":"Juvigo-Magazine","item":"https:\/\/juvigo.fr\/magazine\/"},{"@type":"ListItem","position":2,"name":"Nos partenaires"}]},{"@type":"WebSite","@id":"https:\/\/juvigo.fr\/magazine\/#website","url":"https:\/\/juvigo.fr\/magazine\/","name":"Magazine","description":"Magazine Juvigo - Ton magazine sur les colonies de vacances et s\u00e9jours linguistiques.","publisher":{"@id":"https:\/\/juvigo.fr\/magazine\/#organization"},"potentialAction":[{"@type":"SearchAction","target":{"@type":"EntryPoint","urlTemplate":"https:\/\/juvigo.fr\/magazine\/?s={search_term_string}"},"query-input":{"@type":"PropertyValueSpecification","valueRequired":true,"valueName":"search_term_string"}}],"inLanguage":"fr"},{"@type":"Organization","@id":"https:\/\/juvigo.fr\/magazine\/#organization","name":"Juvigo GmbH","url":"https:\/\/juvigo.fr\/magazine\/","logo":{"@type":"ImageObject","inLanguage":"fr","@id":"https:\/\/juvigo.fr\/magazine\/#\/schema\/logo\/image\/","url":"https:\/\/juvigo.fr\/magazine\/wp-content\/uploads\/2022\/02\/magazine_logo_scaled.png","contentUrl":"https:\/\/juvigo.fr\/magazine\/wp-content\/uploads\/2022\/02\/magazine_logo_scaled.png","width":240,"height":100,"caption":"Juvigo GmbH"},"image":{"@id":"https:\/\/juvigo.fr\/magazine\/#\/schema\/logo\/image\/"},"sameAs":["https:\/\/de-de.facebook.com\/meinjuvigo","https:\/\/x.com\/meinjuvigo","http:\/\/instagram.com\/juvigo_de\/"]}]}},"wps_subtitle":"","coauthors":[],"author_meta":{"author_link":"https:\/\/juvigo.fr\/magazine\/author\/max\/","display_name":"Max"},"relative_dates":{"created":"Posted 2 years ago","modified":"Updated 6 months ago"},"absolute_dates":{"created":"Posted on 24-06-2024","modified":"Updated on 07-10-2025"},"absolute_dates_time":{"created":"Posted on 24-06-2024 12:27","modified":"Updated on 07-10-2025 17:17"},"featured_img_caption":"","featured_img":"https:\/\/juvigo.fr\/magazine\/wp-content\/uploads\/2024\/06\/camping-4303357_1920.jpg","series_order":"","_links":{"self":[{"href":"https:\/\/juvigo.fr\/magazine\/wp-json\/wp\/v2\/pages\/9375","targetHints":{"allow":["GET"]}}],"collection":[{"href":"https:\/\/juvigo.fr\/magazine\/wp-json\/wp\/v2\/pages"}],"about":[{"href":"https:\/\/juvigo.fr\/magazine\/wp-json\/wp\/v2\/types\/page"}],"author":[{"embeddable":true,"href":"https:\/\/juvigo.fr\/magazine\/wp-json\/wp\/v2\/users\/3"}],"replies":[{"embeddable":true,"href":"https:\/\/juvigo.fr\/magazine\/wp-json\/wp\/v2\/comments?post=9375"}],"version-history":[{"count":2,"href":"https:\/\/juvigo.fr\/magazine\/wp-json\/wp\/v2\/pages\/9375\/revisions"}],"predecessor-version":[{"id":9450,"href":"https:\/\/juvigo.fr\/magazine\/wp-json\/wp\/v2\/pages\/9375\/revisions\/9450"}],"wp:featuredmedia":[{"embeddable":true,"href":"https:\/\/juvigo.fr\/magazine\/wp-json\/wp\/v2\/media\/9346"}],"wp:attachment":[{"href":"https:\/\/juvigo.fr\/magazine\/wp-json\/wp\/v2\/media?parent=9375"}],"wp:term":[{"taxonomy":"category","embeddable":true,"href":"https:\/\/juvigo.fr\/magazine\/wp-json\/wp\/v2\/categories?post=9375"},{"taxonomy":"post_tag","embeddable":true,"href":"https:\/\/juvigo.fr\/magazine\/wp-json\/wp\/v2\/tags?post=9375"}],"curies":[{"name":"wp","href":"https:\/\/api.w.org\/{rel}","templated":true}]}}