{"id":9371,"date":"2024-06-24T12:24:32","date_gmt":"2024-06-24T10:24:32","guid":{"rendered":"https:\/\/juvigo.fr\/magazine\/?page_id=9371"},"modified":"2025-10-07T17:38:00","modified_gmt":"2025-10-07T15:38:00","slug":"assurances","status":"publish","type":"page","link":"https:\/\/juvigo.fr\/magazine\/assurances\/","title":{"rendered":"L&#8217;assurance voyage de Juvigo &#8211; l\u2019ange gardien de vos vacances"},"content":{"rendered":"\n<p>Juvigo s\u2019est associ\u00e9 avec un assureur partenaire professionnel, fort de plus de 40 ans d&#8217;exp\u00e9rience, afin de vous offrir la couverture d\u2019assurance parfaite pour votre s\u00e9jour. Nous avons r\u00e9uni d&#8217;excellentes conditions afin de vous offrir de meilleures garanties que si vous souscriviez vous-m\u00eame aupr\u00e8s d\u2019un assureur.<\/p>\n\n\n\n<figure class=\"wp-block-image size-full\"><img decoding=\"async\" width=\"647\" height=\"380\" data-src=\"https:\/\/juvigo.fr\/magazine\/wp-content\/uploads\/2024\/06\/image-1.jpeg\" alt=\"\" class=\"wp-image-9463 lazyload\" title=\"L'assurance annulation de voyage et la protection premium en comparaison\" data-srcset=\"https:\/\/juvigo.fr\/magazine\/wp-content\/uploads\/2024\/06\/image-1.jpeg 647w, https:\/\/juvigo.fr\/magazine\/wp-content\/uploads\/2024\/06\/image-1-300x176.jpeg 300w, https:\/\/juvigo.fr\/magazine\/wp-content\/uploads\/2024\/06\/image-1-600x352.jpeg 600w\" data-sizes=\"(max-width: 647px) 100vw, 647px\" src=\"data:image\/gif;base64,R0lGODlhAQABAAAAACH5BAEKAAEALAAAAAABAAEAAAICTAEAOw==\" style=\"--smush-placeholder-width: 647px; --smush-placeholder-aspect-ratio: 647\/380;\" \/><\/figure>\n\n\n\n<div style=\"height:30px\" aria-hidden=\"true\" class=\"wp-block-spacer\"><\/div>\n\n\n\n<h2 class=\"wp-block-heading\">Assurance annulation<\/h2>\n\n\n\n<p>En cas d&#8217;annulation du voyage ou de d\u00e9part diff\u00e9r\u00e9, nous vous rembourserons les frais d&#8217;annulation qui vous incombent ou les frais suppl\u00e9mentaires n\u00e9cessaires pour que votre enfant puisse rentrer chez vous. La franchise s&#8217;\u00e9l\u00e8ve \u00e0 30 EUR par personne assur\u00e9e.<\/p>\n\n\n\n<h2 class=\"wp-block-heading\">Protection premium<\/h2>\n\n\n\n<p>En choisissant la protection premium, vous faites le choix d\u2019assurer parfaitement vos vacances. Le pack protection premium est plus complet et comprend les assurances voyages essentielles dont vous avez besoin. La protection premium comprend de nombreuses autres couvertures suppl\u00e9mentaires en plus de l&#8217;assurance annulation de voyage. Vous trouverez ci-dessous un aper\u00e7u de nos prestations :<\/p>\n\n\n\n<h3 class=\"wp-block-heading\">Assurance annulation de voyage<\/h3>\n\n\n\n<p>L&#8217;assurance annulation de voyage normale, telle que d\u00e9crite ci-dessus, est \u00e9galement incluse dans l&#8217;option d&#8217;assurance &#8220;Protection Premium&#8221;. Toutes les conditions de l&#8217;assurance annulation sont \u00e9galement valables avec la &#8220;Protection Premium&#8221;.<\/p>\n\n\n\n<h3 class=\"wp-block-heading\">Assurance interruption de voyage<\/h3>\n\n\n\n<p>En fonction de la date \u00e0 laquelle s&#8217;interrompt votre voyage, nous vous rembourserons tout ou une partie du voyage. Nous prendrons aussi en charge les frais suppl\u00e9mentaires n\u00e9cessaires pour le rapatriement et les services non utilis\u00e9s pendant votre voyage.<\/p>\n\n\n\n<h3 class=\"wp-block-heading\">Assurance bagages<\/h3>\n\n\n\n<p>En cas de d\u00e9t\u00e9rioration ou de perte de vos bagages, nous vous rembourserons vos affaires \u00e0 leurs valeurs actuelles (au max. 2 000 EUR). Si vos bagages n&#8217;arrivent pas \u00e0 temps, nous pourrons vous rembourser les achats de premi\u00e8re n\u00e9cessit\u00e9 (au max. 250,\u2013 EUR).<\/p>\n\n\n\n<h3 class=\"wp-block-heading\">Assurance accidents de voyage<\/h3>\n\n\n\n<p>En cas d&#8217;invalidit\u00e9 suite \u00e0 un accident, nous vous verserons un montant unique qui d\u00e9pendra de la gravit\u00e9 des s\u00e9quelles gard\u00e9es apr\u00e8s l&#8217;accident. En cas de d\u00e9c\u00e8s suite \u00e0 un accident, la prestation s&#8217;\u00e9l\u00e8ve \u00e0 20 000 EUR et \u00e0 15 000 EUR pour les enfants jusqu&#8217;\u00e0 l&#8217;\u00e2ge de 18 ans r\u00e9volus.<\/p>\n\n\n\n<h3 class=\"wp-block-heading\">Assurance maladie en voyage<\/h3>\n\n\n\n<p>En cas d&#8217;incident ou d&#8217;urgence m\u00e9dicale \u00e0 l&#8217;\u00e9tranger, nous vous rembourserons tous les frais li\u00e9s aux traitements ambulatoires et stationnaires.<br>Votre avantage: Aucune franchise.<\/p>\n\n\n\n<h3 class=\"wp-block-heading\">Assistance personnelle<\/h3>\n\n\n\n<p>Notre service d&#8217;appel d&#8217;urgence est \u00e0 votre disposition dans le monde entier pendant votre voyage (7jours\/7 et 24 h\/24). En cas de besoin, notre service assistance vous proposera un rapatriement. Si n\u00e9cessaire, un accompagnateur sera pris en charge. Vous \u00eates aussi couverts en cas de perte de documents officiels, de cartes bancaires ou d&#8217;argent liquide.<\/p>\n\n\n\n<h3 class=\"wp-block-heading\">Assurance responsabilit\u00e9 civile<\/h3>\n\n\n\n<p>Vous b\u00e9n\u00e9ficiez d&#8217;une couverture d&#8217;assurance contre les demandes d&#8217;indemnisation pour les dommages corporels et mat\u00e9riels. La somme assur\u00e9e s&#8217;\u00e9l\u00e8ve \u00e0 un maximum de 1,5 million d&#8217;euros, dont 25 000 \u20ac au maximum pour les dommages locatifs (la franchise pour les dommages locatifs est de 20 %, au minimum 50 \u20ac).<\/p>\n\n\n\n<p>La brochure ne contient qu&#8217;une partie de la couverture d&#8217;assurance. D\u00e8s que vous souscrivez une assurance, vous recevez les conditions d&#8217;assurance compl\u00e8tes. Si vous souscrivez une assurance voyage d\u00e8s que vous r\u00e9servez votre voyage, vous b\u00e9n\u00e9ficierez imm\u00e9diatement de la couverture d&#8217;assurance. Dans le cas contraire, nos conditions g\u00e9n\u00e9rales s&#8217;appliquent. Votre organisateur se fera un plaisir de vous en dire plus \u00e0 ce sujet.<\/p>\n\n\n\n<figure class=\"wp-block-table is-style-stripes\"><table class=\"has-background\" style=\"background-color:#01b884\"><thead><tr><td>&nbsp;<\/td><td><mark style=\"background-color:rgba(0, 0, 0, 0)\" class=\"has-inline-color has-trawell-bg-color\">Protection premium<\/mark><\/td><td><mark style=\"background-color:rgba(0, 0, 0, 0)\" class=\"has-inline-color has-trawell-bg-color\">Assurance annulation de voyage<\/mark><\/td><\/tr><tr><td><mark style=\"background-color:rgba(0, 0, 0, 0)\" class=\"has-inline-color has-trawell-bg-color\"><strong> Prix du voyage<\/strong>jusqu&#8217;\u00e0 EUR<\/mark><\/td><td><mark style=\"background-color:rgba(0, 0, 0, 0)\" class=\"has-inline-color has-trawell-bg-color\"><strong>par personne<\/strong> EUR<\/mark><mark style=\"background-color:rgba(0, 0, 0, 0)\" class=\"has-inline-color has-trawell-bg-color\"><\/mark><\/td><td><mark style=\"background-color:rgba(0, 0, 0, 0)\" class=\"has-inline-color has-trawell-bg-color\"><strong>par personne<\/strong> EUR<\/mark><\/td><\/tr><\/thead><tbody><tr><td>100,\u2013<\/td><td>7,\u2013<\/td><td>4,\u2013<\/td><\/tr><tr><td>200,\u2013<\/td><td>11,\u2013<\/td><td>6,\u2013<\/td><\/tr><tr><td>400,\u2013<\/td><td>16,\u2013<\/td><td>12,\u2013<\/td><\/tr><tr><td>600,\u2013<\/td><td>22,\u2013<\/td><td>15,\u2013<\/td><\/tr><tr><td>700,\u2013<\/td><td>25,\u2013<\/td><td>18,\u2013<\/td><\/tr><tr><td>800,\u2013<\/td><td>27,\u2013<\/td><td>21,\u2013<\/td><\/tr><tr><td>1.000,\u2013<\/td><td>33,\u2013<\/td><td>26,\u2013<\/td><\/tr><tr><td>1.500,\u2013<\/td><td>44,\u2013<\/td><td>39,\u2013<\/td><\/tr><tr><td>2.000,\u2013<\/td><td>55,\u2013<\/td><td>49,\u2013<\/td><\/tr><tr><td>2.500,\u2013<\/td><td>85,\u2013<\/td><td>65,\u2013<\/td><\/tr><tr><td>3.000,\u2013<\/td><td>122,\u2013<\/td><td>79,\u2013<\/td><\/tr><tr><td>4.000,\u2013<\/td><td>145,\u2013<\/td><td>99,\u2013<\/td><\/tr><tr><td>5.000,\u2013<\/td><td>175,\u2013<\/td><td>129,\u2013<\/td><\/tr><tr><td>6.000,\u2013<\/td><td>245,\u2013<\/td><td>189,\u2013<\/td><\/tr><tr><td>7.000,\u2013<\/td><td>299,\u2013<\/td><td>239,\u2013<\/td><\/tr><\/tbody><\/table><\/figure>\n","protected":false},"excerpt":{"rendered":"<p>Juvigo s\u2019est associ\u00e9 avec un assureur partenaire professionnel, fort de plus de 40 ans d&#8217;exp\u00e9rience, afin de vous offrir la couverture d\u2019assurance parfaite pour votre s\u00e9jour. Nous avons r\u00e9uni d&#8217;excellentes conditions afin de vous offrir de meilleures garanties que si vous souscriviez vous-m\u00eame aupr\u00e8s d\u2019un assureur. Assurance annulation En cas d&#8217;annulation du voyage ou de [&hellip;]<\/p>\n","protected":false},"author":3,"featured_media":9346,"parent":0,"menu_order":0,"comment_status":"closed","ping_status":"closed","template":"","meta":{"advgb_blocks_editor_width":"","advgb_blocks_columns_visual_guide":"","footnotes":"","_links_to":"","_links_to_target":""},"categories":[],"tags":[],"class_list":["post-9371","page","type-page","status-publish","has-post-thumbnail","hentry"],"yoast_head":"<!-- This site is optimized with the Yoast SEO plugin v24.8.1 - https:\/\/yoast.com\/wordpress\/plugins\/seo\/ -->\n<title>L&#039;assurance voyage de Juvigo - l\u2019ange gardien de vos vacances - Juvigo Magazine<\/title>\n<meta name=\"description\" content=\"Assurez vos vacances avec Juvigo : options d&#039;assurance annulation et protection premium pour une tranquillit\u00e9 d&#039;esprit totale.\" \/>\n<meta name=\"robots\" content=\"index, follow, max-snippet:-1, max-image-preview:large, max-video-preview:-1\" \/>\n<link rel=\"canonical\" href=\"https:\/\/juvigo.fr\/magazine\/assurances\/\" \/>\n<meta property=\"og:locale\" content=\"fr_FR\" \/>\n<meta property=\"og:type\" content=\"article\" \/>\n<meta property=\"og:title\" content=\"L&#039;assurance voyage de Juvigo - l\u2019ange gardien de vos vacances - Juvigo Magazine\" \/>\n<meta property=\"og:description\" content=\"Assurez vos vacances avec Juvigo : options d&#039;assurance annulation et protection premium pour une tranquillit\u00e9 d&#039;esprit totale.\" \/>\n<meta property=\"og:url\" content=\"https:\/\/juvigo.fr\/magazine\/assurances\/\" \/>\n<meta property=\"og:site_name\" content=\"Magazine\" \/>\n<meta property=\"article:publisher\" content=\"https:\/\/de-de.facebook.com\/meinjuvigo\" \/>\n<meta property=\"article:modified_time\" content=\"2025-10-07T15:38:00+00:00\" \/>\n<meta property=\"og:image\" content=\"https:\/\/juvigo.fr\/magazine\/wp-content\/uploads\/2024\/06\/camping-4303357_1920.jpg\" \/>\n\t<meta property=\"og:image:width\" content=\"1920\" \/>\n\t<meta property=\"og:image:height\" content=\"1080\" \/>\n\t<meta property=\"og:image:type\" content=\"image\/jpeg\" \/>\n<meta name=\"twitter:card\" content=\"summary_large_image\" \/>\n<meta name=\"twitter:site\" content=\"@meinjuvigo\" \/>\n<meta name=\"twitter:label1\" content=\"Est. reading time\" \/>\n\t<meta name=\"twitter:data1\" content=\"3 minutes\" \/>\n<script type=\"application\/ld+json\" class=\"yoast-schema-graph\">{\"@context\":\"https:\/\/schema.org\",\"@graph\":[{\"@type\":\"WebPage\",\"@id\":\"https:\/\/juvigo.fr\/magazine\/assurances\/\",\"url\":\"https:\/\/juvigo.fr\/magazine\/assurances\/\",\"name\":\"L'assurance voyage de Juvigo - l\u2019ange gardien de vos vacances - Juvigo Magazine\",\"isPartOf\":{\"@id\":\"https:\/\/juvigo.fr\/magazine\/#website\"},\"primaryImageOfPage\":{\"@id\":\"https:\/\/juvigo.fr\/magazine\/assurances\/#primaryimage\"},\"image\":{\"@id\":\"https:\/\/juvigo.fr\/magazine\/assurances\/#primaryimage\"},\"thumbnailUrl\":\"https:\/\/juvigo.fr\/magazine\/wp-content\/uploads\/2024\/06\/camping-4303357_1920.jpg\",\"datePublished\":\"2024-06-24T10:24:32+00:00\",\"dateModified\":\"2025-10-07T15:38:00+00:00\",\"description\":\"Assurez vos vacances avec Juvigo : options d'assurance annulation et protection premium pour une tranquillit\u00e9 d'esprit totale.\",\"breadcrumb\":{\"@id\":\"https:\/\/juvigo.fr\/magazine\/assurances\/#breadcrumb\"},\"inLanguage\":\"fr\",\"potentialAction\":[{\"@type\":\"ReadAction\",\"target\":[\"https:\/\/juvigo.fr\/magazine\/assurances\/\"]}]},{\"@type\":\"ImageObject\",\"inLanguage\":\"fr\",\"@id\":\"https:\/\/juvigo.fr\/magazine\/assurances\/#primaryimage\",\"url\":\"https:\/\/juvigo.fr\/magazine\/wp-content\/uploads\/2024\/06\/camping-4303357_1920.jpg\",\"contentUrl\":\"https:\/\/juvigo.fr\/magazine\/wp-content\/uploads\/2024\/06\/camping-4303357_1920.jpg\",\"width\":1920,\"height\":1080},{\"@type\":\"BreadcrumbList\",\"@id\":\"https:\/\/juvigo.fr\/magazine\/assurances\/#breadcrumb\",\"itemListElement\":[{\"@type\":\"ListItem\",\"position\":1,\"name\":\"Juvigo-Magazine\",\"item\":\"https:\/\/juvigo.fr\/magazine\/\"},{\"@type\":\"ListItem\",\"position\":2,\"name\":\"L&#8217;assurance voyage de Juvigo &#8211; l\u2019ange gardien de vos vacances\"}]},{\"@type\":\"WebSite\",\"@id\":\"https:\/\/juvigo.fr\/magazine\/#website\",\"url\":\"https:\/\/juvigo.fr\/magazine\/\",\"name\":\"Magazine\",\"description\":\"Magazine Juvigo - Ton magazine sur les colonies de vacances et s\u00e9jours linguistiques.\",\"publisher\":{\"@id\":\"https:\/\/juvigo.fr\/magazine\/#organization\"},\"potentialAction\":[{\"@type\":\"SearchAction\",\"target\":{\"@type\":\"EntryPoint\",\"urlTemplate\":\"https:\/\/juvigo.fr\/magazine\/?s={search_term_string}\"},\"query-input\":{\"@type\":\"PropertyValueSpecification\",\"valueRequired\":true,\"valueName\":\"search_term_string\"}}],\"inLanguage\":\"fr\"},{\"@type\":\"Organization\",\"@id\":\"https:\/\/juvigo.fr\/magazine\/#organization\",\"name\":\"Juvigo GmbH\",\"url\":\"https:\/\/juvigo.fr\/magazine\/\",\"logo\":{\"@type\":\"ImageObject\",\"inLanguage\":\"fr\",\"@id\":\"https:\/\/juvigo.fr\/magazine\/#\/schema\/logo\/image\/\",\"url\":\"https:\/\/juvigo.fr\/magazine\/wp-content\/uploads\/2022\/02\/magazine_logo_scaled.png\",\"contentUrl\":\"https:\/\/juvigo.fr\/magazine\/wp-content\/uploads\/2022\/02\/magazine_logo_scaled.png\",\"width\":240,\"height\":100,\"caption\":\"Juvigo GmbH\"},\"image\":{\"@id\":\"https:\/\/juvigo.fr\/magazine\/#\/schema\/logo\/image\/\"},\"sameAs\":[\"https:\/\/de-de.facebook.com\/meinjuvigo\",\"https:\/\/x.com\/meinjuvigo\",\"http:\/\/instagram.com\/juvigo_de\/\"]}]}<\/script>\n<!-- \/ Yoast SEO plugin. -->","yoast_head_json":{"title":"L'assurance voyage de Juvigo - l\u2019ange gardien de vos vacances - Juvigo Magazine","description":"Assurez vos vacances avec Juvigo : options d'assurance annulation et protection premium pour une tranquillit\u00e9 d'esprit totale.","robots":{"index":"index","follow":"follow","max-snippet":"max-snippet:-1","max-image-preview":"max-image-preview:large","max-video-preview":"max-video-preview:-1"},"canonical":"https:\/\/juvigo.fr\/magazine\/assurances\/","og_locale":"fr_FR","og_type":"article","og_title":"L'assurance voyage de Juvigo - l\u2019ange gardien de vos vacances - Juvigo Magazine","og_description":"Assurez vos vacances avec Juvigo : options d'assurance annulation et protection premium pour une tranquillit\u00e9 d'esprit totale.","og_url":"https:\/\/juvigo.fr\/magazine\/assurances\/","og_site_name":"Magazine","article_publisher":"https:\/\/de-de.facebook.com\/meinjuvigo","article_modified_time":"2025-10-07T15:38:00+00:00","og_image":[{"width":1920,"height":1080,"url":"https:\/\/juvigo.fr\/magazine\/wp-content\/uploads\/2024\/06\/camping-4303357_1920.jpg","type":"image\/jpeg"}],"twitter_card":"summary_large_image","twitter_site":"@meinjuvigo","twitter_misc":{"Est. reading time":"3 minutes"},"schema":{"@context":"https:\/\/schema.org","@graph":[{"@type":"WebPage","@id":"https:\/\/juvigo.fr\/magazine\/assurances\/","url":"https:\/\/juvigo.fr\/magazine\/assurances\/","name":"L'assurance voyage de Juvigo - l\u2019ange gardien de vos vacances - Juvigo Magazine","isPartOf":{"@id":"https:\/\/juvigo.fr\/magazine\/#website"},"primaryImageOfPage":{"@id":"https:\/\/juvigo.fr\/magazine\/assurances\/#primaryimage"},"image":{"@id":"https:\/\/juvigo.fr\/magazine\/assurances\/#primaryimage"},"thumbnailUrl":"https:\/\/juvigo.fr\/magazine\/wp-content\/uploads\/2024\/06\/camping-4303357_1920.jpg","datePublished":"2024-06-24T10:24:32+00:00","dateModified":"2025-10-07T15:38:00+00:00","description":"Assurez vos vacances avec Juvigo : options d'assurance annulation et protection premium pour une tranquillit\u00e9 d'esprit totale.","breadcrumb":{"@id":"https:\/\/juvigo.fr\/magazine\/assurances\/#breadcrumb"},"inLanguage":"fr","potentialAction":[{"@type":"ReadAction","target":["https:\/\/juvigo.fr\/magazine\/assurances\/"]}]},{"@type":"ImageObject","inLanguage":"fr","@id":"https:\/\/juvigo.fr\/magazine\/assurances\/#primaryimage","url":"https:\/\/juvigo.fr\/magazine\/wp-content\/uploads\/2024\/06\/camping-4303357_1920.jpg","contentUrl":"https:\/\/juvigo.fr\/magazine\/wp-content\/uploads\/2024\/06\/camping-4303357_1920.jpg","width":1920,"height":1080},{"@type":"BreadcrumbList","@id":"https:\/\/juvigo.fr\/magazine\/assurances\/#breadcrumb","itemListElement":[{"@type":"ListItem","position":1,"name":"Juvigo-Magazine","item":"https:\/\/juvigo.fr\/magazine\/"},{"@type":"ListItem","position":2,"name":"L&#8217;assurance voyage de Juvigo &#8211; l\u2019ange gardien de vos vacances"}]},{"@type":"WebSite","@id":"https:\/\/juvigo.fr\/magazine\/#website","url":"https:\/\/juvigo.fr\/magazine\/","name":"Magazine","description":"Magazine Juvigo - Ton magazine sur les colonies de vacances et s\u00e9jours linguistiques.","publisher":{"@id":"https:\/\/juvigo.fr\/magazine\/#organization"},"potentialAction":[{"@type":"SearchAction","target":{"@type":"EntryPoint","urlTemplate":"https:\/\/juvigo.fr\/magazine\/?s={search_term_string}"},"query-input":{"@type":"PropertyValueSpecification","valueRequired":true,"valueName":"search_term_string"}}],"inLanguage":"fr"},{"@type":"Organization","@id":"https:\/\/juvigo.fr\/magazine\/#organization","name":"Juvigo GmbH","url":"https:\/\/juvigo.fr\/magazine\/","logo":{"@type":"ImageObject","inLanguage":"fr","@id":"https:\/\/juvigo.fr\/magazine\/#\/schema\/logo\/image\/","url":"https:\/\/juvigo.fr\/magazine\/wp-content\/uploads\/2022\/02\/magazine_logo_scaled.png","contentUrl":"https:\/\/juvigo.fr\/magazine\/wp-content\/uploads\/2022\/02\/magazine_logo_scaled.png","width":240,"height":100,"caption":"Juvigo GmbH"},"image":{"@id":"https:\/\/juvigo.fr\/magazine\/#\/schema\/logo\/image\/"},"sameAs":["https:\/\/de-de.facebook.com\/meinjuvigo","https:\/\/x.com\/meinjuvigo","http:\/\/instagram.com\/juvigo_de\/"]}]}},"wps_subtitle":"","coauthors":[],"author_meta":{"author_link":"https:\/\/juvigo.fr\/magazine\/author\/max\/","display_name":"Max"},"relative_dates":{"created":"Posted 2 years ago","modified":"Updated 6 months ago"},"absolute_dates":{"created":"Posted on 24-06-2024","modified":"Updated on 07-10-2025"},"absolute_dates_time":{"created":"Posted on 24-06-2024 12:24","modified":"Updated on 07-10-2025 17:38"},"featured_img_caption":"","featured_img":"https:\/\/juvigo.fr\/magazine\/wp-content\/uploads\/2024\/06\/camping-4303357_1920.jpg","series_order":"","_links":{"self":[{"href":"https:\/\/juvigo.fr\/magazine\/wp-json\/wp\/v2\/pages\/9371","targetHints":{"allow":["GET"]}}],"collection":[{"href":"https:\/\/juvigo.fr\/magazine\/wp-json\/wp\/v2\/pages"}],"about":[{"href":"https:\/\/juvigo.fr\/magazine\/wp-json\/wp\/v2\/types\/page"}],"author":[{"embeddable":true,"href":"https:\/\/juvigo.fr\/magazine\/wp-json\/wp\/v2\/users\/3"}],"replies":[{"embeddable":true,"href":"https:\/\/juvigo.fr\/magazine\/wp-json\/wp\/v2\/comments?post=9371"}],"version-history":[{"count":3,"href":"https:\/\/juvigo.fr\/magazine\/wp-json\/wp\/v2\/pages\/9371\/revisions"}],"predecessor-version":[{"id":9464,"href":"https:\/\/juvigo.fr\/magazine\/wp-json\/wp\/v2\/pages\/9371\/revisions\/9464"}],"wp:featuredmedia":[{"embeddable":true,"href":"https:\/\/juvigo.fr\/magazine\/wp-json\/wp\/v2\/media\/9346"}],"wp:attachment":[{"href":"https:\/\/juvigo.fr\/magazine\/wp-json\/wp\/v2\/media?parent=9371"}],"wp:term":[{"taxonomy":"category","embeddable":true,"href":"https:\/\/juvigo.fr\/magazine\/wp-json\/wp\/v2\/categories?post=9371"},{"taxonomy":"post_tag","embeddable":true,"href":"https:\/\/juvigo.fr\/magazine\/wp-json\/wp\/v2\/tags?post=9371"}],"curies":[{"name":"wp","href":"https:\/\/api.w.org\/{rel}","templated":true}]}}