{"id":9363,"date":"2024-06-20T14:29:48","date_gmt":"2024-06-20T12:29:48","guid":{"rendered":"https:\/\/juvigo.fr\/magazine\/?page_id=9363"},"modified":"2025-10-07T16:55:12","modified_gmt":"2025-10-07T14:55:12","slug":"qualite","status":"publish","type":"page","link":"https:\/\/juvigo.fr\/magazine\/qualite\/","title":{"rendered":"Nos crit\u00e8res qualit\u00e9"},"content":{"rendered":"\n<h2 class=\"wp-block-heading\">Service client\u00e8le personnalis\u00e9<\/h2>\n\n\n\n<div class=\"wp-block-columns is-layout-flex wp-container-core-columns-is-layout-1 wp-block-columns-is-layout-flex\">\n<div class=\"wp-block-column is-layout-flow wp-block-column-is-layout-flow\" style=\"flex-basis:66.66%\">\n<p>Non seulement beaucoup d&#8217;entre nous \u00e0 Juvigo ont appr\u00e9ci\u00e9 passer du temps dans des colonies de vacances lorsqu&#8217;ils \u00e9taient enfants, mais certains d&#8217;entre nous ont \u00e9galement des ann\u00e9es d&#8217;exp\u00e9rience et d&#8217;expertise en tant qu\u2019animateurs de colonie. C&#8217;est pourquoi nous savons exactement ce que veulent les enfants pour que leur s\u00e9jour soit inoubliable.<\/p>\n\n\n\n<p>Il nous est tr\u00e8s important que vous nous fassiez confiance ! C&#8217;est pourquoi nous sommes heureux de vous conseiller personnellement par t\u00e9l\u00e9phone, par e-mail ou par WhatsApp et de r\u00e9pondre \u00e0 toutes les questions que vous pourriez avoir sur nos s\u00e9jours de vacances.<\/p>\n<\/div>\n\n\n\n<div class=\"wp-block-column is-layout-flow wp-block-column-is-layout-flow\" style=\"flex-basis:33.33%\"><div class=\"wp-block-image\">\n<figure class=\"aligncenter size-full\"><img decoding=\"async\" width=\"300\" height=\"300\" data-src=\"https:\/\/juvigo.fr\/magazine\/wp-content\/uploads\/2024\/06\/image-2.png\" alt=\"\" class=\"wp-image-9455 lazyload\" title=\"Conseils personnalis\u00e9s des experts de colonies de vacances de Juvigo\" data-srcset=\"https:\/\/juvigo.fr\/magazine\/wp-content\/uploads\/2024\/06\/image-2.png 300w, https:\/\/juvigo.fr\/magazine\/wp-content\/uploads\/2024\/06\/image-2-150x150.png 150w, https:\/\/juvigo.fr\/magazine\/wp-content\/uploads\/2024\/06\/image-2-278x278.png 278w, https:\/\/juvigo.fr\/magazine\/wp-content\/uploads\/2024\/06\/image-2-247x247.png 247w\" data-sizes=\"(max-width: 300px) 100vw, 300px\" src=\"data:image\/gif;base64,R0lGODlhAQABAAAAACH5BAEKAAEALAAAAAABAAEAAAICTAEAOw==\" style=\"--smush-placeholder-width: 300px; --smush-placeholder-aspect-ratio: 300\/300;\" \/><\/figure><\/div><\/div>\n<\/div>\n\n\n\n<h2 class=\"wp-block-heading\">S\u00e9lection de s\u00e9jours de vacances<\/h2>\n\n\n\n<div class=\"wp-block-columns is-layout-flex wp-container-core-columns-is-layout-2 wp-block-columns-is-layout-flex\">\n<div class=\"wp-block-column is-layout-flow wp-block-column-is-layout-flow\" style=\"flex-basis:66.66%\">\n<p>Chez nous, vous trouverez toutes les colonies de vacances et s\u00e9jours linguistique en un coup d&#8217;\u0153il. Dans l&#8217;aper\u00e7u pratique, vous pouvez imm\u00e9diatement comparer et r\u00e9server vos camps de vacances pr\u00e9f\u00e9r\u00e9s. Sur notre site web, nous proposons un grand choix de colonies de vacances et de s\u00e9jours pour jeunes dans 10 pays diff\u00e9rents. Cela repr\u00e9sente une quantit\u00e9 cons\u00e9quente de dates de voyage r\u00e9servables \u00e0 travers l\u2019Europe ! Les vacances sont s\u00e9lectionn\u00e9es sur la base de crit\u00e8res stricts, afin que vous puissiez non seulement vous amuser en vacances, mais aussi \u00eatre parfaitement pris en charge dans un environnement fiable et encadr\u00e9 !<\/p>\n<\/div>\n\n\n\n<div class=\"wp-block-column is-layout-flow wp-block-column-is-layout-flow\" style=\"flex-basis:33.33%\"><\/div>\n<\/div>\n\n\n\n<h2 class=\"wp-block-heading\">R\u00e9servation simple et s\u00e9curis\u00e9e<\/h2>\n\n\n\n<div class=\"wp-block-columns is-layout-flex wp-container-core-columns-is-layout-3 wp-block-columns-is-layout-flex\">\n<div class=\"wp-block-column is-layout-flow wp-block-column-is-layout-flow\" style=\"flex-basis:66.66%\">\n<p>Juvigo rend la proc\u00e9dure de r\u00e9servation aussi simple que possible. Un processus de r\u00e9servation simple, sans d\u00e9tours ni informations trompeuses, fait partie des r\u00e8gles de base de notre service. C&#8217;est le c\u0153ur de Juvigo. Apr\u00e8s la r\u00e9servation, vous recevrez toutes les informations importantes sur le s\u00e9jour que vous avez r\u00e9serv\u00e9.<\/p>\n\n\n\n<p>Vous n\u2019\u00eates pas encore s\u00fbr de vouloir r\u00e9server ? Pas de probl\u00e8me. Gr\u00e2ce \u00e0 notre service de r\u00e9servation t\u00e9l\u00e9phonique, vous pouvez d\u00e9j\u00e0 obtenir une place et faire la r\u00e9servation ferme \u00e0 une date ult\u00e9rieure. De plus, nous vous offrons une annulation gratuite !<\/p>\n<\/div>\n\n\n\n<div class=\"wp-block-column is-layout-flow wp-block-column-is-layout-flow\" style=\"flex-basis:33.33%\"><div class=\"wp-block-image\">\n<figure class=\"aligncenter size-full\"><img decoding=\"async\" width=\"300\" height=\"300\" data-src=\"https:\/\/juvigo.fr\/magazine\/wp-content\/uploads\/2024\/06\/image-3.png\" alt=\"\" class=\"wp-image-9456 lazyload\" title=\"A Juvigo, tu peux faire ta r\u00e9servation par t\u00e9l\u00e9phone !\" data-srcset=\"https:\/\/juvigo.fr\/magazine\/wp-content\/uploads\/2024\/06\/image-3.png 300w, https:\/\/juvigo.fr\/magazine\/wp-content\/uploads\/2024\/06\/image-3-150x150.png 150w, https:\/\/juvigo.fr\/magazine\/wp-content\/uploads\/2024\/06\/image-3-278x278.png 278w, https:\/\/juvigo.fr\/magazine\/wp-content\/uploads\/2024\/06\/image-3-247x247.png 247w\" data-sizes=\"(max-width: 300px) 100vw, 300px\" src=\"data:image\/gif;base64,R0lGODlhAQABAAAAACH5BAEKAAEALAAAAAABAAEAAAICTAEAOw==\" style=\"--smush-placeholder-width: 300px; --smush-placeholder-aspect-ratio: 300\/300;\" \/><\/figure><\/div><\/div>\n<\/div>\n\n\n\n<h2 class=\"wp-block-heading\">Un service de haute qualit\u00e9<\/h2>\n\n\n\n<div class=\"wp-block-columns is-layout-flex wp-container-core-columns-is-layout-4 wp-block-columns-is-layout-flex\">\n<div class=\"wp-block-column is-layout-flow wp-block-column-is-layout-flow\" style=\"flex-basis:66.66%\">\n<p>Si vous avez des questions, vous pouvez toujours nous appeler ou nous envoyer un courriel. Nous veillerons personnellement \u00e0 ce que vous r\u00e9serviez la colonie de vacances qui vous convient ! Nous fournissons \u00e9galement des conseils d&#8217;experts pour les s\u00e9jours linguistiques. Pour les groupes, nous disposons \u00e9galement d\u2019un service de r\u00e9servation personnalis\u00e9. Un membre de notre \u00e9quipe d\u2019experts vous conseillera et effectuera la r\u00e9servation si n\u00e9cessaire, gratuitement et sans engagement ! Nos experts r\u00e9pondront \u00e0 toutes vos questions concernant les colonies de vacances et les s\u00e9jours linguistiques pour jeunes.<\/p>\n<\/div>\n\n\n\n<div class=\"wp-block-column is-layout-flow wp-block-column-is-layout-flow\" style=\"flex-basis:33.33%\"><\/div>\n<\/div>\n\n\n\n<h2 class=\"wp-block-heading\">Un concept exceptionnel<\/h2>\n\n\n\n<div class=\"wp-block-columns is-layout-flex wp-container-core-columns-is-layout-5 wp-block-columns-is-layout-flex\">\n<div class=\"wp-block-column is-layout-flow wp-block-column-is-layout-flow\" style=\"flex-basis:66.66%\">\n<p>Le concept de Juvigo est une r\u00e9ussite. Juvigo a r\u00e9cemment re\u00e7u un prix international de l&#8217;Association allemande des voyages sur Internet (VIR) pour l&#8217;id\u00e9e de proposer des colonies de vacances, des voyages pour les jeunes et des s\u00e9jours linguistiques en ligne. Ce prix est une reconnaissance de l&#8217;approche de Juvigo pour rendre transparents les march\u00e9s r\u00e9gionaux et fragment\u00e9s du voyage. Ils ont \u00e9galement \u00e9t\u00e9 impressionn\u00e9s par l&#8217;approche de Juvigo en mati\u00e8re de service \u00e0 la client\u00e8le. Les enfants, les adolescents et les parents ne sont pas seulement conseill\u00e9s par nos experts en vacances par t\u00e9l\u00e9phone, mais aussi par e-mail, par WhatsApp et par Facebook !<\/p>\n<\/div>\n\n\n\n<div class=\"wp-block-column is-layout-flow wp-block-column-is-layout-flow\" style=\"flex-basis:33.33%\"><div class=\"wp-block-image\">\n<figure class=\"aligncenter size-full\"><img decoding=\"async\" width=\"994\" height=\"397\" data-src=\"https:\/\/juvigo.fr\/magazine\/wp-content\/uploads\/2024\/06\/image-4.png\" alt=\"\" class=\"wp-image-9457 lazyload\" title=\"Juvigo - Gewinner des VIR Innovationswettbewerbes 'Sprungbrett' 2017\" data-srcset=\"https:\/\/juvigo.fr\/magazine\/wp-content\/uploads\/2024\/06\/image-4.png 994w, https:\/\/juvigo.fr\/magazine\/wp-content\/uploads\/2024\/06\/image-4-300x120.png 300w, https:\/\/juvigo.fr\/magazine\/wp-content\/uploads\/2024\/06\/image-4-768x307.png 768w, https:\/\/juvigo.fr\/magazine\/wp-content\/uploads\/2024\/06\/image-4-600x240.png 600w, https:\/\/juvigo.fr\/magazine\/wp-content\/uploads\/2024\/06\/image-4-800x320.png 800w\" data-sizes=\"(max-width: 994px) 100vw, 994px\" src=\"data:image\/gif;base64,R0lGODlhAQABAAAAACH5BAEKAAEALAAAAAABAAEAAAICTAEAOw==\" style=\"--smush-placeholder-width: 994px; --smush-placeholder-aspect-ratio: 994\/397;\" \/><\/figure><\/div><\/div>\n<\/div>\n\n\n\n<div class=\"skeepers_carousel_container\" data-slides-count=\"3\"><\/div><script async charset=\"utf-8\" src=\"\/\/widgets.rr.skeepers.io\/carousel\/9b9688b9-0a5e-f0e4-4549-9e5d3b0c88d6\/b4e9b7fe-8b36-49c6-8ddd-266138ac8c8b.js\"><\/script>\n","protected":false},"excerpt":{"rendered":"<p>Service client\u00e8le personnalis\u00e9 Non seulement beaucoup d&#8217;entre nous \u00e0 Juvigo ont appr\u00e9ci\u00e9 passer du temps dans des colonies de vacances lorsqu&#8217;ils \u00e9taient enfants, mais certains d&#8217;entre nous ont \u00e9galement des ann\u00e9es d&#8217;exp\u00e9rience et d&#8217;expertise en tant qu\u2019animateurs de colonie. C&#8217;est pourquoi nous savons exactement ce que veulent les enfants pour que leur s\u00e9jour soit inoubliable. [&hellip;]<\/p>\n","protected":false},"author":3,"featured_media":9346,"parent":0,"menu_order":0,"comment_status":"closed","ping_status":"closed","template":"","meta":{"advgb_blocks_editor_width":"","advgb_blocks_columns_visual_guide":"","footnotes":"","_links_to":"","_links_to_target":""},"categories":[],"tags":[],"class_list":["post-9363","page","type-page","status-publish","has-post-thumbnail","hentry"],"yoast_head":"<!-- This site is optimized with the Yoast SEO plugin v24.8.1 - https:\/\/yoast.com\/wordpress\/plugins\/seo\/ -->\n<title>Nos crit\u00e8res qualit\u00e9 - Juvigo Magazine<\/title>\n<meta name=\"description\" content=\"D\u00e9couvrez nos crit\u00e8res qualit\u00e9 de Juvigo. Service client personnalis\u00e9, s\u00e9lection rigoureuse des s\u00e9jours et processus de r\u00e9servation simplifi\u00e9\" \/>\n<meta name=\"robots\" content=\"index, follow, max-snippet:-1, max-image-preview:large, max-video-preview:-1\" \/>\n<link rel=\"canonical\" href=\"https:\/\/juvigo.fr\/magazine\/qualite\/\" \/>\n<meta property=\"og:locale\" content=\"fr_FR\" \/>\n<meta property=\"og:type\" content=\"article\" \/>\n<meta property=\"og:title\" content=\"Nos crit\u00e8res qualit\u00e9 - Juvigo Magazine\" \/>\n<meta property=\"og:description\" content=\"D\u00e9couvrez nos crit\u00e8res qualit\u00e9 de Juvigo. Service client personnalis\u00e9, s\u00e9lection rigoureuse des s\u00e9jours et processus de r\u00e9servation simplifi\u00e9\" \/>\n<meta property=\"og:url\" content=\"https:\/\/juvigo.fr\/magazine\/qualite\/\" \/>\n<meta property=\"og:site_name\" content=\"Magazine\" \/>\n<meta property=\"article:publisher\" content=\"https:\/\/de-de.facebook.com\/meinjuvigo\" \/>\n<meta property=\"article:modified_time\" content=\"2025-10-07T14:55:12+00:00\" \/>\n<meta property=\"og:image\" content=\"https:\/\/juvigo.fr\/magazine\/wp-content\/uploads\/2024\/06\/camping-4303357_1920.jpg\" \/>\n\t<meta property=\"og:image:width\" content=\"1920\" \/>\n\t<meta property=\"og:image:height\" content=\"1080\" \/>\n\t<meta property=\"og:image:type\" content=\"image\/jpeg\" \/>\n<meta name=\"twitter:card\" content=\"summary_large_image\" \/>\n<meta name=\"twitter:site\" content=\"@meinjuvigo\" \/>\n<meta name=\"twitter:label1\" content=\"Est. reading time\" \/>\n\t<meta name=\"twitter:data1\" content=\"3 minutes\" \/>\n<script type=\"application\/ld+json\" class=\"yoast-schema-graph\">{\"@context\":\"https:\/\/schema.org\",\"@graph\":[{\"@type\":\"WebPage\",\"@id\":\"https:\/\/juvigo.fr\/magazine\/qualite\/\",\"url\":\"https:\/\/juvigo.fr\/magazine\/qualite\/\",\"name\":\"Nos crit\u00e8res qualit\u00e9 - Juvigo Magazine\",\"isPartOf\":{\"@id\":\"https:\/\/juvigo.fr\/magazine\/#website\"},\"primaryImageOfPage\":{\"@id\":\"https:\/\/juvigo.fr\/magazine\/qualite\/#primaryimage\"},\"image\":{\"@id\":\"https:\/\/juvigo.fr\/magazine\/qualite\/#primaryimage\"},\"thumbnailUrl\":\"https:\/\/juvigo.fr\/magazine\/wp-content\/uploads\/2024\/06\/camping-4303357_1920.jpg\",\"datePublished\":\"2024-06-20T12:29:48+00:00\",\"dateModified\":\"2025-10-07T14:55:12+00:00\",\"description\":\"D\u00e9couvrez nos crit\u00e8res qualit\u00e9 de Juvigo. Service client personnalis\u00e9, s\u00e9lection rigoureuse des s\u00e9jours et processus de r\u00e9servation simplifi\u00e9\",\"breadcrumb\":{\"@id\":\"https:\/\/juvigo.fr\/magazine\/qualite\/#breadcrumb\"},\"inLanguage\":\"fr\",\"potentialAction\":[{\"@type\":\"ReadAction\",\"target\":[\"https:\/\/juvigo.fr\/magazine\/qualite\/\"]}]},{\"@type\":\"ImageObject\",\"inLanguage\":\"fr\",\"@id\":\"https:\/\/juvigo.fr\/magazine\/qualite\/#primaryimage\",\"url\":\"https:\/\/juvigo.fr\/magazine\/wp-content\/uploads\/2024\/06\/camping-4303357_1920.jpg\",\"contentUrl\":\"https:\/\/juvigo.fr\/magazine\/wp-content\/uploads\/2024\/06\/camping-4303357_1920.jpg\",\"width\":1920,\"height\":1080},{\"@type\":\"BreadcrumbList\",\"@id\":\"https:\/\/juvigo.fr\/magazine\/qualite\/#breadcrumb\",\"itemListElement\":[{\"@type\":\"ListItem\",\"position\":1,\"name\":\"Juvigo-Magazine\",\"item\":\"https:\/\/juvigo.fr\/magazine\/\"},{\"@type\":\"ListItem\",\"position\":2,\"name\":\"Nos crit\u00e8res qualit\u00e9\"}]},{\"@type\":\"WebSite\",\"@id\":\"https:\/\/juvigo.fr\/magazine\/#website\",\"url\":\"https:\/\/juvigo.fr\/magazine\/\",\"name\":\"Magazine\",\"description\":\"Magazine Juvigo - Ton magazine sur les colonies de vacances et s\u00e9jours linguistiques.\",\"publisher\":{\"@id\":\"https:\/\/juvigo.fr\/magazine\/#organization\"},\"potentialAction\":[{\"@type\":\"SearchAction\",\"target\":{\"@type\":\"EntryPoint\",\"urlTemplate\":\"https:\/\/juvigo.fr\/magazine\/?s={search_term_string}\"},\"query-input\":{\"@type\":\"PropertyValueSpecification\",\"valueRequired\":true,\"valueName\":\"search_term_string\"}}],\"inLanguage\":\"fr\"},{\"@type\":\"Organization\",\"@id\":\"https:\/\/juvigo.fr\/magazine\/#organization\",\"name\":\"Juvigo GmbH\",\"url\":\"https:\/\/juvigo.fr\/magazine\/\",\"logo\":{\"@type\":\"ImageObject\",\"inLanguage\":\"fr\",\"@id\":\"https:\/\/juvigo.fr\/magazine\/#\/schema\/logo\/image\/\",\"url\":\"https:\/\/juvigo.fr\/magazine\/wp-content\/uploads\/2022\/02\/magazine_logo_scaled.png\",\"contentUrl\":\"https:\/\/juvigo.fr\/magazine\/wp-content\/uploads\/2022\/02\/magazine_logo_scaled.png\",\"width\":240,\"height\":100,\"caption\":\"Juvigo GmbH\"},\"image\":{\"@id\":\"https:\/\/juvigo.fr\/magazine\/#\/schema\/logo\/image\/\"},\"sameAs\":[\"https:\/\/de-de.facebook.com\/meinjuvigo\",\"https:\/\/x.com\/meinjuvigo\",\"http:\/\/instagram.com\/juvigo_de\/\"]}]}<\/script>\n<!-- \/ Yoast SEO plugin. -->","yoast_head_json":{"title":"Nos crit\u00e8res qualit\u00e9 - Juvigo Magazine","description":"D\u00e9couvrez nos crit\u00e8res qualit\u00e9 de Juvigo. Service client personnalis\u00e9, s\u00e9lection rigoureuse des s\u00e9jours et processus de r\u00e9servation simplifi\u00e9","robots":{"index":"index","follow":"follow","max-snippet":"max-snippet:-1","max-image-preview":"max-image-preview:large","max-video-preview":"max-video-preview:-1"},"canonical":"https:\/\/juvigo.fr\/magazine\/qualite\/","og_locale":"fr_FR","og_type":"article","og_title":"Nos crit\u00e8res qualit\u00e9 - Juvigo Magazine","og_description":"D\u00e9couvrez nos crit\u00e8res qualit\u00e9 de Juvigo. Service client personnalis\u00e9, s\u00e9lection rigoureuse des s\u00e9jours et processus de r\u00e9servation simplifi\u00e9","og_url":"https:\/\/juvigo.fr\/magazine\/qualite\/","og_site_name":"Magazine","article_publisher":"https:\/\/de-de.facebook.com\/meinjuvigo","article_modified_time":"2025-10-07T14:55:12+00:00","og_image":[{"width":1920,"height":1080,"url":"https:\/\/juvigo.fr\/magazine\/wp-content\/uploads\/2024\/06\/camping-4303357_1920.jpg","type":"image\/jpeg"}],"twitter_card":"summary_large_image","twitter_site":"@meinjuvigo","twitter_misc":{"Est. reading time":"3 minutes"},"schema":{"@context":"https:\/\/schema.org","@graph":[{"@type":"WebPage","@id":"https:\/\/juvigo.fr\/magazine\/qualite\/","url":"https:\/\/juvigo.fr\/magazine\/qualite\/","name":"Nos crit\u00e8res qualit\u00e9 - Juvigo Magazine","isPartOf":{"@id":"https:\/\/juvigo.fr\/magazine\/#website"},"primaryImageOfPage":{"@id":"https:\/\/juvigo.fr\/magazine\/qualite\/#primaryimage"},"image":{"@id":"https:\/\/juvigo.fr\/magazine\/qualite\/#primaryimage"},"thumbnailUrl":"https:\/\/juvigo.fr\/magazine\/wp-content\/uploads\/2024\/06\/camping-4303357_1920.jpg","datePublished":"2024-06-20T12:29:48+00:00","dateModified":"2025-10-07T14:55:12+00:00","description":"D\u00e9couvrez nos crit\u00e8res qualit\u00e9 de Juvigo. Service client personnalis\u00e9, s\u00e9lection rigoureuse des s\u00e9jours et processus de r\u00e9servation simplifi\u00e9","breadcrumb":{"@id":"https:\/\/juvigo.fr\/magazine\/qualite\/#breadcrumb"},"inLanguage":"fr","potentialAction":[{"@type":"ReadAction","target":["https:\/\/juvigo.fr\/magazine\/qualite\/"]}]},{"@type":"ImageObject","inLanguage":"fr","@id":"https:\/\/juvigo.fr\/magazine\/qualite\/#primaryimage","url":"https:\/\/juvigo.fr\/magazine\/wp-content\/uploads\/2024\/06\/camping-4303357_1920.jpg","contentUrl":"https:\/\/juvigo.fr\/magazine\/wp-content\/uploads\/2024\/06\/camping-4303357_1920.jpg","width":1920,"height":1080},{"@type":"BreadcrumbList","@id":"https:\/\/juvigo.fr\/magazine\/qualite\/#breadcrumb","itemListElement":[{"@type":"ListItem","position":1,"name":"Juvigo-Magazine","item":"https:\/\/juvigo.fr\/magazine\/"},{"@type":"ListItem","position":2,"name":"Nos crit\u00e8res qualit\u00e9"}]},{"@type":"WebSite","@id":"https:\/\/juvigo.fr\/magazine\/#website","url":"https:\/\/juvigo.fr\/magazine\/","name":"Magazine","description":"Magazine Juvigo - Ton magazine sur les colonies de vacances et s\u00e9jours linguistiques.","publisher":{"@id":"https:\/\/juvigo.fr\/magazine\/#organization"},"potentialAction":[{"@type":"SearchAction","target":{"@type":"EntryPoint","urlTemplate":"https:\/\/juvigo.fr\/magazine\/?s={search_term_string}"},"query-input":{"@type":"PropertyValueSpecification","valueRequired":true,"valueName":"search_term_string"}}],"inLanguage":"fr"},{"@type":"Organization","@id":"https:\/\/juvigo.fr\/magazine\/#organization","name":"Juvigo GmbH","url":"https:\/\/juvigo.fr\/magazine\/","logo":{"@type":"ImageObject","inLanguage":"fr","@id":"https:\/\/juvigo.fr\/magazine\/#\/schema\/logo\/image\/","url":"https:\/\/juvigo.fr\/magazine\/wp-content\/uploads\/2022\/02\/magazine_logo_scaled.png","contentUrl":"https:\/\/juvigo.fr\/magazine\/wp-content\/uploads\/2022\/02\/magazine_logo_scaled.png","width":240,"height":100,"caption":"Juvigo GmbH"},"image":{"@id":"https:\/\/juvigo.fr\/magazine\/#\/schema\/logo\/image\/"},"sameAs":["https:\/\/de-de.facebook.com\/meinjuvigo","https:\/\/x.com\/meinjuvigo","http:\/\/instagram.com\/juvigo_de\/"]}]}},"wps_subtitle":"","coauthors":[],"author_meta":{"author_link":"https:\/\/juvigo.fr\/magazine\/author\/max\/","display_name":"Max"},"relative_dates":{"created":"Posted 2 years ago","modified":"Updated 6 months ago"},"absolute_dates":{"created":"Posted on 20-06-2024","modified":"Updated on 07-10-2025"},"absolute_dates_time":{"created":"Posted on 20-06-2024 14:29","modified":"Updated on 07-10-2025 16:55"},"featured_img_caption":"","featured_img":"https:\/\/juvigo.fr\/magazine\/wp-content\/uploads\/2024\/06\/camping-4303357_1920.jpg","series_order":"","_links":{"self":[{"href":"https:\/\/juvigo.fr\/magazine\/wp-json\/wp\/v2\/pages\/9363","targetHints":{"allow":["GET"]}}],"collection":[{"href":"https:\/\/juvigo.fr\/magazine\/wp-json\/wp\/v2\/pages"}],"about":[{"href":"https:\/\/juvigo.fr\/magazine\/wp-json\/wp\/v2\/types\/page"}],"author":[{"embeddable":true,"href":"https:\/\/juvigo.fr\/magazine\/wp-json\/wp\/v2\/users\/3"}],"replies":[{"embeddable":true,"href":"https:\/\/juvigo.fr\/magazine\/wp-json\/wp\/v2\/comments?post=9363"}],"version-history":[{"count":4,"href":"https:\/\/juvigo.fr\/magazine\/wp-json\/wp\/v2\/pages\/9363\/revisions"}],"predecessor-version":[{"id":9459,"href":"https:\/\/juvigo.fr\/magazine\/wp-json\/wp\/v2\/pages\/9363\/revisions\/9459"}],"wp:featuredmedia":[{"embeddable":true,"href":"https:\/\/juvigo.fr\/magazine\/wp-json\/wp\/v2\/media\/9346"}],"wp:attachment":[{"href":"https:\/\/juvigo.fr\/magazine\/wp-json\/wp\/v2\/media?parent=9363"}],"wp:term":[{"taxonomy":"category","embeddable":true,"href":"https:\/\/juvigo.fr\/magazine\/wp-json\/wp\/v2\/categories?post=9363"},{"taxonomy":"post_tag","embeddable":true,"href":"https:\/\/juvigo.fr\/magazine\/wp-json\/wp\/v2\/tags?post=9363"}],"curies":[{"name":"wp","href":"https:\/\/api.w.org\/{rel}","templated":true}]}}