{"id":9354,"date":"2024-06-20T14:24:49","date_gmt":"2024-06-20T12:24:49","guid":{"rendered":"https:\/\/juvigo.fr\/magazine\/?page_id=9354"},"modified":"2025-10-07T17:41:41","modified_gmt":"2025-10-07T15:41:41","slug":"alliances","status":"publish","type":"page","link":"https:\/\/juvigo.fr\/magazine\/alliances\/","title":{"rendered":"Nous sommes actifs dans les associations de voyages pour jeunes!"},"content":{"rendered":"\n<div class=\"wp-block-columns is-layout-flex wp-container-core-columns-is-layout-1 wp-block-columns-is-layout-flex\">\n<div class=\"wp-block-column is-layout-flow wp-block-column-is-layout-flow\" style=\"flex-basis:66.66%\">\n<p>Il est primordial pour nous d\u2019\u00eatre actif dans les diff\u00e9rentes associations du monde des colonies de vacances. En effet, en tant qu\u2019acteur du secteur touristique, il nous tient \u00e0 coeur d\u2019\u00eatre investit. D\u00e9couvrez ci-dessous les diff\u00e9rentes associations desquelles nous faisons partie.<\/p>\n<\/div>\n\n\n\n<div class=\"wp-block-column is-layout-flow wp-block-column-is-layout-flow\" style=\"flex-basis:33.33%\"><\/div>\n<\/div>\n\n\n\n<h2 class=\"wp-block-heading\">Atout France &#8211; Agence de d\u00e9veloppement touristique de la France<\/h2>\n\n\n\n<div class=\"wp-block-columns is-layout-flex wp-container-core-columns-is-layout-2 wp-block-columns-is-layout-flex\">\n<div class=\"wp-block-column is-layout-flow wp-block-column-is-layout-flow\" style=\"flex-basis:66.66%\">\n<p>En tant qu\u2019agence de d\u00e9veloppement touristique de la France, Atout France est charg\u00e9e de renforcer l\u2019attractivit\u00e9 de la France en tant que destination de voyage \u00e0 l\u2019international. Avec notre immatriculation \u00e0 Atout France en libre prestation de service (IM099210001), nous vous garantissons s\u00e9curit\u00e9 pour nos s\u00e9jours.<\/p>\n<\/div>\n\n\n\n<div class=\"wp-block-column is-layout-flow wp-block-column-is-layout-flow\" style=\"flex-basis:33.33%\"><div class=\"wp-block-image\">\n<figure class=\"aligncenter size-full\"><img decoding=\"async\" width=\"320\" height=\"320\" data-src=\"https:\/\/juvigo.fr\/magazine\/wp-content\/uploads\/2024\/06\/image.jpeg\" alt=\"\" class=\"wp-image-9453 lazyload\" title=\"Juvigo est immatricul\u00e9 chez Atout France\" data-srcset=\"https:\/\/juvigo.fr\/magazine\/wp-content\/uploads\/2024\/06\/image.jpeg 320w, https:\/\/juvigo.fr\/magazine\/wp-content\/uploads\/2024\/06\/image-300x300.jpeg 300w, https:\/\/juvigo.fr\/magazine\/wp-content\/uploads\/2024\/06\/image-150x150.jpeg 150w, https:\/\/juvigo.fr\/magazine\/wp-content\/uploads\/2024\/06\/image-278x278.jpeg 278w, https:\/\/juvigo.fr\/magazine\/wp-content\/uploads\/2024\/06\/image-247x247.jpeg 247w\" data-sizes=\"(max-width: 320px) 100vw, 320px\" src=\"data:image\/gif;base64,R0lGODlhAQABAAAAACH5BAEKAAEALAAAAAABAAEAAAICTAEAOw==\" style=\"--smush-placeholder-width: 320px; --smush-placeholder-aspect-ratio: 320\/320;\" \/><\/figure><\/div><\/div>\n<\/div>\n\n\n\n<h2 class=\"wp-block-heading\">Reisenetz &#8211; Association professionnelle pour les voyages en Allemagne<\/h2>\n\n\n\n<div class=\"wp-block-columns is-layout-flex wp-container-core-columns-is-layout-3 wp-block-columns-is-layout-flex\">\n<div class=\"wp-block-column is-layout-flow wp-block-column-is-layout-flow\" style=\"flex-basis:66.66%\">\n<p>Dans la mesure o\u00f9 nous proposons des s\u00e9jours \u00e0 l\u2019\u00e9tranger et notamment en Allemagne, il \u00e9tait important pour nous d\u2019int\u00e9grer le r\u00e9seau Reisenetz. Depuis plus de 25 ans, cette association qui est le plus grand r\u00e9seau d\u2019Allemagne pour les voyages pour jeunes regroupe les acteurs principaux de ce secteur et se bat pour la professionnalisation du milieu.<\/p>\n<\/div>\n\n\n\n<div class=\"wp-block-column is-layout-flow wp-block-column-is-layout-flow\" style=\"flex-basis:33.33%\"><div class=\"wp-block-image\">\n<figure class=\"aligncenter size-full\"><img decoding=\"async\" width=\"811\" height=\"367\" data-src=\"https:\/\/juvigo.fr\/magazine\/wp-content\/uploads\/2024\/06\/image-1.png\" alt=\"\" class=\"wp-image-9454 lazyload\" title=\"Juvigo est membre de l'association Reisenetz\" data-srcset=\"https:\/\/juvigo.fr\/magazine\/wp-content\/uploads\/2024\/06\/image-1.png 811w, https:\/\/juvigo.fr\/magazine\/wp-content\/uploads\/2024\/06\/image-1-300x136.png 300w, https:\/\/juvigo.fr\/magazine\/wp-content\/uploads\/2024\/06\/image-1-768x348.png 768w, https:\/\/juvigo.fr\/magazine\/wp-content\/uploads\/2024\/06\/image-1-600x272.png 600w, https:\/\/juvigo.fr\/magazine\/wp-content\/uploads\/2024\/06\/image-1-800x362.png 800w\" data-sizes=\"(max-width: 811px) 100vw, 811px\" src=\"data:image\/gif;base64,R0lGODlhAQABAAAAACH5BAEKAAEALAAAAAABAAEAAAICTAEAOw==\" style=\"--smush-placeholder-width: 811px; --smush-placeholder-aspect-ratio: 811\/367;\" \/><\/figure><\/div><\/div>\n<\/div>\n","protected":false},"excerpt":{"rendered":"<p>Il est primordial pour nous d\u2019\u00eatre actif dans les diff\u00e9rentes associations du monde des colonies de vacances. En effet, en tant qu\u2019acteur du secteur touristique, il nous tient \u00e0 coeur d\u2019\u00eatre investit. D\u00e9couvrez ci-dessous les diff\u00e9rentes associations desquelles nous faisons partie. Atout France &#8211; Agence de d\u00e9veloppement touristique de la France En tant qu\u2019agence de [&hellip;]<\/p>\n","protected":false},"author":3,"featured_media":9346,"parent":0,"menu_order":0,"comment_status":"closed","ping_status":"closed","template":"","meta":{"advgb_blocks_editor_width":"","advgb_blocks_columns_visual_guide":"","footnotes":"","_links_to":"","_links_to_target":""},"categories":[],"tags":[],"class_list":["post-9354","page","type-page","status-publish","has-post-thumbnail","hentry"],"yoast_head":"<!-- This site is optimized with the Yoast SEO plugin v24.8.1 - https:\/\/yoast.com\/wordpress\/plugins\/seo\/ -->\n<title>Nous sommes actifs dans les associations de voyages pour jeunes! - Juvigo Magazine<\/title>\n<meta name=\"description\" content=\"D\u00e9couvrez les partenariats de Juvigo avec des acteurs du tourisme, des institutions \u00e9ducatives et des entreprises pour des s\u00e9jours id\u00e9aux.\" \/>\n<meta name=\"robots\" content=\"index, follow, max-snippet:-1, max-image-preview:large, max-video-preview:-1\" \/>\n<link rel=\"canonical\" href=\"https:\/\/juvigo.fr\/magazine\/alliances\/\" \/>\n<meta property=\"og:locale\" content=\"fr_FR\" \/>\n<meta property=\"og:type\" content=\"article\" \/>\n<meta property=\"og:title\" content=\"Nous sommes actifs dans les associations de voyages pour jeunes! - Juvigo Magazine\" \/>\n<meta property=\"og:description\" content=\"D\u00e9couvrez les partenariats de Juvigo avec des acteurs du tourisme, des institutions \u00e9ducatives et des entreprises pour des s\u00e9jours id\u00e9aux.\" \/>\n<meta property=\"og:url\" content=\"https:\/\/juvigo.fr\/magazine\/alliances\/\" \/>\n<meta property=\"og:site_name\" content=\"Magazine\" \/>\n<meta property=\"article:publisher\" content=\"https:\/\/de-de.facebook.com\/meinjuvigo\" \/>\n<meta property=\"article:modified_time\" content=\"2025-10-07T15:41:41+00:00\" \/>\n<meta property=\"og:image\" content=\"https:\/\/juvigo.fr\/magazine\/wp-content\/uploads\/2024\/06\/camping-4303357_1920.jpg\" \/>\n\t<meta property=\"og:image:width\" content=\"1920\" \/>\n\t<meta property=\"og:image:height\" content=\"1080\" \/>\n\t<meta property=\"og:image:type\" content=\"image\/jpeg\" \/>\n<meta name=\"twitter:card\" content=\"summary_large_image\" \/>\n<meta name=\"twitter:site\" content=\"@meinjuvigo\" \/>\n<meta name=\"twitter:label1\" content=\"Est. reading time\" \/>\n\t<meta name=\"twitter:data1\" content=\"2 minutes\" \/>\n<script type=\"application\/ld+json\" class=\"yoast-schema-graph\">{\"@context\":\"https:\/\/schema.org\",\"@graph\":[{\"@type\":\"WebPage\",\"@id\":\"https:\/\/juvigo.fr\/magazine\/alliances\/\",\"url\":\"https:\/\/juvigo.fr\/magazine\/alliances\/\",\"name\":\"Nous sommes actifs dans les associations de voyages pour jeunes! - Juvigo Magazine\",\"isPartOf\":{\"@id\":\"https:\/\/juvigo.fr\/magazine\/#website\"},\"primaryImageOfPage\":{\"@id\":\"https:\/\/juvigo.fr\/magazine\/alliances\/#primaryimage\"},\"image\":{\"@id\":\"https:\/\/juvigo.fr\/magazine\/alliances\/#primaryimage\"},\"thumbnailUrl\":\"https:\/\/juvigo.fr\/magazine\/wp-content\/uploads\/2024\/06\/camping-4303357_1920.jpg\",\"datePublished\":\"2024-06-20T12:24:49+00:00\",\"dateModified\":\"2025-10-07T15:41:41+00:00\",\"description\":\"D\u00e9couvrez les partenariats de Juvigo avec des acteurs du tourisme, des institutions \u00e9ducatives et des entreprises pour des s\u00e9jours id\u00e9aux.\",\"breadcrumb\":{\"@id\":\"https:\/\/juvigo.fr\/magazine\/alliances\/#breadcrumb\"},\"inLanguage\":\"fr\",\"potentialAction\":[{\"@type\":\"ReadAction\",\"target\":[\"https:\/\/juvigo.fr\/magazine\/alliances\/\"]}]},{\"@type\":\"ImageObject\",\"inLanguage\":\"fr\",\"@id\":\"https:\/\/juvigo.fr\/magazine\/alliances\/#primaryimage\",\"url\":\"https:\/\/juvigo.fr\/magazine\/wp-content\/uploads\/2024\/06\/camping-4303357_1920.jpg\",\"contentUrl\":\"https:\/\/juvigo.fr\/magazine\/wp-content\/uploads\/2024\/06\/camping-4303357_1920.jpg\",\"width\":1920,\"height\":1080},{\"@type\":\"BreadcrumbList\",\"@id\":\"https:\/\/juvigo.fr\/magazine\/alliances\/#breadcrumb\",\"itemListElement\":[{\"@type\":\"ListItem\",\"position\":1,\"name\":\"Juvigo-Magazine\",\"item\":\"https:\/\/juvigo.fr\/magazine\/\"},{\"@type\":\"ListItem\",\"position\":2,\"name\":\"Nous sommes actifs dans les associations de voyages pour jeunes!\"}]},{\"@type\":\"WebSite\",\"@id\":\"https:\/\/juvigo.fr\/magazine\/#website\",\"url\":\"https:\/\/juvigo.fr\/magazine\/\",\"name\":\"Magazine\",\"description\":\"Magazine Juvigo - Ton magazine sur les colonies de vacances et s\u00e9jours linguistiques.\",\"publisher\":{\"@id\":\"https:\/\/juvigo.fr\/magazine\/#organization\"},\"potentialAction\":[{\"@type\":\"SearchAction\",\"target\":{\"@type\":\"EntryPoint\",\"urlTemplate\":\"https:\/\/juvigo.fr\/magazine\/?s={search_term_string}\"},\"query-input\":{\"@type\":\"PropertyValueSpecification\",\"valueRequired\":true,\"valueName\":\"search_term_string\"}}],\"inLanguage\":\"fr\"},{\"@type\":\"Organization\",\"@id\":\"https:\/\/juvigo.fr\/magazine\/#organization\",\"name\":\"Juvigo GmbH\",\"url\":\"https:\/\/juvigo.fr\/magazine\/\",\"logo\":{\"@type\":\"ImageObject\",\"inLanguage\":\"fr\",\"@id\":\"https:\/\/juvigo.fr\/magazine\/#\/schema\/logo\/image\/\",\"url\":\"https:\/\/juvigo.fr\/magazine\/wp-content\/uploads\/2022\/02\/magazine_logo_scaled.png\",\"contentUrl\":\"https:\/\/juvigo.fr\/magazine\/wp-content\/uploads\/2022\/02\/magazine_logo_scaled.png\",\"width\":240,\"height\":100,\"caption\":\"Juvigo GmbH\"},\"image\":{\"@id\":\"https:\/\/juvigo.fr\/magazine\/#\/schema\/logo\/image\/\"},\"sameAs\":[\"https:\/\/de-de.facebook.com\/meinjuvigo\",\"https:\/\/x.com\/meinjuvigo\",\"http:\/\/instagram.com\/juvigo_de\/\"]}]}<\/script>\n<!-- \/ Yoast SEO plugin. -->","yoast_head_json":{"title":"Nous sommes actifs dans les associations de voyages pour jeunes! - Juvigo Magazine","description":"D\u00e9couvrez les partenariats de Juvigo avec des acteurs du tourisme, des institutions \u00e9ducatives et des entreprises pour des s\u00e9jours id\u00e9aux.","robots":{"index":"index","follow":"follow","max-snippet":"max-snippet:-1","max-image-preview":"max-image-preview:large","max-video-preview":"max-video-preview:-1"},"canonical":"https:\/\/juvigo.fr\/magazine\/alliances\/","og_locale":"fr_FR","og_type":"article","og_title":"Nous sommes actifs dans les associations de voyages pour jeunes! - Juvigo Magazine","og_description":"D\u00e9couvrez les partenariats de Juvigo avec des acteurs du tourisme, des institutions \u00e9ducatives et des entreprises pour des s\u00e9jours id\u00e9aux.","og_url":"https:\/\/juvigo.fr\/magazine\/alliances\/","og_site_name":"Magazine","article_publisher":"https:\/\/de-de.facebook.com\/meinjuvigo","article_modified_time":"2025-10-07T15:41:41+00:00","og_image":[{"width":1920,"height":1080,"url":"https:\/\/juvigo.fr\/magazine\/wp-content\/uploads\/2024\/06\/camping-4303357_1920.jpg","type":"image\/jpeg"}],"twitter_card":"summary_large_image","twitter_site":"@meinjuvigo","twitter_misc":{"Est. reading time":"2 minutes"},"schema":{"@context":"https:\/\/schema.org","@graph":[{"@type":"WebPage","@id":"https:\/\/juvigo.fr\/magazine\/alliances\/","url":"https:\/\/juvigo.fr\/magazine\/alliances\/","name":"Nous sommes actifs dans les associations de voyages pour jeunes! - Juvigo Magazine","isPartOf":{"@id":"https:\/\/juvigo.fr\/magazine\/#website"},"primaryImageOfPage":{"@id":"https:\/\/juvigo.fr\/magazine\/alliances\/#primaryimage"},"image":{"@id":"https:\/\/juvigo.fr\/magazine\/alliances\/#primaryimage"},"thumbnailUrl":"https:\/\/juvigo.fr\/magazine\/wp-content\/uploads\/2024\/06\/camping-4303357_1920.jpg","datePublished":"2024-06-20T12:24:49+00:00","dateModified":"2025-10-07T15:41:41+00:00","description":"D\u00e9couvrez les partenariats de Juvigo avec des acteurs du tourisme, des institutions \u00e9ducatives et des entreprises pour des s\u00e9jours id\u00e9aux.","breadcrumb":{"@id":"https:\/\/juvigo.fr\/magazine\/alliances\/#breadcrumb"},"inLanguage":"fr","potentialAction":[{"@type":"ReadAction","target":["https:\/\/juvigo.fr\/magazine\/alliances\/"]}]},{"@type":"ImageObject","inLanguage":"fr","@id":"https:\/\/juvigo.fr\/magazine\/alliances\/#primaryimage","url":"https:\/\/juvigo.fr\/magazine\/wp-content\/uploads\/2024\/06\/camping-4303357_1920.jpg","contentUrl":"https:\/\/juvigo.fr\/magazine\/wp-content\/uploads\/2024\/06\/camping-4303357_1920.jpg","width":1920,"height":1080},{"@type":"BreadcrumbList","@id":"https:\/\/juvigo.fr\/magazine\/alliances\/#breadcrumb","itemListElement":[{"@type":"ListItem","position":1,"name":"Juvigo-Magazine","item":"https:\/\/juvigo.fr\/magazine\/"},{"@type":"ListItem","position":2,"name":"Nous sommes actifs dans les associations de voyages pour jeunes!"}]},{"@type":"WebSite","@id":"https:\/\/juvigo.fr\/magazine\/#website","url":"https:\/\/juvigo.fr\/magazine\/","name":"Magazine","description":"Magazine Juvigo - Ton magazine sur les colonies de vacances et s\u00e9jours linguistiques.","publisher":{"@id":"https:\/\/juvigo.fr\/magazine\/#organization"},"potentialAction":[{"@type":"SearchAction","target":{"@type":"EntryPoint","urlTemplate":"https:\/\/juvigo.fr\/magazine\/?s={search_term_string}"},"query-input":{"@type":"PropertyValueSpecification","valueRequired":true,"valueName":"search_term_string"}}],"inLanguage":"fr"},{"@type":"Organization","@id":"https:\/\/juvigo.fr\/magazine\/#organization","name":"Juvigo GmbH","url":"https:\/\/juvigo.fr\/magazine\/","logo":{"@type":"ImageObject","inLanguage":"fr","@id":"https:\/\/juvigo.fr\/magazine\/#\/schema\/logo\/image\/","url":"https:\/\/juvigo.fr\/magazine\/wp-content\/uploads\/2022\/02\/magazine_logo_scaled.png","contentUrl":"https:\/\/juvigo.fr\/magazine\/wp-content\/uploads\/2022\/02\/magazine_logo_scaled.png","width":240,"height":100,"caption":"Juvigo GmbH"},"image":{"@id":"https:\/\/juvigo.fr\/magazine\/#\/schema\/logo\/image\/"},"sameAs":["https:\/\/de-de.facebook.com\/meinjuvigo","https:\/\/x.com\/meinjuvigo","http:\/\/instagram.com\/juvigo_de\/"]}]}},"wps_subtitle":"","coauthors":[],"author_meta":{"author_link":"https:\/\/juvigo.fr\/magazine\/author\/max\/","display_name":"Max"},"relative_dates":{"created":"Posted 2 years ago","modified":"Updated 7 months ago"},"absolute_dates":{"created":"Posted on 20-06-2024","modified":"Updated on 07-10-2025"},"absolute_dates_time":{"created":"Posted on 20-06-2024 14:24","modified":"Updated on 07-10-2025 17:41"},"featured_img_caption":"","featured_img":"https:\/\/juvigo.fr\/magazine\/wp-content\/uploads\/2024\/06\/camping-4303357_1920.jpg","series_order":"","_links":{"self":[{"href":"https:\/\/juvigo.fr\/magazine\/wp-json\/wp\/v2\/pages\/9354","targetHints":{"allow":["GET"]}}],"collection":[{"href":"https:\/\/juvigo.fr\/magazine\/wp-json\/wp\/v2\/pages"}],"about":[{"href":"https:\/\/juvigo.fr\/magazine\/wp-json\/wp\/v2\/types\/page"}],"author":[{"embeddable":true,"href":"https:\/\/juvigo.fr\/magazine\/wp-json\/wp\/v2\/users\/3"}],"replies":[{"embeddable":true,"href":"https:\/\/juvigo.fr\/magazine\/wp-json\/wp\/v2\/comments?post=9354"}],"version-history":[{"count":3,"href":"https:\/\/juvigo.fr\/magazine\/wp-json\/wp\/v2\/pages\/9354\/revisions"}],"predecessor-version":[{"id":9458,"href":"https:\/\/juvigo.fr\/magazine\/wp-json\/wp\/v2\/pages\/9354\/revisions\/9458"}],"wp:featuredmedia":[{"embeddable":true,"href":"https:\/\/juvigo.fr\/magazine\/wp-json\/wp\/v2\/media\/9346"}],"wp:attachment":[{"href":"https:\/\/juvigo.fr\/magazine\/wp-json\/wp\/v2\/media?parent=9354"}],"wp:term":[{"taxonomy":"category","embeddable":true,"href":"https:\/\/juvigo.fr\/magazine\/wp-json\/wp\/v2\/categories?post=9354"},{"taxonomy":"post_tag","embeddable":true,"href":"https:\/\/juvigo.fr\/magazine\/wp-json\/wp\/v2\/tags?post=9354"}],"curies":[{"name":"wp","href":"https:\/\/api.w.org\/{rel}","templated":true}]}}