{"id":8120,"date":"2022-06-09T16:02:00","date_gmt":"2022-06-09T14:02:00","guid":{"rendered":"https:\/\/juvigo.nl\/magazine\/?page_id=8120"},"modified":"2025-07-31T15:52:42","modified_gmt":"2025-07-31T13:52:42","slug":"comment-devenir-partenaire-juvigo","status":"publish","type":"page","link":"https:\/\/juvigo.fr\/magazine\/comment-devenir-partenaire-juvigo\/","title":{"rendered":"Comment devenir partenaire ?"},"content":{"rendered":"\n<h2 class=\"has-trawell-acc-color has-text-color wp-block-heading\"><strong>Voulez-vous faire partie de notre r\u00e9seau de partenaires ?<\/strong><\/h2>\n\n\n\n<p>Chez Juvigo, tous nos camps sont pass\u00e9s au crible, avec des conditions strictes pour s&#8217;assurer que tous nos organisateurs r\u00e9pondent aux normes de qualit\u00e9 les plus \u00e9lev\u00e9es. Nous voulons que nos participants vivent la meilleure exp\u00e9rience possible pendant leurs vacances. Pour ce faire, assurez-vous que votre camp remplit les conditions suivantes :<\/p>\n\n\n\n<h3 class=\"wp-block-heading\"><strong>S\u00e9curit\u00e9 24 heures sur 24<\/strong><\/h3>\n\n\n\n<p>Il est essentiel pour nous que tous nos camps d&#8217;\u00e9t\u00e9 aient des moniteurs responsables disponibles 24 heures sur 24, tant pour les camps d&#8217;\u00e9t\u00e9 pour enfants que pour ceux pour jeunes. Nous ne savons jamais quand une urgence se produira ou quand l&#8217;un de nos participants aura besoin d&#8217;aide, c&#8217;est pourquoi nous voulons nous assurer que les moniteurs sont toujours disponibles et responsables.<\/p>\n\n\n\n<h3 class=\"wp-block-heading\"><strong>H\u00e9bergement<\/strong><\/h3>\n\n\n\n<p>L&#8217;une des exp\u00e9riences les plus int\u00e9ressantes des colonies de vacances est de passer la nuit loin de chez soi. Nous pensons qu&#8217;il est tr\u00e8s b\u00e9n\u00e9fique pour les enfants de g\u00e9rer progressivement leurs peurs et d&#8217;assumer des responsabilit\u00e9s sans la pr\u00e9sence de leurs parents. Dans tous les cas, ils auront toujours l&#8217;aide des moniteurs, mais dormir hors de la maison est un signe de maturit\u00e9 et d&#8217;autonomie qui influe positivement sur le d\u00e9veloppement personnel des petits. Et nous ne voulons pas non plus qu&#8217;ils manquent la meilleure partie des camps : les activit\u00e9s du soir !<\/p>\n\n\n\n<h3 class=\"wp-block-heading\"><strong>Pension compl\u00e8te<\/strong><\/h3>\n\n\n\n<p>Tant d&#8217;activit\u00e9s nous donnent faim et nous ne voulons pas que nos participants aient \u00e0 se soucier de la nourriture. Nous esp\u00e9rons que le camp pourra proposer un menu nutritif et vari\u00e9 avec le petit-d\u00e9jeuner, le d\u00e9jeuner, le go\u00fbter et le d\u00eener pour que les petits soient satisfaits et pleins d&#8217;\u00e9nergie tout au long de la journ\u00e9e.<\/p>\n\n\n\n<p>Nous vous recommandons de pr\u00e9voir \u00e9galement des options pour les participants souffrant d&#8217;allergies et de maladies c\u0153liaques (attention \u00e0 la contamination crois\u00e9e !), bien que les options pour les v\u00e9g\u00e9tariens et les v\u00e9g\u00e9taliens soient, elles aussi, toujours les bienvenues et importantes pour le bien-\u00eatre et le confort de tous les participants.<\/p>\n\n\n\n<h3 class=\"wp-block-heading\"><strong>Option suppl\u00e9mentaire recommand\u00e9e : transferts<\/strong><\/h3>\n\n\n\n<p>Juvigo est une plateforme internationale, donc si vous voulez que votre camp soit suivi par des participants du monde entier, vous devrez faire en sorte qu&#8217;il soit facile de se rendre \u00e0 votre camp. Chaque ann\u00e9e, nous avons plus de participants locaux et internationaux qui r\u00e9servent un camp avec un service de transfert. Les raisons sont multiples : soit ils habitent loin, soit leurs parents travaillent et ne peuvent pas les emmener, soit ils n&#8217;ont pas le temps, soit ils ne connaissent pas la r\u00e9gion, soit tout simplement les participants veulent rencontrer de nouveaux amis sur le chemin du camp.<\/p>\n\n\n\n<p>C&#8217;est clairement un facteur de diff\u00e9renciation entre les diff\u00e9rents camps que nous proposons sur notre plateforme. Pour cette raison, nous recommandons toujours d&#8217;ajouter un itin\u00e9raire \u00e0 partir des destinations les plus demand\u00e9es et nous ajouterons ce service suppl\u00e9mentaire au camp de vacances pour les familles qui en ont besoin. En cas de doute, n&#8217;h\u00e9sitez pas \u00e0 nous demander quel transfert serait le plus populaire dans le cas de votre camp de vacances.<\/p>\n\n\n\n<h3 class=\"wp-block-heading\"><strong>D\u00e9tails juridiques<\/strong><\/h3>\n\n\n\n<p>Pour pouvoir organiser des colonies de vacances pour enfants et jeunes, vous devez faire une d\u00e9claration au Minist\u00e8re de la Jeunesse et des Sports.<strong> <\/strong>Il vous faut fournir notamment un projet \u00e9ducatif et une attestation d\u2019assurance. Vous devez obtenir le maximum d&#8217;informations aupr\u00e8s des entit\u00e9s comp\u00e9tentes et d&#8217;un comptable, afin de pouvoir remplir toutes vos obligations et jouir de tous vos droits en vertu de la loi. De m\u00eame, pour pouvoir collaborer avec Juvigo, il est essentiel que vous disposiez des conditions et des installations appropri\u00e9es pour la capacit\u00e9 propos\u00e9e.<\/p>\n\n\n\n<h3 class=\"wp-block-heading\"><strong>Tout est pr\u00eat ?<\/strong><\/h3>\n\n\n\n<blockquote class=\"wp-block-quote is-layout-flow wp-block-quote-is-layout-flow\">\n<p><em>Nous sommes satisfaits de l&#8217;\u00e9coute de Juvigo, de leur r\u00e9activit\u00e9 ainsi que de leur professionnalisme. Les interlocuteurs sont toujours disponibles et de bonne humeur. Le site est intuitif et pratique. Cela permet une r\u00e9elle mise en valeur de nos s\u00e9jours et de notre offre.<\/em><\/p>\n\n\n\n<p><em><em>Cyril Picard, Directeur G\u00e9n\u00e9ral, Sport et Loisirs &#8211; Equifun<\/em><\/em><\/p>\n<\/blockquote>\n\n\n\n<blockquote class=\"wp-block-quote is-layout-flow wp-block-quote-is-layout-flow\">\n<p><em>Le Club Loisirs Aventure Moto (C.L.A.M.) a commenc\u00e9 son partenariat avec Juvigo \u00e0 l&#8217;\u00e9t\u00e9 2020 et nous avons imm\u00e9diatement commenc\u00e9 la saison des vacances avec succ\u00e8s, malgr\u00e9 la pand\u00e9mie (COVID 19). Il est important pour nous d&#8217;avoir un partenaire de confiance \u00e0 nos c\u00f4t\u00e9s. Nous attendons avec impatience de nombreuses  ann\u00e9es de coop\u00e9ration et sommes convaincus qu&#8217;avec Juvigo, nous pouvons encore transmettre le plaisir de la moto \u00e0 de nombreux participants. La communication est toujours fluide, rapide et simple. <\/em><\/p>\n\n\n\n<p><em>Patrice Casse, Directeur, Club Loisir Aventure Moto (CLAM)<\/em><\/p>\n<\/blockquote>\n\n\n\n<blockquote class=\"wp-block-quote is-layout-flow wp-block-quote-is-layout-flow\">\n<p><em>Au fil des ann\u00e9es de partenariat avec Juvigo, notre satisfaction reste intacte. Des r\u00e9servations d\u00e8s la mise en ligne des s\u00e9jours, une \u00e9quipe r\u00e9active et \u00e0 l\u2019\u00e9coute, des d\u00e9marches simples d&#8217;utilisation. Cette collaboration nous permet de rayonner encore plus sur le web, et de se faire conna\u00eetre aupr\u00e8s d\u2019une client\u00e8le plus large.<\/em><\/p>\n\n\n\n<p><em><em>Gwenael Fournier, Directeur, et son \u00e9quipe Animation Vacances Loisirs (AVL)<\/em><\/em><\/p>\n<\/blockquote>\n\n\n\n<p>Chez Juvigo, les possibilit\u00e9s sont infinies ! Sur notre page partenaires, vous trouverez un aper\u00e7u de tous les partenaires avec lesquels nous travaillons. Vous y trouverez \u00e9galement des informations pertinentes sur les diff\u00e9rentes organisations.&nbsp;<\/p>\n\n\n\n<p>Si vous \u00eates int\u00e9ress\u00e9 ou si vous avez des questions sur le partenariat avec Juvigo, veuillez envoyer un courriel \u00e0 <a href=\"mailto:partenaire@juvigo.fr\">partenaire@juvigo.fr<\/a><\/p>\n","protected":false},"excerpt":{"rendered":"<p>Voulez-vous faire partie de notre r\u00e9seau de partenaires ? Chez Juvigo, tous nos camps sont pass\u00e9s au crible, avec des conditions strictes pour s&#8217;assurer que tous nos organisateurs r\u00e9pondent aux normes de qualit\u00e9 les plus \u00e9lev\u00e9es. Nous voulons que nos participants vivent la meilleure exp\u00e9rience possible pendant leurs vacances. Pour ce faire, assurez-vous que votre [&hellip;]<\/p>\n","protected":false},"author":12,"featured_media":6756,"parent":0,"menu_order":0,"comment_status":"closed","ping_status":"closed","template":"","meta":{"advgb_blocks_editor_width":"","advgb_blocks_columns_visual_guide":"","footnotes":"","_links_to":"","_links_to_target":""},"categories":[5,41],"tags":[],"class_list":["post-8120","page","type-page","status-publish","has-post-thumbnail","hentry","category-partenaires","category-avantages-partenariat"],"yoast_head":"<!-- This site is optimized with the Yoast SEO plugin v24.8.1 - https:\/\/yoast.com\/wordpress\/plugins\/seo\/ -->\n<title>Comment devenir partenaire ? - Juvigo Magazine<\/title>\n<meta name=\"description\" content=\"Votre organisation est-elle pr\u00eate pour un partenariat ? D\u00e9couvrez les nombreux avantages d&#039;un partenariat avec Juvigo ici !\" \/>\n<meta name=\"robots\" content=\"index, follow, max-snippet:-1, max-image-preview:large, max-video-preview:-1\" \/>\n<link rel=\"canonical\" href=\"https:\/\/juvigo.fr\/magazine\/comment-devenir-partenaire-juvigo\/\" \/>\n<meta property=\"og:locale\" content=\"fr_FR\" \/>\n<meta property=\"og:type\" content=\"article\" \/>\n<meta property=\"og:title\" content=\"Comment devenir partenaire ? - Juvigo Magazine\" \/>\n<meta property=\"og:description\" content=\"Votre organisation est-elle pr\u00eate pour un partenariat ? D\u00e9couvrez les nombreux avantages d&#039;un partenariat avec Juvigo ici !\" \/>\n<meta property=\"og:url\" content=\"https:\/\/juvigo.fr\/magazine\/comment-devenir-partenaire-juvigo\/\" \/>\n<meta property=\"og:site_name\" content=\"Magazine\" \/>\n<meta property=\"article:publisher\" content=\"https:\/\/de-de.facebook.com\/meinjuvigo\" \/>\n<meta property=\"article:modified_time\" content=\"2025-07-31T13:52:42+00:00\" \/>\n<meta property=\"og:image\" content=\"https:\/\/juvigo.fr\/magazine\/wp-content\/uploads\/2021\/10\/redd-5U_28ojjgms-unsplash.jpg\" \/>\n\t<meta property=\"og:image:width\" content=\"4821\" \/>\n\t<meta property=\"og:image:height\" content=\"2712\" \/>\n\t<meta property=\"og:image:type\" content=\"image\/jpeg\" \/>\n<meta name=\"twitter:card\" content=\"summary_large_image\" \/>\n<meta name=\"twitter:site\" content=\"@meinjuvigo\" \/>\n<meta name=\"twitter:label1\" content=\"Est. reading time\" \/>\n\t<meta name=\"twitter:data1\" content=\"4 minutes\" \/>\n<script type=\"application\/ld+json\" class=\"yoast-schema-graph\">{\"@context\":\"https:\/\/schema.org\",\"@graph\":[{\"@type\":\"WebPage\",\"@id\":\"https:\/\/juvigo.fr\/magazine\/comment-devenir-partenaire-juvigo\/\",\"url\":\"https:\/\/juvigo.fr\/magazine\/comment-devenir-partenaire-juvigo\/\",\"name\":\"Comment devenir partenaire ? - Juvigo Magazine\",\"isPartOf\":{\"@id\":\"https:\/\/juvigo.fr\/magazine\/#website\"},\"primaryImageOfPage\":{\"@id\":\"https:\/\/juvigo.fr\/magazine\/comment-devenir-partenaire-juvigo\/#primaryimage\"},\"image\":{\"@id\":\"https:\/\/juvigo.fr\/magazine\/comment-devenir-partenaire-juvigo\/#primaryimage\"},\"thumbnailUrl\":\"https:\/\/juvigo.fr\/magazine\/wp-content\/uploads\/2021\/10\/redd-5U_28ojjgms-unsplash.jpg\",\"datePublished\":\"2022-06-09T14:02:00+00:00\",\"dateModified\":\"2025-07-31T13:52:42+00:00\",\"description\":\"Votre organisation est-elle pr\u00eate pour un partenariat ? D\u00e9couvrez les nombreux avantages d'un partenariat avec Juvigo ici !\",\"breadcrumb\":{\"@id\":\"https:\/\/juvigo.fr\/magazine\/comment-devenir-partenaire-juvigo\/#breadcrumb\"},\"inLanguage\":\"fr\",\"potentialAction\":[{\"@type\":\"ReadAction\",\"target\":[\"https:\/\/juvigo.fr\/magazine\/comment-devenir-partenaire-juvigo\/\"]}]},{\"@type\":\"ImageObject\",\"inLanguage\":\"fr\",\"@id\":\"https:\/\/juvigo.fr\/magazine\/comment-devenir-partenaire-juvigo\/#primaryimage\",\"url\":\"https:\/\/juvigo.fr\/magazine\/wp-content\/uploads\/2021\/10\/redd-5U_28ojjgms-unsplash.jpg\",\"contentUrl\":\"https:\/\/juvigo.fr\/magazine\/wp-content\/uploads\/2021\/10\/redd-5U_28ojjgms-unsplash.jpg\",\"width\":4821,\"height\":2712,\"caption\":\"Juvigos Vorteile im Beruf\"},{\"@type\":\"BreadcrumbList\",\"@id\":\"https:\/\/juvigo.fr\/magazine\/comment-devenir-partenaire-juvigo\/#breadcrumb\",\"itemListElement\":[{\"@type\":\"ListItem\",\"position\":1,\"name\":\"Juvigo-Magazine\",\"item\":\"https:\/\/juvigo.fr\/magazine\/\"},{\"@type\":\"ListItem\",\"position\":2,\"name\":\"Comment devenir partenaire ?\"}]},{\"@type\":\"WebSite\",\"@id\":\"https:\/\/juvigo.fr\/magazine\/#website\",\"url\":\"https:\/\/juvigo.fr\/magazine\/\",\"name\":\"Magazine\",\"description\":\"Magazine Juvigo - Ton magazine sur les colonies de vacances et s\u00e9jours linguistiques.\",\"publisher\":{\"@id\":\"https:\/\/juvigo.fr\/magazine\/#organization\"},\"potentialAction\":[{\"@type\":\"SearchAction\",\"target\":{\"@type\":\"EntryPoint\",\"urlTemplate\":\"https:\/\/juvigo.fr\/magazine\/?s={search_term_string}\"},\"query-input\":{\"@type\":\"PropertyValueSpecification\",\"valueRequired\":true,\"valueName\":\"search_term_string\"}}],\"inLanguage\":\"fr\"},{\"@type\":\"Organization\",\"@id\":\"https:\/\/juvigo.fr\/magazine\/#organization\",\"name\":\"Juvigo GmbH\",\"url\":\"https:\/\/juvigo.fr\/magazine\/\",\"logo\":{\"@type\":\"ImageObject\",\"inLanguage\":\"fr\",\"@id\":\"https:\/\/juvigo.fr\/magazine\/#\/schema\/logo\/image\/\",\"url\":\"https:\/\/juvigo.fr\/magazine\/wp-content\/uploads\/2022\/02\/magazine_logo_scaled.png\",\"contentUrl\":\"https:\/\/juvigo.fr\/magazine\/wp-content\/uploads\/2022\/02\/magazine_logo_scaled.png\",\"width\":240,\"height\":100,\"caption\":\"Juvigo GmbH\"},\"image\":{\"@id\":\"https:\/\/juvigo.fr\/magazine\/#\/schema\/logo\/image\/\"},\"sameAs\":[\"https:\/\/de-de.facebook.com\/meinjuvigo\",\"https:\/\/x.com\/meinjuvigo\",\"http:\/\/instagram.com\/juvigo_de\/\"]}]}<\/script>\n<!-- \/ Yoast SEO plugin. -->","yoast_head_json":{"title":"Comment devenir partenaire ? - Juvigo Magazine","description":"Votre organisation est-elle pr\u00eate pour un partenariat ? D\u00e9couvrez les nombreux avantages d'un partenariat avec Juvigo ici !","robots":{"index":"index","follow":"follow","max-snippet":"max-snippet:-1","max-image-preview":"max-image-preview:large","max-video-preview":"max-video-preview:-1"},"canonical":"https:\/\/juvigo.fr\/magazine\/comment-devenir-partenaire-juvigo\/","og_locale":"fr_FR","og_type":"article","og_title":"Comment devenir partenaire ? - Juvigo Magazine","og_description":"Votre organisation est-elle pr\u00eate pour un partenariat ? D\u00e9couvrez les nombreux avantages d'un partenariat avec Juvigo ici !","og_url":"https:\/\/juvigo.fr\/magazine\/comment-devenir-partenaire-juvigo\/","og_site_name":"Magazine","article_publisher":"https:\/\/de-de.facebook.com\/meinjuvigo","article_modified_time":"2025-07-31T13:52:42+00:00","og_image":[{"width":4821,"height":2712,"url":"https:\/\/juvigo.fr\/magazine\/wp-content\/uploads\/2021\/10\/redd-5U_28ojjgms-unsplash.jpg","type":"image\/jpeg"}],"twitter_card":"summary_large_image","twitter_site":"@meinjuvigo","twitter_misc":{"Est. reading time":"4 minutes"},"schema":{"@context":"https:\/\/schema.org","@graph":[{"@type":"WebPage","@id":"https:\/\/juvigo.fr\/magazine\/comment-devenir-partenaire-juvigo\/","url":"https:\/\/juvigo.fr\/magazine\/comment-devenir-partenaire-juvigo\/","name":"Comment devenir partenaire ? - Juvigo Magazine","isPartOf":{"@id":"https:\/\/juvigo.fr\/magazine\/#website"},"primaryImageOfPage":{"@id":"https:\/\/juvigo.fr\/magazine\/comment-devenir-partenaire-juvigo\/#primaryimage"},"image":{"@id":"https:\/\/juvigo.fr\/magazine\/comment-devenir-partenaire-juvigo\/#primaryimage"},"thumbnailUrl":"https:\/\/juvigo.fr\/magazine\/wp-content\/uploads\/2021\/10\/redd-5U_28ojjgms-unsplash.jpg","datePublished":"2022-06-09T14:02:00+00:00","dateModified":"2025-07-31T13:52:42+00:00","description":"Votre organisation est-elle pr\u00eate pour un partenariat ? D\u00e9couvrez les nombreux avantages d'un partenariat avec Juvigo ici !","breadcrumb":{"@id":"https:\/\/juvigo.fr\/magazine\/comment-devenir-partenaire-juvigo\/#breadcrumb"},"inLanguage":"fr","potentialAction":[{"@type":"ReadAction","target":["https:\/\/juvigo.fr\/magazine\/comment-devenir-partenaire-juvigo\/"]}]},{"@type":"ImageObject","inLanguage":"fr","@id":"https:\/\/juvigo.fr\/magazine\/comment-devenir-partenaire-juvigo\/#primaryimage","url":"https:\/\/juvigo.fr\/magazine\/wp-content\/uploads\/2021\/10\/redd-5U_28ojjgms-unsplash.jpg","contentUrl":"https:\/\/juvigo.fr\/magazine\/wp-content\/uploads\/2021\/10\/redd-5U_28ojjgms-unsplash.jpg","width":4821,"height":2712,"caption":"Juvigos Vorteile im Beruf"},{"@type":"BreadcrumbList","@id":"https:\/\/juvigo.fr\/magazine\/comment-devenir-partenaire-juvigo\/#breadcrumb","itemListElement":[{"@type":"ListItem","position":1,"name":"Juvigo-Magazine","item":"https:\/\/juvigo.fr\/magazine\/"},{"@type":"ListItem","position":2,"name":"Comment devenir partenaire ?"}]},{"@type":"WebSite","@id":"https:\/\/juvigo.fr\/magazine\/#website","url":"https:\/\/juvigo.fr\/magazine\/","name":"Magazine","description":"Magazine Juvigo - Ton magazine sur les colonies de vacances et s\u00e9jours linguistiques.","publisher":{"@id":"https:\/\/juvigo.fr\/magazine\/#organization"},"potentialAction":[{"@type":"SearchAction","target":{"@type":"EntryPoint","urlTemplate":"https:\/\/juvigo.fr\/magazine\/?s={search_term_string}"},"query-input":{"@type":"PropertyValueSpecification","valueRequired":true,"valueName":"search_term_string"}}],"inLanguage":"fr"},{"@type":"Organization","@id":"https:\/\/juvigo.fr\/magazine\/#organization","name":"Juvigo GmbH","url":"https:\/\/juvigo.fr\/magazine\/","logo":{"@type":"ImageObject","inLanguage":"fr","@id":"https:\/\/juvigo.fr\/magazine\/#\/schema\/logo\/image\/","url":"https:\/\/juvigo.fr\/magazine\/wp-content\/uploads\/2022\/02\/magazine_logo_scaled.png","contentUrl":"https:\/\/juvigo.fr\/magazine\/wp-content\/uploads\/2022\/02\/magazine_logo_scaled.png","width":240,"height":100,"caption":"Juvigo GmbH"},"image":{"@id":"https:\/\/juvigo.fr\/magazine\/#\/schema\/logo\/image\/"},"sameAs":["https:\/\/de-de.facebook.com\/meinjuvigo","https:\/\/x.com\/meinjuvigo","http:\/\/instagram.com\/juvigo_de\/"]}]}},"wps_subtitle":"","coauthors":[],"author_meta":{"author_link":"https:\/\/juvigo.fr\/magazine\/author\/patricia-2\/","display_name":"Patricia Schaal"},"relative_dates":{"created":"Posted 4 years ago","modified":"Updated 8 months ago"},"absolute_dates":{"created":"Posted on 09-06-2022","modified":"Updated on 31-07-2025"},"absolute_dates_time":{"created":"Posted on 09-06-2022 16:02","modified":"Updated on 31-07-2025 15:52"},"featured_img_caption":"","featured_img":"https:\/\/juvigo.fr\/magazine\/wp-content\/uploads\/2021\/10\/redd-5U_28ojjgms-unsplash.jpg","series_order":"","_links":{"self":[{"href":"https:\/\/juvigo.fr\/magazine\/wp-json\/wp\/v2\/pages\/8120","targetHints":{"allow":["GET"]}}],"collection":[{"href":"https:\/\/juvigo.fr\/magazine\/wp-json\/wp\/v2\/pages"}],"about":[{"href":"https:\/\/juvigo.fr\/magazine\/wp-json\/wp\/v2\/types\/page"}],"author":[{"embeddable":true,"href":"https:\/\/juvigo.fr\/magazine\/wp-json\/wp\/v2\/users\/12"}],"replies":[{"embeddable":true,"href":"https:\/\/juvigo.fr\/magazine\/wp-json\/wp\/v2\/comments?post=8120"}],"version-history":[{"count":9,"href":"https:\/\/juvigo.fr\/magazine\/wp-json\/wp\/v2\/pages\/8120\/revisions"}],"predecessor-version":[{"id":11002,"href":"https:\/\/juvigo.fr\/magazine\/wp-json\/wp\/v2\/pages\/8120\/revisions\/11002"}],"wp:featuredmedia":[{"embeddable":true,"href":"https:\/\/juvigo.fr\/magazine\/wp-json\/wp\/v2\/media\/6756"}],"wp:attachment":[{"href":"https:\/\/juvigo.fr\/magazine\/wp-json\/wp\/v2\/media?parent=8120"}],"wp:term":[{"taxonomy":"category","embeddable":true,"href":"https:\/\/juvigo.fr\/magazine\/wp-json\/wp\/v2\/categories?post=8120"},{"taxonomy":"post_tag","embeddable":true,"href":"https:\/\/juvigo.fr\/magazine\/wp-json\/wp\/v2\/tags?post=8120"}],"curies":[{"name":"wp","href":"https:\/\/api.w.org\/{rel}","templated":true}]}}