{"id":8101,"date":"2022-06-09T15:49:30","date_gmt":"2022-06-09T13:49:30","guid":{"rendered":"https:\/\/juvigo.nl\/magazine\/?page_id=8101"},"modified":"2022-10-18T14:51:02","modified_gmt":"2022-10-18T12:51:02","slug":"faq-partenaires","status":"publish","type":"page","link":"https:\/\/juvigo.fr\/magazine\/faq-partenaires\/","title":{"rendered":"FAQ"},"content":{"rendered":"\n<h4 class=\"has-trawell-acc-color has-text-color wp-block-heading\">Que vous apporte un partenariat avec Juvigo ?<\/h4>\n\n\n\n<p>Juvigo est une des plateformes les plus importantes pour les camps d&#8217;\u00e9t\u00e9, colonies de vacances et s\u00e9jours linguistiques. Nous sommes actifs en France et en Belgique depuis 2020. Si vous d\u00e9cidez d&#8217;un partenariat avec nous, cela g\u00e9n\u00e8re non seulement des r\u00e9servations suppl\u00e9mentaires, mais aussi une plus grande visibilit\u00e9 en ligne de vos camps de vacances en France ou en Belgique. Parce que Juvigo a une vocation internationale, vous avez m\u00eame la possibilit\u00e9 de g\u00e9n\u00e9rer des r\u00e9servations suppl\u00e9mentaires et de la visibilit\u00e9 dans des pays comme l&#8217;Allemagne, l&#8217;Espagne, les Pays-Bas, le Portugal et l&#8217;Italie o\u00f9 l&#8217;enthousiasme pour les camps est tr\u00e8s \u00e9lev\u00e9.<\/p>\n\n\n\n<h4 class=\"has-trawell-acc-color has-text-color wp-block-heading\"><strong>Quel est le montant fixe des frais de publicit\u00e9 ?<\/strong><\/h4>\n\n\n\n<p>Le mod\u00e8le de tarification de Juvigo est simple, \u00e9quitable et transparent : pour une annonce d&#8217;un s\u00e9jour en ligne sur Juvigo, vous payez des frais de publicit\u00e9 lors de la signature du contrat. Le tarif fixe est calcul\u00e9 sur la base du temps et des efforts n\u00e9cessaires pour publier, maintenir et traduire vos annonces. Rassurez-vous, nous faisons ce travail pour vous. De plus, vous gardez le contr\u00f4le de vos propres annonces.&nbsp;<\/p>\n\n\n\n<h4 class=\"has-trawell-acc-color has-text-color wp-block-heading\"><strong>Qu&#8217;est-ce que j&#8217;obtiens de Juvigo avec cette somme ?&nbsp;<\/strong><\/h4>\n\n\n\n<p>Pour un montant forfaitaire fixe par s\u00e9jour, nous vous d\u00e9chargeons de tout le travail. Nous r\u00e9cup\u00e9rons toutes les informations et les images \u00e0 partir de votre site web. Nous veillons \u00e9galement \u00e0 ce que le s\u00e9jour apparaisse toujours sur notre site web de mani\u00e8re tr\u00e8s facile \u00e0 trouver, via la fonction de recherche de Juvigo ainsi que Google Search. En cas de modification de l&#8217;un de vos s\u00e9jours, par exemple en ce qui concerne le prix ou la date du voyage, un bref message par t\u00e9l\u00e9phone ou par email suffira.&nbsp;<\/p>\n\n\n\n<h4 class=\"has-trawell-acc-color has-text-color wp-block-heading\">Dois-je payer cette somme forfaitaire chaque ann\u00e9e ?<\/h4>\n\n\n\n<p>Non, ce n&#8217;est pas n\u00e9cessaire. Vous ne payez la somme forfaitaire fixe pour vos s\u00e9jours qu&#8217;une seule fois, lors de la signature du contrat.<\/p>\n\n\n\n<h4 class=\"has-trawell-acc-color has-text-color wp-block-heading\"><strong>J&#8217;ai sign\u00e9 le contrat de partenariat. Que dois-je faire maintenant ?<\/strong><\/h4>\n\n\n\n<p>Vous nous renvoyez le contrat sign\u00e9. Ensuite, nous commen\u00e7ons \u00e0 cr\u00e9er votre annonce. D&#8217;apr\u00e8s notre exp\u00e9rience, les s\u00e9jours avec des photos de qualit\u00e9 (environ 20 par camp) donnent de meilleurs r\u00e9sultats. Si vous n&#8217;avez pas assez de photos disponibles sur votre site internet, vous pouvez toujours partager de nouvelles photos avec nous par mail ou par un service de cloud.<\/p>\n\n\n\n<p>Avant que vos annonces d\u00e9finitives ne soient publi\u00e9es, vous recevrez un email de v\u00e9rification. Vous pouvez consulter toutes les annonces et v\u00e9rifier si elles correspondent \u00e0 vos besoins. Apr\u00e8s les v\u00e9rifications finales et le traitement de vos commentaires, nous activerons tous vos s\u00e9jours de vacances sur Juvigo. Les r\u00e9servations peuvent alors commencer !<\/p>\n\n\n\n<h4 class=\"has-trawell-acc-color has-text-color wp-block-heading\">Comment Juvigo peut-il garantir un service de haute qualit\u00e9 dans les r\u00e9servations ?<\/h4>\n\n\n\n<p>Nous sommes conscients qu&#8217;en tant qu&#8217;agence de voyage, nous ne pouvons pas conna\u00eetre vos vacances aussi bien que vous. S&#8217;il y a une question du client \u00e0 laquelle nous ne pouvons pas r\u00e9pondre, nous vous contacterons. De cette fa\u00e7on, nous apprenons aussi \u00e0 mieux conna\u00eetre vos s\u00e9jours. Toute information suppl\u00e9mentaire sur vos vacances dont nous prenons connaissance en cours de route\/apr\u00e8s la publication des annonces sera stock\u00e9e dans notre syst\u00e8me (et \u00e9ventuellement dans les s\u00e9jours directement). Avant tout, nous voulons offrir vos s\u00e9jours comme vous le souhaitez. Nous veillons \u00e0 ce que vos normes, vos valeurs et les caract\u00e9ristiques sp\u00e9cifiques des vacances soient communiqu\u00e9es au client. Nous pouvons renvoyer les clients avec des demandes sp\u00e9ciales directement vers vous. Toutefois, cela se produit tr\u00e8s rarement, car nous voulons toujours faire en sorte que vous ayez le moins de travail possible avec les s\u00e9jours et les r\u00e9servations&nbsp;<\/p>\n\n\n\n<h4 class=\"has-trawell-acc-color has-text-color wp-block-heading\">Un de mes s\u00e9jours est complet. Que dois-je faire ?<\/h4>\n\n\n\n<p>Dans un souci de satisfaction du client, nous vous demandons de nous informer bri\u00e8vement lorsqu&#8217;une s\u00e9jour est enti\u00e8rement r\u00e9serv\u00e9. Nous l&#8217;annoncerons sur le site de Juvigo imm\u00e9diatement apr\u00e8s.&nbsp;<\/p>\n\n\n\n<h4 class=\"has-trawell-acc-color has-text-color wp-block-heading\">Le client a r\u00e9serv\u00e9 mais n&#8217;a pas encore pay\u00e9. Quel est le montant de la commission ?<\/h4>\n\n\n\n<p>En r\u00e9servant un s\u00e9jour, le client conclut un contrat avec vous en tant qu&#8217;organisateur de colonies de vacances. Le client est tenu de payer le prix du s\u00e9jour. Toutefois, si aucun paiement n&#8217;est effectu\u00e9 apr\u00e8s une demande \u00e9crite de paiement de la part du client, vous pouvez r\u00e9silier le client sans frais d&#8217;annulation. Dans ce cas, vous ne nous devez aucune commission. D\u00e8s que le client laisse un d\u00e9lai de paiement, veuillez nous en informer le plus rapidement possible. Sans cette information et la preuve qu&#8217;une demande \u00e9crite de paiement a \u00e9t\u00e9 envoy\u00e9e au client, il n&#8217;est pas possible de renoncer \u00e0 la commission par la suite.<\/p>\n\n\n\n<h4 class=\"has-trawell-acc-color has-text-color wp-block-heading\">Un de mes s\u00e9jours ne peut malheureusement pas avoir lieu. Que va-t-il se passer ? Dois-je encore payer une commission ?<\/h4>\n\n\n\n<p>Si l&#8217;un de vos s\u00e9jours ne peut avoir lieu, il est important que vous nous en informiez imm\u00e9diatement. Si personne n&#8217;a encore r\u00e9serv\u00e9 ce s\u00e9jour via Juvigo, nous rendrons l&#8217;offre invisible sur le site web. Si les clients ont r\u00e9serv\u00e9 ce voyage par le biais de Juvigo, ils doivent nous contacter. Nous contacterons alors le client pour qu&#8217;il choisisse une alternative dans les offres restantes. Le montant de la commission est bas\u00e9 sur le prix du s\u00e9jour finalement r\u00e9serv\u00e9.<\/p>\n\n\n\n<p>Si le client refuse une nouvelle r\u00e9servation dans le cadre de votre offre de vacances, veuillez nous en informer imm\u00e9diatement. Dans ce cas, nous pouvons proposer au client un autre s\u00e9jour dans l&#8217;offre de Juvigo.&nbsp;<\/p>\n\n\n\n<p>Dans ce cas, si le client annule avec vous sans frais et que vous nous informez \u00e0 temps que le voyage n&#8217;aura pas lieu, nous renon\u00e7ons \u00e0 la commission.&nbsp;<\/p>\n\n\n\n<h4 class=\"has-trawell-acc-color has-text-color wp-block-heading\">Que signifie l&#8217;avance sur commission avec le paiement direct ?<\/h4>\n\n\n\n<p>Si vous optez pour le paiement direct, le client vous verse directement le montant du s\u00e9jour. Pour nous, cela signifie que nous ne facturons notre commission qu&#8217;\u00e0 la fin de la saison. Cependant, nous avons des d\u00e9penses pendant l&#8217;ann\u00e9e, par exemple pour la publicit\u00e9 de vos s\u00e9jours. C&#8217;est pourquoi nous prenons la libert\u00e9 de facturer une avance sur commission en cours d&#8217;ann\u00e9e. Si tel est le cas, vous en serez inform\u00e9 en temps voulu. Naturellement, les avances vers\u00e9es seront compens\u00e9es par le compte de commission \u00e0 la fin de la saison.\u00a0<\/p>\n\n\n\n<h4 class=\"has-trawell-acc-color has-text-color wp-block-heading\">Pourquoi Juvigo ne peut-il pas simplement transmettre les donn\u00e9es des clients par email ?<\/h4>\n\n\n\n<p>Les derni\u00e8res dispositions l\u00e9gales (AVG) concernant la l\u00e9gislation sur la protection des donn\u00e9es s&#8217;appliquent \u00e9galement \u00e0 Juvigo. Avant tout, nous voulons garantir un traitement s\u00e9curis\u00e9 des donn\u00e9es des clients. Pour cette raison, nous ne transmettons pas directement les emails contenant des donn\u00e9es relatives aux clients. Nous ne transmettons les donn\u00e9es des clients et autres informations sensibles qu&#8217;au moyen de courriers \u00e9lectroniques crypt\u00e9s ou d&#8217;une interface de r\u00e9servation. Ainsi, nous essayons de traiter les informations sensibles et les donn\u00e9es des clients de mani\u00e8re confidentielle.<\/p>\n\n\n\n<p>Si vous avez la moindre question, n&#8217;h\u00e9sitez pas \u00e0 contacter <strong><a href=\"mailto:contact@juvigo.fr\">contact@juvigo.fr<\/a><\/strong> !<\/p>\n","protected":false},"excerpt":{"rendered":"<p>Que vous apporte un partenariat avec Juvigo ? Juvigo est une des plateformes les plus importantes pour les camps d&#8217;\u00e9t\u00e9, colonies de vacances et s\u00e9jours linguistiques. Nous sommes actifs en France et en Belgique depuis 2020. Si vous d\u00e9cidez d&#8217;un partenariat avec nous, cela g\u00e9n\u00e8re non seulement des r\u00e9servations suppl\u00e9mentaires, mais aussi une plus grande [&hellip;]<\/p>\n","protected":false},"author":12,"featured_media":8073,"parent":0,"menu_order":0,"comment_status":"closed","ping_status":"closed","template":"","meta":{"advgb_blocks_editor_width":"","advgb_blocks_columns_visual_guide":"","footnotes":"","_links_to":"","_links_to_target":""},"categories":[485],"tags":[],"class_list":["post-8101","page","type-page","status-publish","has-post-thumbnail","hentry","category-faq-partenaires"],"yoast_head":"<!-- This site is optimized with the Yoast SEO plugin v24.8.1 - https:\/\/yoast.com\/wordpress\/plugins\/seo\/ -->\n<title>FAQ - Juvigo Magazine<\/title>\n<meta name=\"description\" content=\"Tout ce que les partenaires et organisateurs de colonies de vacances ont besoin de savoir pour rejoindre et travailler avec Juvigo !\" \/>\n<meta name=\"robots\" content=\"index, follow, max-snippet:-1, max-image-preview:large, max-video-preview:-1\" \/>\n<link rel=\"canonical\" href=\"https:\/\/juvigo.fr\/magazine\/faq-partenaires\/\" \/>\n<meta property=\"og:locale\" content=\"fr_FR\" \/>\n<meta property=\"og:type\" content=\"article\" \/>\n<meta property=\"og:title\" content=\"FAQ - Juvigo Magazine\" \/>\n<meta property=\"og:description\" content=\"Tout ce que les partenaires et organisateurs de colonies de vacances ont besoin de savoir pour rejoindre et travailler avec Juvigo !\" \/>\n<meta property=\"og:url\" content=\"https:\/\/juvigo.fr\/magazine\/faq-partenaires\/\" \/>\n<meta property=\"og:site_name\" content=\"Magazine\" \/>\n<meta property=\"article:publisher\" content=\"https:\/\/de-de.facebook.com\/meinjuvigo\" \/>\n<meta property=\"article:modified_time\" content=\"2022-10-18T12:51:02+00:00\" \/>\n<meta property=\"og:image\" content=\"https:\/\/juvigo.fr\/magazine\/wp-content\/uploads\/2022\/06\/header-partner-section.jpeg\" \/>\n\t<meta property=\"og:image:width\" content=\"800\" \/>\n\t<meta property=\"og:image:height\" content=\"450\" \/>\n\t<meta property=\"og:image:type\" content=\"image\/jpeg\" \/>\n<meta name=\"twitter:card\" content=\"summary_large_image\" \/>\n<meta name=\"twitter:site\" content=\"@meinjuvigo\" \/>\n<meta name=\"twitter:label1\" content=\"Est. reading time\" \/>\n\t<meta name=\"twitter:data1\" content=\"5 minutes\" \/>\n<script type=\"application\/ld+json\" class=\"yoast-schema-graph\">{\"@context\":\"https:\/\/schema.org\",\"@graph\":[{\"@type\":\"WebPage\",\"@id\":\"https:\/\/juvigo.fr\/magazine\/faq-partenaires\/\",\"url\":\"https:\/\/juvigo.fr\/magazine\/faq-partenaires\/\",\"name\":\"FAQ - Juvigo Magazine\",\"isPartOf\":{\"@id\":\"https:\/\/juvigo.fr\/magazine\/#website\"},\"primaryImageOfPage\":{\"@id\":\"https:\/\/juvigo.fr\/magazine\/faq-partenaires\/#primaryimage\"},\"image\":{\"@id\":\"https:\/\/juvigo.fr\/magazine\/faq-partenaires\/#primaryimage\"},\"thumbnailUrl\":\"https:\/\/juvigo.fr\/magazine\/wp-content\/uploads\/2022\/06\/header-partner-section.jpeg\",\"datePublished\":\"2022-06-09T13:49:30+00:00\",\"dateModified\":\"2022-10-18T12:51:02+00:00\",\"description\":\"Tout ce que les partenaires et organisateurs de colonies de vacances ont besoin de savoir pour rejoindre et travailler avec Juvigo !\",\"breadcrumb\":{\"@id\":\"https:\/\/juvigo.fr\/magazine\/faq-partenaires\/#breadcrumb\"},\"inLanguage\":\"fr\",\"potentialAction\":[{\"@type\":\"ReadAction\",\"target\":[\"https:\/\/juvigo.fr\/magazine\/faq-partenaires\/\"]}]},{\"@type\":\"ImageObject\",\"inLanguage\":\"fr\",\"@id\":\"https:\/\/juvigo.fr\/magazine\/faq-partenaires\/#primaryimage\",\"url\":\"https:\/\/juvigo.fr\/magazine\/wp-content\/uploads\/2022\/06\/header-partner-section.jpeg\",\"contentUrl\":\"https:\/\/juvigo.fr\/magazine\/wp-content\/uploads\/2022\/06\/header-partner-section.jpeg\",\"width\":800,\"height\":450},{\"@type\":\"BreadcrumbList\",\"@id\":\"https:\/\/juvigo.fr\/magazine\/faq-partenaires\/#breadcrumb\",\"itemListElement\":[{\"@type\":\"ListItem\",\"position\":1,\"name\":\"Juvigo-Magazine\",\"item\":\"https:\/\/juvigo.fr\/magazine\/\"},{\"@type\":\"ListItem\",\"position\":2,\"name\":\"FAQ\"}]},{\"@type\":\"WebSite\",\"@id\":\"https:\/\/juvigo.fr\/magazine\/#website\",\"url\":\"https:\/\/juvigo.fr\/magazine\/\",\"name\":\"Magazine\",\"description\":\"Magazine Juvigo - Ton magazine sur les colonies de vacances et s\u00e9jours linguistiques.\",\"publisher\":{\"@id\":\"https:\/\/juvigo.fr\/magazine\/#organization\"},\"potentialAction\":[{\"@type\":\"SearchAction\",\"target\":{\"@type\":\"EntryPoint\",\"urlTemplate\":\"https:\/\/juvigo.fr\/magazine\/?s={search_term_string}\"},\"query-input\":{\"@type\":\"PropertyValueSpecification\",\"valueRequired\":true,\"valueName\":\"search_term_string\"}}],\"inLanguage\":\"fr\"},{\"@type\":\"Organization\",\"@id\":\"https:\/\/juvigo.fr\/magazine\/#organization\",\"name\":\"Juvigo GmbH\",\"url\":\"https:\/\/juvigo.fr\/magazine\/\",\"logo\":{\"@type\":\"ImageObject\",\"inLanguage\":\"fr\",\"@id\":\"https:\/\/juvigo.fr\/magazine\/#\/schema\/logo\/image\/\",\"url\":\"https:\/\/juvigo.fr\/magazine\/wp-content\/uploads\/2022\/02\/magazine_logo_scaled.png\",\"contentUrl\":\"https:\/\/juvigo.fr\/magazine\/wp-content\/uploads\/2022\/02\/magazine_logo_scaled.png\",\"width\":240,\"height\":100,\"caption\":\"Juvigo GmbH\"},\"image\":{\"@id\":\"https:\/\/juvigo.fr\/magazine\/#\/schema\/logo\/image\/\"},\"sameAs\":[\"https:\/\/de-de.facebook.com\/meinjuvigo\",\"https:\/\/x.com\/meinjuvigo\",\"http:\/\/instagram.com\/juvigo_de\/\"]}]}<\/script>\n<!-- \/ Yoast SEO plugin. -->","yoast_head_json":{"title":"FAQ - Juvigo Magazine","description":"Tout ce que les partenaires et organisateurs de colonies de vacances ont besoin de savoir pour rejoindre et travailler avec Juvigo !","robots":{"index":"index","follow":"follow","max-snippet":"max-snippet:-1","max-image-preview":"max-image-preview:large","max-video-preview":"max-video-preview:-1"},"canonical":"https:\/\/juvigo.fr\/magazine\/faq-partenaires\/","og_locale":"fr_FR","og_type":"article","og_title":"FAQ - Juvigo Magazine","og_description":"Tout ce que les partenaires et organisateurs de colonies de vacances ont besoin de savoir pour rejoindre et travailler avec Juvigo !","og_url":"https:\/\/juvigo.fr\/magazine\/faq-partenaires\/","og_site_name":"Magazine","article_publisher":"https:\/\/de-de.facebook.com\/meinjuvigo","article_modified_time":"2022-10-18T12:51:02+00:00","og_image":[{"width":800,"height":450,"url":"https:\/\/juvigo.fr\/magazine\/wp-content\/uploads\/2022\/06\/header-partner-section.jpeg","type":"image\/jpeg"}],"twitter_card":"summary_large_image","twitter_site":"@meinjuvigo","twitter_misc":{"Est. reading time":"5 minutes"},"schema":{"@context":"https:\/\/schema.org","@graph":[{"@type":"WebPage","@id":"https:\/\/juvigo.fr\/magazine\/faq-partenaires\/","url":"https:\/\/juvigo.fr\/magazine\/faq-partenaires\/","name":"FAQ - Juvigo Magazine","isPartOf":{"@id":"https:\/\/juvigo.fr\/magazine\/#website"},"primaryImageOfPage":{"@id":"https:\/\/juvigo.fr\/magazine\/faq-partenaires\/#primaryimage"},"image":{"@id":"https:\/\/juvigo.fr\/magazine\/faq-partenaires\/#primaryimage"},"thumbnailUrl":"https:\/\/juvigo.fr\/magazine\/wp-content\/uploads\/2022\/06\/header-partner-section.jpeg","datePublished":"2022-06-09T13:49:30+00:00","dateModified":"2022-10-18T12:51:02+00:00","description":"Tout ce que les partenaires et organisateurs de colonies de vacances ont besoin de savoir pour rejoindre et travailler avec Juvigo !","breadcrumb":{"@id":"https:\/\/juvigo.fr\/magazine\/faq-partenaires\/#breadcrumb"},"inLanguage":"fr","potentialAction":[{"@type":"ReadAction","target":["https:\/\/juvigo.fr\/magazine\/faq-partenaires\/"]}]},{"@type":"ImageObject","inLanguage":"fr","@id":"https:\/\/juvigo.fr\/magazine\/faq-partenaires\/#primaryimage","url":"https:\/\/juvigo.fr\/magazine\/wp-content\/uploads\/2022\/06\/header-partner-section.jpeg","contentUrl":"https:\/\/juvigo.fr\/magazine\/wp-content\/uploads\/2022\/06\/header-partner-section.jpeg","width":800,"height":450},{"@type":"BreadcrumbList","@id":"https:\/\/juvigo.fr\/magazine\/faq-partenaires\/#breadcrumb","itemListElement":[{"@type":"ListItem","position":1,"name":"Juvigo-Magazine","item":"https:\/\/juvigo.fr\/magazine\/"},{"@type":"ListItem","position":2,"name":"FAQ"}]},{"@type":"WebSite","@id":"https:\/\/juvigo.fr\/magazine\/#website","url":"https:\/\/juvigo.fr\/magazine\/","name":"Magazine","description":"Magazine Juvigo - Ton magazine sur les colonies de vacances et s\u00e9jours linguistiques.","publisher":{"@id":"https:\/\/juvigo.fr\/magazine\/#organization"},"potentialAction":[{"@type":"SearchAction","target":{"@type":"EntryPoint","urlTemplate":"https:\/\/juvigo.fr\/magazine\/?s={search_term_string}"},"query-input":{"@type":"PropertyValueSpecification","valueRequired":true,"valueName":"search_term_string"}}],"inLanguage":"fr"},{"@type":"Organization","@id":"https:\/\/juvigo.fr\/magazine\/#organization","name":"Juvigo GmbH","url":"https:\/\/juvigo.fr\/magazine\/","logo":{"@type":"ImageObject","inLanguage":"fr","@id":"https:\/\/juvigo.fr\/magazine\/#\/schema\/logo\/image\/","url":"https:\/\/juvigo.fr\/magazine\/wp-content\/uploads\/2022\/02\/magazine_logo_scaled.png","contentUrl":"https:\/\/juvigo.fr\/magazine\/wp-content\/uploads\/2022\/02\/magazine_logo_scaled.png","width":240,"height":100,"caption":"Juvigo GmbH"},"image":{"@id":"https:\/\/juvigo.fr\/magazine\/#\/schema\/logo\/image\/"},"sameAs":["https:\/\/de-de.facebook.com\/meinjuvigo","https:\/\/x.com\/meinjuvigo","http:\/\/instagram.com\/juvigo_de\/"]}]}},"wps_subtitle":"","coauthors":[],"author_meta":{"author_link":"https:\/\/juvigo.fr\/magazine\/author\/patricia-2\/","display_name":"Patricia Schaal"},"relative_dates":{"created":"Posted 4 years ago","modified":"Updated 4 years ago"},"absolute_dates":{"created":"Posted on 09-06-2022","modified":"Updated on 18-10-2022"},"absolute_dates_time":{"created":"Posted on 09-06-2022 15:49","modified":"Updated on 18-10-2022 14:51"},"featured_img_caption":"","featured_img":"https:\/\/juvigo.fr\/magazine\/wp-content\/uploads\/2022\/06\/header-partner-section.jpeg","series_order":"","_links":{"self":[{"href":"https:\/\/juvigo.fr\/magazine\/wp-json\/wp\/v2\/pages\/8101","targetHints":{"allow":["GET"]}}],"collection":[{"href":"https:\/\/juvigo.fr\/magazine\/wp-json\/wp\/v2\/pages"}],"about":[{"href":"https:\/\/juvigo.fr\/magazine\/wp-json\/wp\/v2\/types\/page"}],"author":[{"embeddable":true,"href":"https:\/\/juvigo.fr\/magazine\/wp-json\/wp\/v2\/users\/12"}],"replies":[{"embeddable":true,"href":"https:\/\/juvigo.fr\/magazine\/wp-json\/wp\/v2\/comments?post=8101"}],"version-history":[{"count":14,"href":"https:\/\/juvigo.fr\/magazine\/wp-json\/wp\/v2\/pages\/8101\/revisions"}],"predecessor-version":[{"id":8334,"href":"https:\/\/juvigo.fr\/magazine\/wp-json\/wp\/v2\/pages\/8101\/revisions\/8334"}],"wp:featuredmedia":[{"embeddable":true,"href":"https:\/\/juvigo.fr\/magazine\/wp-json\/wp\/v2\/media\/8073"}],"wp:attachment":[{"href":"https:\/\/juvigo.fr\/magazine\/wp-json\/wp\/v2\/media?parent=8101"}],"wp:term":[{"taxonomy":"category","embeddable":true,"href":"https:\/\/juvigo.fr\/magazine\/wp-json\/wp\/v2\/categories?post=8101"},{"taxonomy":"post_tag","embeddable":true,"href":"https:\/\/juvigo.fr\/magazine\/wp-json\/wp\/v2\/tags?post=8101"}],"curies":[{"name":"wp","href":"https:\/\/api.w.org\/{rel}","templated":true}]}}