{"id":7856,"date":"2022-04-13T13:03:56","date_gmt":"2022-04-13T11:03:56","guid":{"rendered":"https:\/\/juvigo.nl\/magazine\/?page_id=7856"},"modified":"2025-09-24T13:41:18","modified_gmt":"2025-09-24T11:41:18","slug":"contact-presse","status":"publish","type":"page","link":"https:\/\/juvigo.fr\/magazine\/contact-presse\/","title":{"rendered":"Contact Presse"},"content":{"rendered":"\n<div class=\"wp-block-columns is-layout-flex wp-container-core-columns-is-layout-1 wp-block-columns-is-layout-flex\">\n<div class=\"wp-block-column is-layout-flow wp-block-column-is-layout-flow\">\n<figure class=\"wp-block-gallery has-nested-images columns-default is-cropped wp-block-gallery-2 is-layout-flex wp-block-gallery-is-layout-flex\">\n<figure class=\"wp-block-image size-large is-resized is-style-rounded\"><img decoding=\"async\" width=\"294\" height=\"294\" data-src=\"https:\/\/juvigo.fr\/magazine\/wp-content\/uploads\/2025\/09\/Romeo-Clement-Seiwert-2025_edited-1-edited.jpg\" alt=\"\" class=\"wp-image-11065 lazyload\" style=\"--smush-placeholder-width: 294px; --smush-placeholder-aspect-ratio: 294\/294;width:372px;height:auto\" data-srcset=\"https:\/\/juvigo.fr\/magazine\/wp-content\/uploads\/2025\/09\/Romeo-Clement-Seiwert-2025_edited-1-edited.jpg 294w, https:\/\/juvigo.fr\/magazine\/wp-content\/uploads\/2025\/09\/Romeo-Clement-Seiwert-2025_edited-1-edited-150x150.jpg 150w, https:\/\/juvigo.fr\/magazine\/wp-content\/uploads\/2025\/09\/Romeo-Clement-Seiwert-2025_edited-1-edited-278x278.jpg 278w, https:\/\/juvigo.fr\/magazine\/wp-content\/uploads\/2025\/09\/Romeo-Clement-Seiwert-2025_edited-1-edited-247x247.jpg 247w\" data-sizes=\"(max-width: 294px) 100vw, 294px\" src=\"data:image\/gif;base64,R0lGODlhAQABAAAAACH5BAEKAAEALAAAAAABAAEAAAICTAEAOw==\" \/><\/figure>\n<\/figure>\n<\/div>\n\n\n\n<div class=\"wp-block-column is-layout-flow wp-block-column-is-layout-flow\">\n<figure class=\"wp-block-image size-large is-style-rounded\"><img decoding=\"async\" width=\"945\" height=\"660\" data-src=\"https:\/\/juvigo.fr\/magazine\/wp-content\/uploads\/2025\/09\/IMG_6218-edited-2.jpeg\" alt=\"Paul Claudel\" class=\"wp-image-11067 lazyload\" style=\"--smush-placeholder-width: 945px; --smush-placeholder-aspect-ratio: 945\/660;aspect-ratio:1;object-fit:cover\" data-srcset=\"https:\/\/juvigo.fr\/magazine\/wp-content\/uploads\/2025\/09\/IMG_6218-edited-2.jpeg 945w, https:\/\/juvigo.fr\/magazine\/wp-content\/uploads\/2025\/09\/IMG_6218-edited-2-300x210.jpeg 300w, https:\/\/juvigo.fr\/magazine\/wp-content\/uploads\/2025\/09\/IMG_6218-edited-2-768x536.jpeg 768w, https:\/\/juvigo.fr\/magazine\/wp-content\/uploads\/2025\/09\/IMG_6218-edited-2-600x419.jpeg 600w, https:\/\/juvigo.fr\/magazine\/wp-content\/uploads\/2025\/09\/IMG_6218-edited-2-800x559.jpeg 800w\" data-sizes=\"(max-width: 945px) 100vw, 945px\" src=\"data:image\/gif;base64,R0lGODlhAQABAAAAACH5BAEKAAEALAAAAAABAAEAAAICTAEAOw==\" \/><\/figure>\n<\/div>\n<\/div>\n\n\n\n<p>Chez Juvigo France, ce sont <strong>Paul <\/strong>et<strong> Rom\u00e9o<\/strong> qui s\u2019occupent de la communication, des relations presse, du SEO et des r\u00e9seaux sociaux. Ensemble, ils forment une \u00e9quipe dynamique et compl\u00e9mentaire pour promouvoir les colonies de vacances et s\u00e9jours linguistiques aupr\u00e8s du public et des m\u00e9dias.<\/p>\n\n\n\n<p><strong>Paul<\/strong> est Product et Account Manager Junior pour le march\u00e9 fran\u00e7ais. C&#8217;est une personne tr\u00e8s positive, toujours partant pour une sortie ou un moment convivial entre amis. Passionn\u00e9 d\u2019art, il aime visiter les mus\u00e9es ou composer de la musique sur son ordinateur portable. Sa cr\u00e9ativit\u00e9 s\u2019exprime pleinement dans son r\u00f4le au sein de l\u2019\u00e9quipe fran\u00e7aise, notamment \u00e0 travers la r\u00e9daction de contenus comme les descriptions de s\u00e9jours. Il s\u2019implique \u00e9galement avec enthousiasme dans le service client. Ayant lui-m\u00eame particip\u00e9 plusieurs fois \u00e0 des colonies de vacances durant son enfance, il conna\u00eet bien l\u2019importance de ces exp\u00e9riences pour les familles et sait transmettre cette passion.<\/p>\n\n\n\n<p><strong>Rom\u00e9o<\/strong>, quant \u00e0 lui, est Product Manager pour le march\u00e9 fran\u00e7ais et est sp\u00e9cialiste des s\u00e9jours linguistiques. Il apporte une \u00e9nergie communicative et une personnalit\u00e9 vibrante \u00e0 l\u2019\u00e9quipe. Curieux et passionn\u00e9 par les voyages, il saisit chaque occasion pour d\u00e9couvrir de nouveaux horizons \u00e0 l\u2019\u00e9tranger. Amateur de podcasts, de musique, de danse et de chant, il insuffle bonne humeur et dynamisme au quotidien. M\u00eame s\u2019il n\u2019a jamais pris part \u00e0 une colonie, il garde un souvenir marquant de son \u00e9change en Espagne \u00e0 l\u2019\u00e2ge de 16 ans, une exp\u00e9rience qui l\u2019a beaucoup enrichi sur le plan personnel et culturel.<\/p>\n\n\n\n<p>Ensemble, Paul et Rom\u00e9o veillent \u00e0 valoriser Juvigo et \u00e0 faire rayonner les s\u00e9jours propos\u00e9s en France et \u00e0 l\u2019international.<\/p>\n\n\n\n<p>\ud83d\udc49 Si vous avez des questions ou souhaitez r\u00e9aliser une interview, n\u2019attendez plus et contactez Paul et Rom\u00e9o !<\/p>\n\n\n\n<p><br>Vous pouvez nous joindre par t\u00e9l\u00e9phone au <a href=\"http:\/\/01 86 65 54 01\"><strong><a href=\"tel:+33186655401\">01 86 65 54 01<\/a><\/strong><\/a> ou par email \u00e0 <a href=\"mailto:lisa@juvigo.fr\">partenaire@juvigo.fr<\/a>.<\/p>\n\n\n\n<h2 class=\"wp-block-heading\">Dossier de presse <\/h2>\n\n\n\n<p>Ici, vous pouvez t\u00e9l\u00e9charger le dossier de presse de Juvigo, qui inclut toutes les informations importantes sur l\u2019entreprise, ainsi qu\u2019une galerie d\u2019images connexes et l\u2019identit\u00e9 visuelle de l\u2019entreprise.<\/p>\n\n\n\n<div class=\"wp-block-advgb-button alignnone is-style-default\"><a class=\"wp-block-advgb-button_link advgbbtn-ba1d6fc5-13b9-4f74-a714-021322d95243\" href=\"https:\/\/juvigo.fr\/magazine\/Dossier_de_presse.zip\" target=\"_blank\" rel=\"noopener noreferrer\"><span>Dossier de presse (45,4 MB)<\/span><\/a><\/div>\n<style class=\"advgb-styles-renderer\">.advgbbtn-ba1d6fc5-13b9-4f74-a714-021322d95243{font-size:15px;color:#fff !important;background-color:#f99420 !important;margin:0px 0px 0px 0px !important;padding:5px 20px 5px 20px;border-width:1px !important;border-style:none;border-radius:5px !important;}.advgbbtn-ba1d6fc5-13b9-4f74-a714-021322d95243:hover{box-shadow:1px 1px 12px 0px #ccc;opacity:1;transition:all 0.2s ease;}.advgbbtn-ba1d6fc5-13b9-4f74-a714-021322d95243 > i {display: none !important;}<\/style>","protected":false},"excerpt":{"rendered":"<p>Chez Juvigo France, ce sont Paul et Rom\u00e9o qui s\u2019occupent de la communication, des relations presse, du SEO et des r\u00e9seaux sociaux. Ensemble, ils forment une \u00e9quipe dynamique et compl\u00e9mentaire pour promouvoir les colonies de vacances et s\u00e9jours linguistiques aupr\u00e8s du public et des m\u00e9dias. Paul est Product et Account Manager Junior pour le march\u00e9 [&hellip;]<\/p>\n","protected":false},"author":3,"featured_media":0,"parent":0,"menu_order":0,"comment_status":"closed","ping_status":"closed","template":"","meta":{"advgb_blocks_editor_width":"","advgb_blocks_columns_visual_guide":"","footnotes":"","_links_to":"","_links_to_target":""},"categories":[1],"tags":[],"class_list":["post-7856","page","type-page","status-publish","hentry","category-plus-dinformations"],"yoast_head":"<!-- This site is optimized with the Yoast SEO plugin v24.8.1 - https:\/\/yoast.com\/wordpress\/plugins\/seo\/ -->\n<title>Contact Presse - Juvigo Magazine<\/title>\n<meta name=\"robots\" content=\"noindex, follow\" \/>\n<meta property=\"og:locale\" content=\"fr_FR\" \/>\n<meta property=\"og:type\" content=\"article\" \/>\n<meta property=\"og:title\" content=\"Contact Presse - Juvigo Magazine\" \/>\n<meta property=\"og:description\" content=\"Chez Juvigo France, ce sont Paul et Rom\u00e9o qui s\u2019occupent de la communication, des relations presse, du SEO et des r\u00e9seaux sociaux. Ensemble, ils forment une \u00e9quipe dynamique et compl\u00e9mentaire pour promouvoir les colonies de vacances et s\u00e9jours linguistiques aupr\u00e8s du public et des m\u00e9dias. Paul est Product et Account Manager Junior pour le march\u00e9 [&hellip;]\" \/>\n<meta property=\"og:url\" content=\"https:\/\/juvigo.fr\/magazine\/contact-presse\/\" \/>\n<meta property=\"og:site_name\" content=\"Magazine\" \/>\n<meta property=\"article:publisher\" content=\"https:\/\/de-de.facebook.com\/meinjuvigo\" \/>\n<meta property=\"article:modified_time\" content=\"2025-09-24T11:41:18+00:00\" \/>\n<meta property=\"og:image\" content=\"https:\/\/juvigo.fr\/magazine\/wp-content\/uploads\/2025\/09\/Romeo-Clement-Seiwert-2025_edited-1-edited.jpg\" \/>\n\t<meta property=\"og:image:width\" content=\"294\" \/>\n\t<meta property=\"og:image:height\" content=\"294\" \/>\n\t<meta property=\"og:image:type\" content=\"image\/jpeg\" \/>\n<meta name=\"twitter:card\" content=\"summary_large_image\" \/>\n<meta name=\"twitter:site\" content=\"@meinjuvigo\" \/>\n<meta name=\"twitter:label1\" content=\"Est. reading time\" \/>\n\t<meta name=\"twitter:data1\" content=\"2 minutes\" \/>\n<script type=\"application\/ld+json\" class=\"yoast-schema-graph\">{\"@context\":\"https:\/\/schema.org\",\"@graph\":[{\"@type\":\"WebPage\",\"@id\":\"https:\/\/juvigo.fr\/magazine\/contact-presse\/\",\"url\":\"https:\/\/juvigo.fr\/magazine\/contact-presse\/\",\"name\":\"Contact Presse - Juvigo Magazine\",\"isPartOf\":{\"@id\":\"https:\/\/juvigo.fr\/magazine\/#website\"},\"primaryImageOfPage\":{\"@id\":\"https:\/\/juvigo.fr\/magazine\/contact-presse\/#primaryimage\"},\"image\":{\"@id\":\"https:\/\/juvigo.fr\/magazine\/contact-presse\/#primaryimage\"},\"thumbnailUrl\":\"https:\/\/juvigo.fr\/magazine\/wp-content\/uploads\/2025\/09\/Romeo-Clement-Seiwert-2025_edited-1-edited.jpg\",\"datePublished\":\"2022-04-13T11:03:56+00:00\",\"dateModified\":\"2025-09-24T11:41:18+00:00\",\"breadcrumb\":{\"@id\":\"https:\/\/juvigo.fr\/magazine\/contact-presse\/#breadcrumb\"},\"inLanguage\":\"fr\",\"potentialAction\":[{\"@type\":\"ReadAction\",\"target\":[\"https:\/\/juvigo.fr\/magazine\/contact-presse\/\"]}]},{\"@type\":\"ImageObject\",\"inLanguage\":\"fr\",\"@id\":\"https:\/\/juvigo.fr\/magazine\/contact-presse\/#primaryimage\",\"url\":\"https:\/\/juvigo.fr\/magazine\/wp-content\/uploads\/2025\/09\/Romeo-Clement-Seiwert-2025_edited-1-edited.jpg\",\"contentUrl\":\"https:\/\/juvigo.fr\/magazine\/wp-content\/uploads\/2025\/09\/Romeo-Clement-Seiwert-2025_edited-1-edited.jpg\",\"width\":294,\"height\":294},{\"@type\":\"BreadcrumbList\",\"@id\":\"https:\/\/juvigo.fr\/magazine\/contact-presse\/#breadcrumb\",\"itemListElement\":[{\"@type\":\"ListItem\",\"position\":1,\"name\":\"Juvigo-Magazine\",\"item\":\"https:\/\/juvigo.fr\/magazine\/\"},{\"@type\":\"ListItem\",\"position\":2,\"name\":\"Contact Presse\"}]},{\"@type\":\"WebSite\",\"@id\":\"https:\/\/juvigo.fr\/magazine\/#website\",\"url\":\"https:\/\/juvigo.fr\/magazine\/\",\"name\":\"Magazine\",\"description\":\"Magazine Juvigo - Ton magazine sur les colonies de vacances et s\u00e9jours linguistiques.\",\"publisher\":{\"@id\":\"https:\/\/juvigo.fr\/magazine\/#organization\"},\"potentialAction\":[{\"@type\":\"SearchAction\",\"target\":{\"@type\":\"EntryPoint\",\"urlTemplate\":\"https:\/\/juvigo.fr\/magazine\/?s={search_term_string}\"},\"query-input\":{\"@type\":\"PropertyValueSpecification\",\"valueRequired\":true,\"valueName\":\"search_term_string\"}}],\"inLanguage\":\"fr\"},{\"@type\":\"Organization\",\"@id\":\"https:\/\/juvigo.fr\/magazine\/#organization\",\"name\":\"Juvigo GmbH\",\"url\":\"https:\/\/juvigo.fr\/magazine\/\",\"logo\":{\"@type\":\"ImageObject\",\"inLanguage\":\"fr\",\"@id\":\"https:\/\/juvigo.fr\/magazine\/#\/schema\/logo\/image\/\",\"url\":\"https:\/\/juvigo.fr\/magazine\/wp-content\/uploads\/2022\/02\/magazine_logo_scaled.png\",\"contentUrl\":\"https:\/\/juvigo.fr\/magazine\/wp-content\/uploads\/2022\/02\/magazine_logo_scaled.png\",\"width\":240,\"height\":100,\"caption\":\"Juvigo GmbH\"},\"image\":{\"@id\":\"https:\/\/juvigo.fr\/magazine\/#\/schema\/logo\/image\/\"},\"sameAs\":[\"https:\/\/de-de.facebook.com\/meinjuvigo\",\"https:\/\/x.com\/meinjuvigo\",\"http:\/\/instagram.com\/juvigo_de\/\"]}]}<\/script>\n<!-- \/ Yoast SEO plugin. -->","yoast_head_json":{"title":"Contact Presse - Juvigo Magazine","robots":{"index":"noindex","follow":"follow"},"og_locale":"fr_FR","og_type":"article","og_title":"Contact Presse - Juvigo Magazine","og_description":"Chez Juvigo France, ce sont Paul et Rom\u00e9o qui s\u2019occupent de la communication, des relations presse, du SEO et des r\u00e9seaux sociaux. Ensemble, ils forment une \u00e9quipe dynamique et compl\u00e9mentaire pour promouvoir les colonies de vacances et s\u00e9jours linguistiques aupr\u00e8s du public et des m\u00e9dias. Paul est Product et Account Manager Junior pour le march\u00e9 [&hellip;]","og_url":"https:\/\/juvigo.fr\/magazine\/contact-presse\/","og_site_name":"Magazine","article_publisher":"https:\/\/de-de.facebook.com\/meinjuvigo","article_modified_time":"2025-09-24T11:41:18+00:00","og_image":[{"width":294,"height":294,"url":"https:\/\/juvigo.fr\/magazine\/wp-content\/uploads\/2025\/09\/Romeo-Clement-Seiwert-2025_edited-1-edited.jpg","type":"image\/jpeg"}],"twitter_card":"summary_large_image","twitter_site":"@meinjuvigo","twitter_misc":{"Est. reading time":"2 minutes"},"schema":{"@context":"https:\/\/schema.org","@graph":[{"@type":"WebPage","@id":"https:\/\/juvigo.fr\/magazine\/contact-presse\/","url":"https:\/\/juvigo.fr\/magazine\/contact-presse\/","name":"Contact Presse - Juvigo Magazine","isPartOf":{"@id":"https:\/\/juvigo.fr\/magazine\/#website"},"primaryImageOfPage":{"@id":"https:\/\/juvigo.fr\/magazine\/contact-presse\/#primaryimage"},"image":{"@id":"https:\/\/juvigo.fr\/magazine\/contact-presse\/#primaryimage"},"thumbnailUrl":"https:\/\/juvigo.fr\/magazine\/wp-content\/uploads\/2025\/09\/Romeo-Clement-Seiwert-2025_edited-1-edited.jpg","datePublished":"2022-04-13T11:03:56+00:00","dateModified":"2025-09-24T11:41:18+00:00","breadcrumb":{"@id":"https:\/\/juvigo.fr\/magazine\/contact-presse\/#breadcrumb"},"inLanguage":"fr","potentialAction":[{"@type":"ReadAction","target":["https:\/\/juvigo.fr\/magazine\/contact-presse\/"]}]},{"@type":"ImageObject","inLanguage":"fr","@id":"https:\/\/juvigo.fr\/magazine\/contact-presse\/#primaryimage","url":"https:\/\/juvigo.fr\/magazine\/wp-content\/uploads\/2025\/09\/Romeo-Clement-Seiwert-2025_edited-1-edited.jpg","contentUrl":"https:\/\/juvigo.fr\/magazine\/wp-content\/uploads\/2025\/09\/Romeo-Clement-Seiwert-2025_edited-1-edited.jpg","width":294,"height":294},{"@type":"BreadcrumbList","@id":"https:\/\/juvigo.fr\/magazine\/contact-presse\/#breadcrumb","itemListElement":[{"@type":"ListItem","position":1,"name":"Juvigo-Magazine","item":"https:\/\/juvigo.fr\/magazine\/"},{"@type":"ListItem","position":2,"name":"Contact Presse"}]},{"@type":"WebSite","@id":"https:\/\/juvigo.fr\/magazine\/#website","url":"https:\/\/juvigo.fr\/magazine\/","name":"Magazine","description":"Magazine Juvigo - Ton magazine sur les colonies de vacances et s\u00e9jours linguistiques.","publisher":{"@id":"https:\/\/juvigo.fr\/magazine\/#organization"},"potentialAction":[{"@type":"SearchAction","target":{"@type":"EntryPoint","urlTemplate":"https:\/\/juvigo.fr\/magazine\/?s={search_term_string}"},"query-input":{"@type":"PropertyValueSpecification","valueRequired":true,"valueName":"search_term_string"}}],"inLanguage":"fr"},{"@type":"Organization","@id":"https:\/\/juvigo.fr\/magazine\/#organization","name":"Juvigo GmbH","url":"https:\/\/juvigo.fr\/magazine\/","logo":{"@type":"ImageObject","inLanguage":"fr","@id":"https:\/\/juvigo.fr\/magazine\/#\/schema\/logo\/image\/","url":"https:\/\/juvigo.fr\/magazine\/wp-content\/uploads\/2022\/02\/magazine_logo_scaled.png","contentUrl":"https:\/\/juvigo.fr\/magazine\/wp-content\/uploads\/2022\/02\/magazine_logo_scaled.png","width":240,"height":100,"caption":"Juvigo GmbH"},"image":{"@id":"https:\/\/juvigo.fr\/magazine\/#\/schema\/logo\/image\/"},"sameAs":["https:\/\/de-de.facebook.com\/meinjuvigo","https:\/\/x.com\/meinjuvigo","http:\/\/instagram.com\/juvigo_de\/"]}]}},"wps_subtitle":"","coauthors":[],"author_meta":{"author_link":"https:\/\/juvigo.fr\/magazine\/author\/max\/","display_name":"Max"},"relative_dates":{"created":"Posted 4 years ago","modified":"Updated 7 months ago"},"absolute_dates":{"created":"Posted on 13-04-2022","modified":"Updated on 24-09-2025"},"absolute_dates_time":{"created":"Posted on 13-04-2022 13:03","modified":"Updated on 24-09-2025 13:41"},"featured_img_caption":"","featured_img":false,"series_order":"","_links":{"self":[{"href":"https:\/\/juvigo.fr\/magazine\/wp-json\/wp\/v2\/pages\/7856","targetHints":{"allow":["GET"]}}],"collection":[{"href":"https:\/\/juvigo.fr\/magazine\/wp-json\/wp\/v2\/pages"}],"about":[{"href":"https:\/\/juvigo.fr\/magazine\/wp-json\/wp\/v2\/types\/page"}],"author":[{"embeddable":true,"href":"https:\/\/juvigo.fr\/magazine\/wp-json\/wp\/v2\/users\/3"}],"replies":[{"embeddable":true,"href":"https:\/\/juvigo.fr\/magazine\/wp-json\/wp\/v2\/comments?post=7856"}],"version-history":[{"count":21,"href":"https:\/\/juvigo.fr\/magazine\/wp-json\/wp\/v2\/pages\/7856\/revisions"}],"predecessor-version":[{"id":11070,"href":"https:\/\/juvigo.fr\/magazine\/wp-json\/wp\/v2\/pages\/7856\/revisions\/11070"}],"wp:attachment":[{"href":"https:\/\/juvigo.fr\/magazine\/wp-json\/wp\/v2\/media?parent=7856"}],"wp:term":[{"taxonomy":"category","embeddable":true,"href":"https:\/\/juvigo.fr\/magazine\/wp-json\/wp\/v2\/categories?post=7856"},{"taxonomy":"post_tag","embeddable":true,"href":"https:\/\/juvigo.fr\/magazine\/wp-json\/wp\/v2\/tags?post=7856"}],"curies":[{"name":"wp","href":"https:\/\/api.w.org\/{rel}","templated":true}]}}