{"id":7841,"date":"2022-04-13T12:56:32","date_gmt":"2022-04-13T10:56:32","guid":{"rendered":"https:\/\/juvigo.nl\/magazine\/?page_id=7841"},"modified":"2023-09-07T12:22:09","modified_gmt":"2023-09-07T10:22:09","slug":"revue-de-presse","status":"publish","type":"page","link":"https:\/\/juvigo.fr\/magazine\/revue-de-presse\/","title":{"rendered":"Revue de presse"},"content":{"rendered":"\n<div style=\"height:20px\" aria-hidden=\"true\" class=\"wp-block-spacer\"><\/div>\n\n\n\n<div style=\"height:0px\" aria-hidden=\"true\" class=\"wp-block-spacer\"><\/div>\n\n\n\n<div class=\"wp-block-columns is-layout-flex wp-container-core-columns-is-layout-1 wp-block-columns-is-layout-flex\"><\/div>\n\n\n\n<div class=\"wp-block-media-text alignwide is-stacked-on-mobile\" style=\"grid-template-columns:51% auto\"><figure class=\"wp-block-media-text__media\"><img decoding=\"async\" width=\"560\" height=\"340\" data-src=\"https:\/\/juvigo.fr\/magazine\/wp-content\/uploads\/2023\/04\/5adbadd92947e9231dedc90ed344a4af.jpeg\" alt=\"\" class=\"wp-image-8632 size-full lazyload\" src=\"data:image\/gif;base64,R0lGODlhAQABAAAAACH5BAEKAAEALAAAAAABAAEAAAICTAEAOw==\" style=\"--smush-placeholder-width: 560px; --smush-placeholder-aspect-ratio: 560\/340;\" \/><\/figure><div class=\"wp-block-media-text__content\">\n<h2 class=\"wp-block-heading has-trawell-meta-color has-text-color\">Article <a href=\"https:\/\/www.infotravel.fr\/actualites\/juvigo-colonie-sejour-langue\/\" target=\"_blank\" rel=\"noreferrer noopener\">d&#8217;Infotravel<\/a><\/h2>\n<\/div><\/div>\n\n\n\n<div class=\"wp-block-media-text alignwide has-media-on-the-right is-stacked-on-mobile\"><div class=\"wp-block-media-text__content\">\n<h2 class=\"wp-block-heading\">Article avec <a href=\"https:\/\/cestquoicebruit.com\/famille\/5-idees-de-colonies-de-vacances-a-theme-avec-juvigo\/\">C&#8217;est Quoi Ce Bruit<\/a><\/h2>\n<\/div><figure class=\"wp-block-media-text__media\"><img decoding=\"async\" width=\"600\" height=\"113\" data-src=\"https:\/\/juvigo.fr\/magazine\/wp-content\/uploads\/2023\/05\/logo-cqcb.png\" alt=\"\" class=\"wp-image-8647 size-full lazyload\" src=\"data:image\/gif;base64,R0lGODlhAQABAAAAACH5BAEKAAEALAAAAAABAAEAAAICTAEAOw==\" style=\"--smush-placeholder-width: 600px; --smush-placeholder-aspect-ratio: 600\/113;\" \/><\/figure><\/div>\n\n\n\n<div class=\"wp-block-media-text alignwide is-stacked-on-mobile\" style=\"grid-template-columns:37% auto\"><figure class=\"wp-block-media-text__media\"><img decoding=\"async\" width=\"400\" height=\"400\" data-src=\"https:\/\/juvigo.fr\/magazine\/wp-content\/uploads\/2023\/09\/36819848-1678350278151-921e2659917cc.jpg\" alt=\"\" class=\"wp-image-8776 size-full lazyload\" src=\"data:image\/gif;base64,R0lGODlhAQABAAAAACH5BAEKAAEALAAAAAABAAEAAAICTAEAOw==\" style=\"--smush-placeholder-width: 400px; --smush-placeholder-aspect-ratio: 400\/400;\" \/><\/figure><div class=\"wp-block-media-text__content\">\n<h2 class=\"wp-block-heading has-trawell-meta-color has-text-color\">Podcast <a href=\"https:\/\/podcasters.spotify.com\/pod\/show\/unosel\/episodes\/SRIE--Causerie-avec----pisode-2--Bjrn-Viergutz---fondateur-et-PDG-de-Juvigo-e28ujl9\" target=\"_blank\" rel=\"noreferrer noopener\">Causerie avec UNOSEL<\/a><\/h2>\n<\/div><\/div>\n","protected":false},"excerpt":{"rendered":"<p>Article d&#8217;Infotravel Article avec C&#8217;est Quoi Ce Bruit Podcast Causerie avec UNOSEL<\/p>\n","protected":false},"author":3,"featured_media":7843,"parent":0,"menu_order":0,"comment_status":"closed","ping_status":"closed","template":"","meta":{"advgb_blocks_editor_width":"","advgb_blocks_columns_visual_guide":"","footnotes":"","_links_to":"","_links_to_target":""},"categories":[1],"tags":[],"class_list":["post-7841","page","type-page","status-publish","has-post-thumbnail","hentry","category-plus-dinformations"],"yoast_head":"<!-- This site is optimized with the Yoast SEO plugin v24.8.1 - https:\/\/yoast.com\/wordpress\/plugins\/seo\/ -->\n<title>Revue de presse - Juvigo Magazine<\/title>\n<meta name=\"description\" content=\"Retrouvez ici tous les articles, vid\u00e9os, podcasts et r\u00e9f\u00e9rences dans la presse. Vous trouverez un aper\u00e7u de nos apparitions dans la presse.\" \/>\n<meta name=\"robots\" content=\"noindex, follow\" \/>\n<meta property=\"og:locale\" content=\"fr_FR\" \/>\n<meta property=\"og:type\" content=\"article\" \/>\n<meta property=\"og:title\" content=\"Revue de presse - Juvigo Magazine\" \/>\n<meta property=\"og:description\" content=\"Retrouvez ici tous les articles, vid\u00e9os, podcasts et r\u00e9f\u00e9rences dans la presse. Vous trouverez un aper\u00e7u de nos apparitions dans la presse.\" \/>\n<meta property=\"og:url\" content=\"https:\/\/juvigo.fr\/magazine\/revue-de-presse\/\" \/>\n<meta property=\"og:site_name\" content=\"Magazine\" \/>\n<meta property=\"article:publisher\" content=\"https:\/\/de-de.facebook.com\/meinjuvigo\" \/>\n<meta property=\"article:modified_time\" content=\"2023-09-07T10:22:09+00:00\" \/>\n<meta property=\"og:image\" content=\"https:\/\/juvigo.fr\/magazine\/wp-content\/uploads\/2022\/04\/presse-header.jpeg\" \/>\n\t<meta property=\"og:image:width\" content=\"1920\" \/>\n\t<meta property=\"og:image:height\" content=\"1280\" \/>\n\t<meta property=\"og:image:type\" content=\"image\/jpeg\" \/>\n<meta name=\"twitter:card\" content=\"summary_large_image\" \/>\n<meta name=\"twitter:site\" content=\"@meinjuvigo\" \/>\n<meta name=\"twitter:label1\" content=\"Est. reading time\" \/>\n\t<meta name=\"twitter:data1\" content=\"1 minute\" \/>\n<script type=\"application\/ld+json\" class=\"yoast-schema-graph\">{\"@context\":\"https:\/\/schema.org\",\"@graph\":[{\"@type\":\"WebPage\",\"@id\":\"https:\/\/juvigo.fr\/magazine\/revue-de-presse\/\",\"url\":\"https:\/\/juvigo.fr\/magazine\/revue-de-presse\/\",\"name\":\"Revue de presse - Juvigo Magazine\",\"isPartOf\":{\"@id\":\"https:\/\/juvigo.fr\/magazine\/#website\"},\"primaryImageOfPage\":{\"@id\":\"https:\/\/juvigo.fr\/magazine\/revue-de-presse\/#primaryimage\"},\"image\":{\"@id\":\"https:\/\/juvigo.fr\/magazine\/revue-de-presse\/#primaryimage\"},\"thumbnailUrl\":\"https:\/\/juvigo.fr\/magazine\/wp-content\/uploads\/2022\/04\/presse-header.jpeg\",\"datePublished\":\"2022-04-13T10:56:32+00:00\",\"dateModified\":\"2023-09-07T10:22:09+00:00\",\"description\":\"Retrouvez ici tous les articles, vid\u00e9os, podcasts et r\u00e9f\u00e9rences dans la presse. Vous trouverez un aper\u00e7u de nos apparitions dans la presse.\",\"breadcrumb\":{\"@id\":\"https:\/\/juvigo.fr\/magazine\/revue-de-presse\/#breadcrumb\"},\"inLanguage\":\"fr\",\"potentialAction\":[{\"@type\":\"ReadAction\",\"target\":[\"https:\/\/juvigo.fr\/magazine\/revue-de-presse\/\"]}]},{\"@type\":\"ImageObject\",\"inLanguage\":\"fr\",\"@id\":\"https:\/\/juvigo.fr\/magazine\/revue-de-presse\/#primaryimage\",\"url\":\"https:\/\/juvigo.fr\/magazine\/wp-content\/uploads\/2022\/04\/presse-header.jpeg\",\"contentUrl\":\"https:\/\/juvigo.fr\/magazine\/wp-content\/uploads\/2022\/04\/presse-header.jpeg\",\"width\":1920,\"height\":1280},{\"@type\":\"BreadcrumbList\",\"@id\":\"https:\/\/juvigo.fr\/magazine\/revue-de-presse\/#breadcrumb\",\"itemListElement\":[{\"@type\":\"ListItem\",\"position\":1,\"name\":\"Juvigo-Magazine\",\"item\":\"https:\/\/juvigo.fr\/magazine\/\"},{\"@type\":\"ListItem\",\"position\":2,\"name\":\"Revue de presse\"}]},{\"@type\":\"WebSite\",\"@id\":\"https:\/\/juvigo.fr\/magazine\/#website\",\"url\":\"https:\/\/juvigo.fr\/magazine\/\",\"name\":\"Magazine\",\"description\":\"Magazine Juvigo - Ton magazine sur les colonies de vacances et s\u00e9jours linguistiques.\",\"publisher\":{\"@id\":\"https:\/\/juvigo.fr\/magazine\/#organization\"},\"potentialAction\":[{\"@type\":\"SearchAction\",\"target\":{\"@type\":\"EntryPoint\",\"urlTemplate\":\"https:\/\/juvigo.fr\/magazine\/?s={search_term_string}\"},\"query-input\":{\"@type\":\"PropertyValueSpecification\",\"valueRequired\":true,\"valueName\":\"search_term_string\"}}],\"inLanguage\":\"fr\"},{\"@type\":\"Organization\",\"@id\":\"https:\/\/juvigo.fr\/magazine\/#organization\",\"name\":\"Juvigo GmbH\",\"url\":\"https:\/\/juvigo.fr\/magazine\/\",\"logo\":{\"@type\":\"ImageObject\",\"inLanguage\":\"fr\",\"@id\":\"https:\/\/juvigo.fr\/magazine\/#\/schema\/logo\/image\/\",\"url\":\"https:\/\/juvigo.fr\/magazine\/wp-content\/uploads\/2022\/02\/magazine_logo_scaled.png\",\"contentUrl\":\"https:\/\/juvigo.fr\/magazine\/wp-content\/uploads\/2022\/02\/magazine_logo_scaled.png\",\"width\":240,\"height\":100,\"caption\":\"Juvigo GmbH\"},\"image\":{\"@id\":\"https:\/\/juvigo.fr\/magazine\/#\/schema\/logo\/image\/\"},\"sameAs\":[\"https:\/\/de-de.facebook.com\/meinjuvigo\",\"https:\/\/x.com\/meinjuvigo\",\"http:\/\/instagram.com\/juvigo_de\/\"]}]}<\/script>\n<!-- \/ Yoast SEO plugin. -->","yoast_head_json":{"title":"Revue de presse - Juvigo Magazine","description":"Retrouvez ici tous les articles, vid\u00e9os, podcasts et r\u00e9f\u00e9rences dans la presse. Vous trouverez un aper\u00e7u de nos apparitions dans la presse.","robots":{"index":"noindex","follow":"follow"},"og_locale":"fr_FR","og_type":"article","og_title":"Revue de presse - Juvigo Magazine","og_description":"Retrouvez ici tous les articles, vid\u00e9os, podcasts et r\u00e9f\u00e9rences dans la presse. Vous trouverez un aper\u00e7u de nos apparitions dans la presse.","og_url":"https:\/\/juvigo.fr\/magazine\/revue-de-presse\/","og_site_name":"Magazine","article_publisher":"https:\/\/de-de.facebook.com\/meinjuvigo","article_modified_time":"2023-09-07T10:22:09+00:00","og_image":[{"width":1920,"height":1280,"url":"https:\/\/juvigo.fr\/magazine\/wp-content\/uploads\/2022\/04\/presse-header.jpeg","type":"image\/jpeg"}],"twitter_card":"summary_large_image","twitter_site":"@meinjuvigo","twitter_misc":{"Est. reading time":"1 minute"},"schema":{"@context":"https:\/\/schema.org","@graph":[{"@type":"WebPage","@id":"https:\/\/juvigo.fr\/magazine\/revue-de-presse\/","url":"https:\/\/juvigo.fr\/magazine\/revue-de-presse\/","name":"Revue de presse - Juvigo Magazine","isPartOf":{"@id":"https:\/\/juvigo.fr\/magazine\/#website"},"primaryImageOfPage":{"@id":"https:\/\/juvigo.fr\/magazine\/revue-de-presse\/#primaryimage"},"image":{"@id":"https:\/\/juvigo.fr\/magazine\/revue-de-presse\/#primaryimage"},"thumbnailUrl":"https:\/\/juvigo.fr\/magazine\/wp-content\/uploads\/2022\/04\/presse-header.jpeg","datePublished":"2022-04-13T10:56:32+00:00","dateModified":"2023-09-07T10:22:09+00:00","description":"Retrouvez ici tous les articles, vid\u00e9os, podcasts et r\u00e9f\u00e9rences dans la presse. Vous trouverez un aper\u00e7u de nos apparitions dans la presse.","breadcrumb":{"@id":"https:\/\/juvigo.fr\/magazine\/revue-de-presse\/#breadcrumb"},"inLanguage":"fr","potentialAction":[{"@type":"ReadAction","target":["https:\/\/juvigo.fr\/magazine\/revue-de-presse\/"]}]},{"@type":"ImageObject","inLanguage":"fr","@id":"https:\/\/juvigo.fr\/magazine\/revue-de-presse\/#primaryimage","url":"https:\/\/juvigo.fr\/magazine\/wp-content\/uploads\/2022\/04\/presse-header.jpeg","contentUrl":"https:\/\/juvigo.fr\/magazine\/wp-content\/uploads\/2022\/04\/presse-header.jpeg","width":1920,"height":1280},{"@type":"BreadcrumbList","@id":"https:\/\/juvigo.fr\/magazine\/revue-de-presse\/#breadcrumb","itemListElement":[{"@type":"ListItem","position":1,"name":"Juvigo-Magazine","item":"https:\/\/juvigo.fr\/magazine\/"},{"@type":"ListItem","position":2,"name":"Revue de presse"}]},{"@type":"WebSite","@id":"https:\/\/juvigo.fr\/magazine\/#website","url":"https:\/\/juvigo.fr\/magazine\/","name":"Magazine","description":"Magazine Juvigo - Ton magazine sur les colonies de vacances et s\u00e9jours linguistiques.","publisher":{"@id":"https:\/\/juvigo.fr\/magazine\/#organization"},"potentialAction":[{"@type":"SearchAction","target":{"@type":"EntryPoint","urlTemplate":"https:\/\/juvigo.fr\/magazine\/?s={search_term_string}"},"query-input":{"@type":"PropertyValueSpecification","valueRequired":true,"valueName":"search_term_string"}}],"inLanguage":"fr"},{"@type":"Organization","@id":"https:\/\/juvigo.fr\/magazine\/#organization","name":"Juvigo GmbH","url":"https:\/\/juvigo.fr\/magazine\/","logo":{"@type":"ImageObject","inLanguage":"fr","@id":"https:\/\/juvigo.fr\/magazine\/#\/schema\/logo\/image\/","url":"https:\/\/juvigo.fr\/magazine\/wp-content\/uploads\/2022\/02\/magazine_logo_scaled.png","contentUrl":"https:\/\/juvigo.fr\/magazine\/wp-content\/uploads\/2022\/02\/magazine_logo_scaled.png","width":240,"height":100,"caption":"Juvigo GmbH"},"image":{"@id":"https:\/\/juvigo.fr\/magazine\/#\/schema\/logo\/image\/"},"sameAs":["https:\/\/de-de.facebook.com\/meinjuvigo","https:\/\/x.com\/meinjuvigo","http:\/\/instagram.com\/juvigo_de\/"]}]}},"wps_subtitle":"","coauthors":[],"author_meta":{"author_link":"https:\/\/juvigo.fr\/magazine\/author\/max\/","display_name":"Max"},"relative_dates":{"created":"Posted 4 years ago","modified":"Updated 3 years ago"},"absolute_dates":{"created":"Posted on 13-04-2022","modified":"Updated on 07-09-2023"},"absolute_dates_time":{"created":"Posted on 13-04-2022 12:56","modified":"Updated on 07-09-2023 12:22"},"featured_img_caption":"","featured_img":"https:\/\/juvigo.fr\/magazine\/wp-content\/uploads\/2022\/04\/presse-header.jpeg","series_order":"","_links":{"self":[{"href":"https:\/\/juvigo.fr\/magazine\/wp-json\/wp\/v2\/pages\/7841","targetHints":{"allow":["GET"]}}],"collection":[{"href":"https:\/\/juvigo.fr\/magazine\/wp-json\/wp\/v2\/pages"}],"about":[{"href":"https:\/\/juvigo.fr\/magazine\/wp-json\/wp\/v2\/types\/page"}],"author":[{"embeddable":true,"href":"https:\/\/juvigo.fr\/magazine\/wp-json\/wp\/v2\/users\/3"}],"replies":[{"embeddable":true,"href":"https:\/\/juvigo.fr\/magazine\/wp-json\/wp\/v2\/comments?post=7841"}],"version-history":[{"count":27,"href":"https:\/\/juvigo.fr\/magazine\/wp-json\/wp\/v2\/pages\/7841\/revisions"}],"predecessor-version":[{"id":8777,"href":"https:\/\/juvigo.fr\/magazine\/wp-json\/wp\/v2\/pages\/7841\/revisions\/8777"}],"wp:featuredmedia":[{"embeddable":true,"href":"https:\/\/juvigo.fr\/magazine\/wp-json\/wp\/v2\/media\/7843"}],"wp:attachment":[{"href":"https:\/\/juvigo.fr\/magazine\/wp-json\/wp\/v2\/media?parent=7841"}],"wp:term":[{"taxonomy":"category","embeddable":true,"href":"https:\/\/juvigo.fr\/magazine\/wp-json\/wp\/v2\/categories?post=7841"},{"taxonomy":"post_tag","embeddable":true,"href":"https:\/\/juvigo.fr\/magazine\/wp-json\/wp\/v2\/tags?post=7841"}],"curies":[{"name":"wp","href":"https:\/\/api.w.org\/{rel}","templated":true}]}}