{"id":7437,"date":"2021-12-08T10:43:28","date_gmt":"2021-12-08T09:43:28","guid":{"rendered":"https:\/\/juvigo.de\/magazin\/?page_id=7437"},"modified":"2025-10-07T17:20:26","modified_gmt":"2025-10-07T15:20:26","slug":"instagram-feed","status":"publish","type":"page","link":"https:\/\/juvigo.fr\/magazine\/instagram-feed\/","title":{"rendered":"Instagram-Feed"},"content":{"rendered":"\n<figure class=\"wp-block-gallery alignwide has-nested-images columns-default is-cropped wp-block-gallery-2 is-layout-flex wp-block-gallery-is-layout-flex\">\n<figure class=\"wp-block-image size-large\"><img decoding=\"async\" width=\"378\" height=\"419\" data-id=\"7693\" data-src=\"https:\/\/juvigo.fr\/magazine\/wp-content\/uploads\/2022\/01\/Bildschirmfoto-2022-01-19-um-10.23.22.png\" alt=\"\" class=\"wp-image-7693 lazyload\" src=\"data:image\/gif;base64,R0lGODlhAQABAAAAACH5BAEKAAEALAAAAAABAAEAAAICTAEAOw==\" style=\"--smush-placeholder-width: 378px; --smush-placeholder-aspect-ratio: 378\/419;\" \/><\/figure>\n\n\n\n<figure class=\"wp-block-image size-large\"><img decoding=\"async\" width=\"683\" height=\"632\" data-id=\"7689\" data-src=\"https:\/\/juvigo.fr\/magazine\/wp-content\/uploads\/2022\/01\/Bildschirmfoto-2022-01-19-um-10.21.17.png\" alt=\"\" class=\"wp-image-7689 lazyload\" src=\"data:image\/gif;base64,R0lGODlhAQABAAAAACH5BAEKAAEALAAAAAABAAEAAAICTAEAOw==\" style=\"--smush-placeholder-width: 683px; --smush-placeholder-aspect-ratio: 683\/632;\" \/><\/figure>\n\n\n\n<figure class=\"wp-block-image size-large\"><img decoding=\"async\" width=\"466\" height=\"433\" data-id=\"7688\" data-src=\"https:\/\/juvigo.fr\/magazine\/wp-content\/uploads\/2022\/01\/Bildschirmfoto-2022-01-19-um-10.19.32.png\" alt=\"\" class=\"wp-image-7688 lazyload\" src=\"data:image\/gif;base64,R0lGODlhAQABAAAAACH5BAEKAAEALAAAAAABAAEAAAICTAEAOw==\" style=\"--smush-placeholder-width: 466px; --smush-placeholder-aspect-ratio: 466\/433;\" \/><\/figure>\n\n\n\n<figure class=\"wp-block-image size-large\"><img decoding=\"async\" width=\"658\" height=\"641\" data-id=\"7653\" data-src=\"https:\/\/juvigo.fr\/magazine\/wp-content\/uploads\/2022\/01\/Bildschirmfoto-2022-01-13-um-10.38.47.png\" alt=\"\" class=\"wp-image-7653 lazyload\" src=\"data:image\/gif;base64,R0lGODlhAQABAAAAACH5BAEKAAEALAAAAAABAAEAAAICTAEAOw==\" style=\"--smush-placeholder-width: 658px; --smush-placeholder-aspect-ratio: 658\/641;\" \/><\/figure>\n\n\n\n<figure class=\"wp-block-image size-large\"><img decoding=\"async\" width=\"386\" height=\"405\" data-id=\"7643\" data-src=\"https:\/\/juvigo.fr\/magazine\/wp-content\/uploads\/2022\/01\/Bildschirmfoto-2022-01-13-um-09.45.26.png\" alt=\"\" class=\"wp-image-7643 lazyload\" src=\"data:image\/gif;base64,R0lGODlhAQABAAAAACH5BAEKAAEALAAAAAABAAEAAAICTAEAOw==\" style=\"--smush-placeholder-width: 386px; --smush-placeholder-aspect-ratio: 386\/405;\" \/><\/figure>\n\n\n\n<figure class=\"wp-block-image size-large\"><img decoding=\"async\" width=\"842\" height=\"847\" data-id=\"7649\" data-src=\"https:\/\/juvigo.fr\/magazine\/wp-content\/uploads\/2022\/01\/Bildschirmfoto-2022-01-13-um-10.34.22.png\" alt=\"\" class=\"wp-image-7649 lazyload\" src=\"data:image\/gif;base64,R0lGODlhAQABAAAAACH5BAEKAAEALAAAAAABAAEAAAICTAEAOw==\" style=\"--smush-placeholder-width: 842px; --smush-placeholder-aspect-ratio: 842\/847;\" \/><\/figure>\n\n\n\n<figure class=\"wp-block-image size-large\"><img decoding=\"async\" width=\"458\" height=\"471\" data-id=\"7646\" data-src=\"https:\/\/juvigo.fr\/magazine\/wp-content\/uploads\/2022\/01\/Bildschirmfoto-2022-01-13-um-10.00.41.png\" alt=\"\" class=\"wp-image-7646 lazyload\" src=\"data:image\/gif;base64,R0lGODlhAQABAAAAACH5BAEKAAEALAAAAAABAAEAAAICTAEAOw==\" style=\"--smush-placeholder-width: 458px; --smush-placeholder-aspect-ratio: 458\/471;\" \/><\/figure>\n\n\n\n<figure class=\"wp-block-image size-large\"><img decoding=\"async\" width=\"800\" height=\"533\" data-id=\"7620\" data-src=\"https:\/\/juvigo.fr\/magazine\/wp-content\/uploads\/2022\/01\/segelcamp-bodensee-kinder.jpeg\" alt=\"\" class=\"wp-image-7620 lazyload\" src=\"data:image\/gif;base64,R0lGODlhAQABAAAAACH5BAEKAAEALAAAAAABAAEAAAICTAEAOw==\" style=\"--smush-placeholder-width: 800px; --smush-placeholder-aspect-ratio: 800\/533;\" \/><\/figure>\n\n\n\n<figure class=\"wp-block-image size-large\"><img decoding=\"async\" width=\"640\" height=\"426\" data-id=\"7617\" data-src=\"https:\/\/juvigo.fr\/magazine\/wp-content\/uploads\/2022\/01\/new-years-eve-1283521_640.jpg\" alt=\"\" class=\"wp-image-7617 lazyload\" src=\"data:image\/gif;base64,R0lGODlhAQABAAAAACH5BAEKAAEALAAAAAABAAEAAAICTAEAOw==\" style=\"--smush-placeholder-width: 640px; --smush-placeholder-aspect-ratio: 640\/426;\" \/><\/figure>\n\n\n\n<figure class=\"wp-block-image size-large\"><img decoding=\"async\" width=\"706\" height=\"692\" data-id=\"7614\" data-src=\"https:\/\/juvigo.fr\/magazine\/wp-content\/uploads\/2022\/01\/Bildschirmfoto-2022-01-05-um-14.15.42.png\" alt=\"\" class=\"wp-image-7614 lazyload\" src=\"data:image\/gif;base64,R0lGODlhAQABAAAAACH5BAEKAAEALAAAAAABAAEAAAICTAEAOw==\" style=\"--smush-placeholder-width: 706px; --smush-placeholder-aspect-ratio: 706\/692;\" \/><\/figure>\n\n\n\n<figure class=\"wp-block-image size-large\"><img decoding=\"async\" width=\"670\" height=\"646\" data-id=\"7611\" data-src=\"https:\/\/juvigo.fr\/magazine\/wp-content\/uploads\/2022\/01\/Bildschirmfoto-2022-01-05-um-14.13.32.png\" alt=\"\" class=\"wp-image-7611 lazyload\" src=\"data:image\/gif;base64,R0lGODlhAQABAAAAACH5BAEKAAEALAAAAAABAAEAAAICTAEAOw==\" style=\"--smush-placeholder-width: 670px; --smush-placeholder-aspect-ratio: 670\/646;\" \/><\/figure>\n\n\n\n<figure class=\"wp-block-image size-large\"><img decoding=\"async\" width=\"636\" height=\"688\" data-id=\"7609\" data-src=\"https:\/\/juvigo.fr\/magazine\/wp-content\/uploads\/2022\/01\/Bildschirmfoto-2022-01-05-um-14.11.44.png\" alt=\"\" class=\"wp-image-7609 lazyload\" src=\"data:image\/gif;base64,R0lGODlhAQABAAAAACH5BAEKAAEALAAAAAABAAEAAAICTAEAOw==\" style=\"--smush-placeholder-width: 636px; --smush-placeholder-aspect-ratio: 636\/688;\" \/><\/figure>\n\n\n\n<figure class=\"wp-block-image size-large\"><img decoding=\"async\" width=\"862\" height=\"694\" data-id=\"7607\" data-src=\"https:\/\/juvigo.fr\/magazine\/wp-content\/uploads\/2022\/01\/Bildschirmfoto-2022-01-05-um-14.08.33-1.png\" alt=\"\" class=\"wp-image-7607 lazyload\" src=\"data:image\/gif;base64,R0lGODlhAQABAAAAACH5BAEKAAEALAAAAAABAAEAAAICTAEAOw==\" style=\"--smush-placeholder-width: 862px; --smush-placeholder-aspect-ratio: 862\/694;\" \/><\/figure>\n\n\n\n<figure class=\"wp-block-image size-large\"><img decoding=\"async\" width=\"1920\" height=\"1279\" data-id=\"7601\" data-src=\"https:\/\/juvigo.fr\/magazine\/wp-content\/uploads\/2022\/01\/star-2973672_1920-1.jpg\" alt=\"\" class=\"wp-image-7601 lazyload\" src=\"data:image\/gif;base64,R0lGODlhAQABAAAAACH5BAEKAAEALAAAAAABAAEAAAICTAEAOw==\" style=\"--smush-placeholder-width: 1920px; --smush-placeholder-aspect-ratio: 1920\/1279;\" \/><\/figure>\n\n\n\n<figure class=\"wp-block-image size-large\"><img decoding=\"async\" width=\"4000\" height=\"3000\" data-id=\"7598\" data-src=\"https:\/\/juvigo.fr\/magazine\/wp-content\/uploads\/2022\/01\/anton-konstantinov-OqHIW0UUEoQ-unsplash.jpg\" alt=\"\" class=\"wp-image-7598 lazyload\" src=\"data:image\/gif;base64,R0lGODlhAQABAAAAACH5BAEKAAEALAAAAAABAAEAAAICTAEAOw==\" style=\"--smush-placeholder-width: 4000px; --smush-placeholder-aspect-ratio: 4000\/3000;\" \/><\/figure>\n\n\n\n<figure class=\"wp-block-image size-large\"><img decoding=\"async\" width=\"884\" height=\"889\" data-id=\"7496\" data-src=\"https:\/\/juvigo.fr\/magazine\/wp-content\/uploads\/2021\/12\/Bildschirmfoto-2021-12-16-um-11.03.03-1.png\" alt=\"\" class=\"wp-image-7496 lazyload\" src=\"data:image\/gif;base64,R0lGODlhAQABAAAAACH5BAEKAAEALAAAAAABAAEAAAICTAEAOw==\" style=\"--smush-placeholder-width: 884px; --smush-placeholder-aspect-ratio: 884\/889;\" \/><\/figure>\n\n\n\n<figure class=\"wp-block-image size-large\"><img decoding=\"async\" width=\"818\" height=\"812\" data-id=\"7490\" data-src=\"https:\/\/juvigo.fr\/magazine\/wp-content\/uploads\/2021\/12\/Bildschirmfoto-2021-12-15-um-09.13.44.png\" alt=\"\" class=\"wp-image-7490 lazyload\" src=\"data:image\/gif;base64,R0lGODlhAQABAAAAACH5BAEKAAEALAAAAAABAAEAAAICTAEAOw==\" style=\"--smush-placeholder-width: 818px; --smush-placeholder-aspect-ratio: 818\/812;\" \/><\/figure>\n\n\n\n<figure class=\"wp-block-image size-large\"><img decoding=\"async\" width=\"818\" height=\"760\" data-id=\"7486\" data-src=\"https:\/\/juvigo.fr\/magazine\/wp-content\/uploads\/2021\/12\/Bildschirmfoto-2021-12-15-um-09.10.03.png\" alt=\"\" class=\"wp-image-7486 lazyload\" src=\"data:image\/gif;base64,R0lGODlhAQABAAAAACH5BAEKAAEALAAAAAABAAEAAAICTAEAOw==\" style=\"--smush-placeholder-width: 818px; --smush-placeholder-aspect-ratio: 818\/760;\" \/><\/figure>\n\n\n\n<figure class=\"wp-block-image size-large\"><img decoding=\"async\" width=\"750\" height=\"742\" data-id=\"7465\" data-src=\"https:\/\/juvigo.fr\/magazine\/wp-content\/uploads\/2021\/12\/Bildschirmfoto-2021-12-08-um-16.32.27-1.png\" alt=\"photo filles dans un champ en colonie de vacances 2023 2024 belgique\" class=\"wp-image-7465 lazyload\" src=\"data:image\/gif;base64,R0lGODlhAQABAAAAACH5BAEKAAEALAAAAAABAAEAAAICTAEAOw==\" style=\"--smush-placeholder-width: 750px; --smush-placeholder-aspect-ratio: 750\/742;\" \/><\/figure>\n\n\n\n<figure class=\"wp-block-image size-large\"><img decoding=\"async\" width=\"1430\" height=\"1429\" data-id=\"7236\" data-src=\"https:\/\/juvigo.fr\/magazine\/wp-content\/uploads\/2021\/11\/aaron-burden-xtIYGB0KEqc-unsplash.jpg\" alt=\"\" class=\"wp-image-7236 lazyload\" src=\"data:image\/gif;base64,R0lGODlhAQABAAAAACH5BAEKAAEALAAAAAABAAEAAAICTAEAOw==\" style=\"--smush-placeholder-width: 1430px; --smush-placeholder-aspect-ratio: 1430\/1429;\" \/><\/figure>\n\n\n\n<figure class=\"wp-block-image size-large\"><img decoding=\"async\" width=\"1251\" height=\"1247\" data-id=\"7235\" data-src=\"https:\/\/juvigo.fr\/magazine\/wp-content\/uploads\/2021\/11\/chris-benson-6o0BDI1vvc8-unsplash.jpg\" alt=\"\" class=\"wp-image-7235 lazyload\" src=\"data:image\/gif;base64,R0lGODlhAQABAAAAACH5BAEKAAEALAAAAAABAAEAAAICTAEAOw==\" style=\"--smush-placeholder-width: 1251px; --smush-placeholder-aspect-ratio: 1251\/1247;\" \/><\/figure>\n\n\n\n<figure class=\"wp-block-image size-large\"><img decoding=\"async\" width=\"1940\" height=\"1941\" data-id=\"7234\" data-src=\"https:\/\/juvigo.fr\/magazine\/wp-content\/uploads\/2021\/11\/designecologist-_0zj80fmxQs-unsplash.jpg\" alt=\"\" class=\"wp-image-7234 lazyload\" src=\"data:image\/gif;base64,R0lGODlhAQABAAAAACH5BAEKAAEALAAAAAABAAEAAAICTAEAOw==\" style=\"--smush-placeholder-width: 1940px; --smush-placeholder-aspect-ratio: 1940\/1941;\" \/><\/figure>\n\n\n\n<figure class=\"wp-block-image size-large\"><img decoding=\"async\" width=\"3500\" height=\"2333\" data-id=\"7232\" data-src=\"https:\/\/juvigo.fr\/magazine\/wp-content\/uploads\/2021\/11\/markus-spiske-WUsrcGukaQM-unsplash.jpg\" alt=\"\" class=\"wp-image-7232 lazyload\" src=\"data:image\/gif;base64,R0lGODlhAQABAAAAACH5BAEKAAEALAAAAAABAAEAAAICTAEAOw==\" style=\"--smush-placeholder-width: 3500px; --smush-placeholder-aspect-ratio: 3500\/2333;\" \/><\/figure>\n\n\n\n<figure class=\"wp-block-image size-large\"><img decoding=\"async\" width=\"1000\" height=\"1000\" data-id=\"7231\" data-src=\"https:\/\/juvigo.fr\/magazine\/wp-content\/uploads\/2021\/11\/black-friday-angebot_final.jpg\" alt=\"\" class=\"wp-image-7231 lazyload\" src=\"data:image\/gif;base64,R0lGODlhAQABAAAAACH5BAEKAAEALAAAAAABAAEAAAICTAEAOw==\" style=\"--smush-placeholder-width: 1000px; --smush-placeholder-aspect-ratio: 1000\/1000;\" \/><\/figure>\n\n\n\n<figure class=\"wp-block-image size-large\"><img decoding=\"async\" width=\"1555\" height=\"1556\" data-id=\"7230\" data-src=\"https:\/\/juvigo.fr\/magazine\/wp-content\/uploads\/2021\/11\/spikeball-ESlJNsYwIwM-unsplash.jpg\" alt=\"\" class=\"wp-image-7230 lazyload\" src=\"data:image\/gif;base64,R0lGODlhAQABAAAAACH5BAEKAAEALAAAAAABAAEAAAICTAEAOw==\" style=\"--smush-placeholder-width: 1555px; --smush-placeholder-aspect-ratio: 1555\/1556;\" \/><\/figure>\n\n\n\n<figure class=\"wp-block-image size-large\"><img decoding=\"async\" width=\"2526\" height=\"2527\" data-id=\"7226\" data-src=\"https:\/\/juvigo.fr\/magazine\/wp-content\/uploads\/2021\/11\/maarten-duineveld-2QNDSPCSzCI-unsplash.jpg\" alt=\"\" class=\"wp-image-7226 lazyload\" src=\"data:image\/gif;base64,R0lGODlhAQABAAAAACH5BAEKAAEALAAAAAABAAEAAAICTAEAOw==\" style=\"--smush-placeholder-width: 2526px; --smush-placeholder-aspect-ratio: 2526\/2527;\" \/><\/figure>\n\n\n\n<figure class=\"wp-block-image size-large\"><img decoding=\"async\" width=\"506\" height=\"506\" data-id=\"7225\" data-src=\"https:\/\/juvigo.fr\/magazine\/wp-content\/uploads\/2021\/11\/golf-sprachreise-training.jpeg\" alt=\"\" class=\"wp-image-7225 lazyload\" src=\"data:image\/gif;base64,R0lGODlhAQABAAAAACH5BAEKAAEALAAAAAABAAEAAAICTAEAOw==\" style=\"--smush-placeholder-width: 506px; --smush-placeholder-aspect-ratio: 506\/506;\" \/><\/figure>\n\n\n\n<figure class=\"wp-block-image size-large\"><img decoding=\"async\" width=\"399\" height=\"401\" data-id=\"7217\" data-src=\"https:\/\/juvigo.fr\/magazine\/wp-content\/uploads\/2021\/11\/ski-und-snowboard-camp-jump.jpeg\" alt=\"\" class=\"wp-image-7217 lazyload\" src=\"data:image\/gif;base64,R0lGODlhAQABAAAAACH5BAEKAAEALAAAAAABAAEAAAICTAEAOw==\" style=\"--smush-placeholder-width: 399px; --smush-placeholder-aspect-ratio: 399\/401;\" \/><\/figure>\n\n\n\n<figure class=\"wp-block-image size-large\"><img decoding=\"async\" width=\"86\" height=\"78\" data-id=\"7656\" data-src=\"https:\/\/juvigo.fr\/magazine\/wp-content\/uploads\/2022\/01\/Bildschirmfoto-2022-01-13-um-10.40.52.png\" alt=\"\" class=\"wp-image-7656 lazyload\" src=\"data:image\/gif;base64,R0lGODlhAQABAAAAACH5BAEKAAEALAAAAAABAAEAAAICTAEAOw==\" style=\"--smush-placeholder-width: 86px; --smush-placeholder-aspect-ratio: 86\/78;\" \/><\/figure>\n\n\n\n<figure class=\"wp-block-image size-large\"><img decoding=\"async\" width=\"86\" height=\"78\" data-id=\"7659\" data-src=\"https:\/\/juvigo.fr\/magazine\/wp-content\/uploads\/2022\/01\/Bildschirmfoto-2022-01-13-um-10.40.52-1.png\" alt=\"\" class=\"wp-image-7659 lazyload\" src=\"data:image\/gif;base64,R0lGODlhAQABAAAAACH5BAEKAAEALAAAAAABAAEAAAICTAEAOw==\" style=\"--smush-placeholder-width: 86px; --smush-placeholder-aspect-ratio: 86\/78;\" \/><\/figure>\n<\/figure>\n\n\n\n<p><\/p>\n","protected":false},"excerpt":{"rendered":"","protected":false},"author":12,"featured_media":7444,"parent":0,"menu_order":0,"comment_status":"closed","ping_status":"closed","template":"","meta":{"advgb_blocks_editor_width":"","advgb_blocks_columns_visual_guide":"","footnotes":"","_links_to":"","_links_to_target":""},"categories":[],"tags":[],"class_list":["post-7437","page","type-page","status-publish","has-post-thumbnail","hentry"],"yoast_head":"<!-- This site is optimized with the Yoast SEO plugin v24.8.1 - https:\/\/yoast.com\/wordpress\/plugins\/seo\/ -->\n<title>Instagram-Feed - Juvigo Magazine<\/title>\n<meta name=\"description\" content=\"D\u00e9couvrez notre s\u00e9lection de photos inspirantes de s\u00e9jours : sports, nature, d\u00e9couvertes et moments conviviaux gr\u00e2ce aux colonies Juvigo.\" \/>\n<meta name=\"robots\" content=\"index, follow, max-snippet:-1, max-image-preview:large, max-video-preview:-1\" \/>\n<link rel=\"canonical\" href=\"https:\/\/juvigo.fr\/magazine\/instagram-feed\/\" \/>\n<meta property=\"og:locale\" content=\"fr_FR\" \/>\n<meta property=\"og:type\" content=\"article\" \/>\n<meta property=\"og:title\" content=\"Instagram-Feed - Juvigo Magazine\" \/>\n<meta property=\"og:description\" content=\"D\u00e9couvrez notre s\u00e9lection de photos inspirantes de s\u00e9jours : sports, nature, d\u00e9couvertes et moments conviviaux gr\u00e2ce aux colonies Juvigo.\" \/>\n<meta property=\"og:url\" content=\"https:\/\/juvigo.fr\/magazine\/instagram-feed\/\" \/>\n<meta property=\"og:site_name\" content=\"Magazine\" \/>\n<meta property=\"article:publisher\" content=\"https:\/\/de-de.facebook.com\/meinjuvigo\" \/>\n<meta property=\"article:modified_time\" content=\"2025-10-07T15:20:26+00:00\" \/>\n<meta property=\"og:image\" content=\"https:\/\/juvigo.fr\/magazine\/wp-content\/uploads\/2021\/12\/instagram-blue_magazin.jpg\" \/>\n\t<meta property=\"og:image:width\" content=\"600\" \/>\n\t<meta property=\"og:image:height\" content=\"600\" \/>\n\t<meta property=\"og:image:type\" content=\"image\/jpeg\" \/>\n<meta name=\"twitter:card\" content=\"summary_large_image\" \/>\n<meta name=\"twitter:site\" content=\"@meinjuvigo\" \/>\n<meta name=\"twitter:label1\" content=\"Est. reading time\" \/>\n\t<meta name=\"twitter:data1\" content=\"7 minutes\" \/>\n<script type=\"application\/ld+json\" class=\"yoast-schema-graph\">{\"@context\":\"https:\/\/schema.org\",\"@graph\":[{\"@type\":\"WebPage\",\"@id\":\"https:\/\/juvigo.fr\/magazine\/instagram-feed\/\",\"url\":\"https:\/\/juvigo.fr\/magazine\/instagram-feed\/\",\"name\":\"Instagram-Feed - Juvigo Magazine\",\"isPartOf\":{\"@id\":\"https:\/\/juvigo.fr\/magazine\/#website\"},\"primaryImageOfPage\":{\"@id\":\"https:\/\/juvigo.fr\/magazine\/instagram-feed\/#primaryimage\"},\"image\":{\"@id\":\"https:\/\/juvigo.fr\/magazine\/instagram-feed\/#primaryimage\"},\"thumbnailUrl\":\"https:\/\/juvigo.fr\/magazine\/wp-content\/uploads\/2021\/12\/instagram-blue_magazin.jpg\",\"datePublished\":\"2021-12-08T09:43:28+00:00\",\"dateModified\":\"2025-10-07T15:20:26+00:00\",\"description\":\"D\u00e9couvrez notre s\u00e9lection de photos inspirantes de s\u00e9jours : sports, nature, d\u00e9couvertes et moments conviviaux gr\u00e2ce aux colonies Juvigo.\",\"breadcrumb\":{\"@id\":\"https:\/\/juvigo.fr\/magazine\/instagram-feed\/#breadcrumb\"},\"inLanguage\":\"fr\",\"potentialAction\":[{\"@type\":\"ReadAction\",\"target\":[\"https:\/\/juvigo.fr\/magazine\/instagram-feed\/\"]}]},{\"@type\":\"ImageObject\",\"inLanguage\":\"fr\",\"@id\":\"https:\/\/juvigo.fr\/magazine\/instagram-feed\/#primaryimage\",\"url\":\"https:\/\/juvigo.fr\/magazine\/wp-content\/uploads\/2021\/12\/instagram-blue_magazin.jpg\",\"contentUrl\":\"https:\/\/juvigo.fr\/magazine\/wp-content\/uploads\/2021\/12\/instagram-blue_magazin.jpg\",\"width\":600,\"height\":600},{\"@type\":\"BreadcrumbList\",\"@id\":\"https:\/\/juvigo.fr\/magazine\/instagram-feed\/#breadcrumb\",\"itemListElement\":[{\"@type\":\"ListItem\",\"position\":1,\"name\":\"Juvigo-Magazine\",\"item\":\"https:\/\/juvigo.fr\/magazine\/\"},{\"@type\":\"ListItem\",\"position\":2,\"name\":\"Instagram-Feed\"}]},{\"@type\":\"WebSite\",\"@id\":\"https:\/\/juvigo.fr\/magazine\/#website\",\"url\":\"https:\/\/juvigo.fr\/magazine\/\",\"name\":\"Magazine\",\"description\":\"Magazine Juvigo - Ton magazine sur les colonies de vacances et s\u00e9jours linguistiques.\",\"publisher\":{\"@id\":\"https:\/\/juvigo.fr\/magazine\/#organization\"},\"potentialAction\":[{\"@type\":\"SearchAction\",\"target\":{\"@type\":\"EntryPoint\",\"urlTemplate\":\"https:\/\/juvigo.fr\/magazine\/?s={search_term_string}\"},\"query-input\":{\"@type\":\"PropertyValueSpecification\",\"valueRequired\":true,\"valueName\":\"search_term_string\"}}],\"inLanguage\":\"fr\"},{\"@type\":\"Organization\",\"@id\":\"https:\/\/juvigo.fr\/magazine\/#organization\",\"name\":\"Juvigo GmbH\",\"url\":\"https:\/\/juvigo.fr\/magazine\/\",\"logo\":{\"@type\":\"ImageObject\",\"inLanguage\":\"fr\",\"@id\":\"https:\/\/juvigo.fr\/magazine\/#\/schema\/logo\/image\/\",\"url\":\"https:\/\/juvigo.fr\/magazine\/wp-content\/uploads\/2022\/02\/magazine_logo_scaled.png\",\"contentUrl\":\"https:\/\/juvigo.fr\/magazine\/wp-content\/uploads\/2022\/02\/magazine_logo_scaled.png\",\"width\":240,\"height\":100,\"caption\":\"Juvigo GmbH\"},\"image\":{\"@id\":\"https:\/\/juvigo.fr\/magazine\/#\/schema\/logo\/image\/\"},\"sameAs\":[\"https:\/\/de-de.facebook.com\/meinjuvigo\",\"https:\/\/x.com\/meinjuvigo\",\"http:\/\/instagram.com\/juvigo_de\/\"]}]}<\/script>\n<!-- \/ Yoast SEO plugin. -->","yoast_head_json":{"title":"Instagram-Feed - Juvigo Magazine","description":"D\u00e9couvrez notre s\u00e9lection de photos inspirantes de s\u00e9jours : sports, nature, d\u00e9couvertes et moments conviviaux gr\u00e2ce aux colonies Juvigo.","robots":{"index":"index","follow":"follow","max-snippet":"max-snippet:-1","max-image-preview":"max-image-preview:large","max-video-preview":"max-video-preview:-1"},"canonical":"https:\/\/juvigo.fr\/magazine\/instagram-feed\/","og_locale":"fr_FR","og_type":"article","og_title":"Instagram-Feed - Juvigo Magazine","og_description":"D\u00e9couvrez notre s\u00e9lection de photos inspirantes de s\u00e9jours : sports, nature, d\u00e9couvertes et moments conviviaux gr\u00e2ce aux colonies Juvigo.","og_url":"https:\/\/juvigo.fr\/magazine\/instagram-feed\/","og_site_name":"Magazine","article_publisher":"https:\/\/de-de.facebook.com\/meinjuvigo","article_modified_time":"2025-10-07T15:20:26+00:00","og_image":[{"width":600,"height":600,"url":"https:\/\/juvigo.fr\/magazine\/wp-content\/uploads\/2021\/12\/instagram-blue_magazin.jpg","type":"image\/jpeg"}],"twitter_card":"summary_large_image","twitter_site":"@meinjuvigo","twitter_misc":{"Est. reading time":"7 minutes"},"schema":{"@context":"https:\/\/schema.org","@graph":[{"@type":"WebPage","@id":"https:\/\/juvigo.fr\/magazine\/instagram-feed\/","url":"https:\/\/juvigo.fr\/magazine\/instagram-feed\/","name":"Instagram-Feed - Juvigo Magazine","isPartOf":{"@id":"https:\/\/juvigo.fr\/magazine\/#website"},"primaryImageOfPage":{"@id":"https:\/\/juvigo.fr\/magazine\/instagram-feed\/#primaryimage"},"image":{"@id":"https:\/\/juvigo.fr\/magazine\/instagram-feed\/#primaryimage"},"thumbnailUrl":"https:\/\/juvigo.fr\/magazine\/wp-content\/uploads\/2021\/12\/instagram-blue_magazin.jpg","datePublished":"2021-12-08T09:43:28+00:00","dateModified":"2025-10-07T15:20:26+00:00","description":"D\u00e9couvrez notre s\u00e9lection de photos inspirantes de s\u00e9jours : sports, nature, d\u00e9couvertes et moments conviviaux gr\u00e2ce aux colonies Juvigo.","breadcrumb":{"@id":"https:\/\/juvigo.fr\/magazine\/instagram-feed\/#breadcrumb"},"inLanguage":"fr","potentialAction":[{"@type":"ReadAction","target":["https:\/\/juvigo.fr\/magazine\/instagram-feed\/"]}]},{"@type":"ImageObject","inLanguage":"fr","@id":"https:\/\/juvigo.fr\/magazine\/instagram-feed\/#primaryimage","url":"https:\/\/juvigo.fr\/magazine\/wp-content\/uploads\/2021\/12\/instagram-blue_magazin.jpg","contentUrl":"https:\/\/juvigo.fr\/magazine\/wp-content\/uploads\/2021\/12\/instagram-blue_magazin.jpg","width":600,"height":600},{"@type":"BreadcrumbList","@id":"https:\/\/juvigo.fr\/magazine\/instagram-feed\/#breadcrumb","itemListElement":[{"@type":"ListItem","position":1,"name":"Juvigo-Magazine","item":"https:\/\/juvigo.fr\/magazine\/"},{"@type":"ListItem","position":2,"name":"Instagram-Feed"}]},{"@type":"WebSite","@id":"https:\/\/juvigo.fr\/magazine\/#website","url":"https:\/\/juvigo.fr\/magazine\/","name":"Magazine","description":"Magazine Juvigo - Ton magazine sur les colonies de vacances et s\u00e9jours linguistiques.","publisher":{"@id":"https:\/\/juvigo.fr\/magazine\/#organization"},"potentialAction":[{"@type":"SearchAction","target":{"@type":"EntryPoint","urlTemplate":"https:\/\/juvigo.fr\/magazine\/?s={search_term_string}"},"query-input":{"@type":"PropertyValueSpecification","valueRequired":true,"valueName":"search_term_string"}}],"inLanguage":"fr"},{"@type":"Organization","@id":"https:\/\/juvigo.fr\/magazine\/#organization","name":"Juvigo GmbH","url":"https:\/\/juvigo.fr\/magazine\/","logo":{"@type":"ImageObject","inLanguage":"fr","@id":"https:\/\/juvigo.fr\/magazine\/#\/schema\/logo\/image\/","url":"https:\/\/juvigo.fr\/magazine\/wp-content\/uploads\/2022\/02\/magazine_logo_scaled.png","contentUrl":"https:\/\/juvigo.fr\/magazine\/wp-content\/uploads\/2022\/02\/magazine_logo_scaled.png","width":240,"height":100,"caption":"Juvigo GmbH"},"image":{"@id":"https:\/\/juvigo.fr\/magazine\/#\/schema\/logo\/image\/"},"sameAs":["https:\/\/de-de.facebook.com\/meinjuvigo","https:\/\/x.com\/meinjuvigo","http:\/\/instagram.com\/juvigo_de\/"]}]}},"wps_subtitle":"","coauthors":[],"author_meta":{"author_link":"https:\/\/juvigo.fr\/magazine\/author\/patricia-2\/","display_name":"Patricia Schaal"},"relative_dates":{"created":"Posted 4 years ago","modified":"Updated 7 months ago"},"absolute_dates":{"created":"Posted on 08-12-2021","modified":"Updated on 07-10-2025"},"absolute_dates_time":{"created":"Posted on 08-12-2021 10:43","modified":"Updated on 07-10-2025 17:20"},"featured_img_caption":"","featured_img":"https:\/\/juvigo.fr\/magazine\/wp-content\/uploads\/2021\/12\/instagram-blue_magazin.jpg","series_order":"","_links":{"self":[{"href":"https:\/\/juvigo.fr\/magazine\/wp-json\/wp\/v2\/pages\/7437","targetHints":{"allow":["GET"]}}],"collection":[{"href":"https:\/\/juvigo.fr\/magazine\/wp-json\/wp\/v2\/pages"}],"about":[{"href":"https:\/\/juvigo.fr\/magazine\/wp-json\/wp\/v2\/types\/page"}],"author":[{"embeddable":true,"href":"https:\/\/juvigo.fr\/magazine\/wp-json\/wp\/v2\/users\/12"}],"replies":[{"embeddable":true,"href":"https:\/\/juvigo.fr\/magazine\/wp-json\/wp\/v2\/comments?post=7437"}],"version-history":[{"count":24,"href":"https:\/\/juvigo.fr\/magazine\/wp-json\/wp\/v2\/pages\/7437\/revisions"}],"predecessor-version":[{"id":11121,"href":"https:\/\/juvigo.fr\/magazine\/wp-json\/wp\/v2\/pages\/7437\/revisions\/11121"}],"wp:featuredmedia":[{"embeddable":true,"href":"https:\/\/juvigo.fr\/magazine\/wp-json\/wp\/v2\/media\/7444"}],"wp:attachment":[{"href":"https:\/\/juvigo.fr\/magazine\/wp-json\/wp\/v2\/media?parent=7437"}],"wp:term":[{"taxonomy":"category","embeddable":true,"href":"https:\/\/juvigo.fr\/magazine\/wp-json\/wp\/v2\/categories?post=7437"},{"taxonomy":"post_tag","embeddable":true,"href":"https:\/\/juvigo.fr\/magazine\/wp-json\/wp\/v2\/tags?post=7437"}],"curies":[{"name":"wp","href":"https:\/\/api.w.org\/{rel}","templated":true}]}}